{"id":6678,"date":"2022-03-24T10:49:35","date_gmt":"2022-03-24T10:49:35","guid":{"rendered":"https:\/\/www.afibmatters.org\/vad-behover-jag-veta\/hur-kanns-det-att-ha-formaksflimmer\/hjartfladder\/"},"modified":"2022-03-24T10:49:35","modified_gmt":"2022-03-24T10:49:35","slug":"hjartfladder","status":"publish","type":"page","link":"https:\/\/www.afibmatters.org\/sv\/vad-behover-jag-veta\/hur-kanns-det-att-ha-formaksflimmer\/hjartfladder\/","title":{"rendered":"Hj\u00e4rtfladder"},"content":{"rendered":"<p><img loading=\"lazy\" decoding=\"async\" class=\"alignnone wp-image-6373 size-full\" src=\"https:\/\/cdn-endpoint-afib.azureedge.net\/afibmatters\/2022\/03\/shutterstock_1292580628-1-min.jpg?_t=1646320255\" alt=\"\" width=\"900\" height=\"600\" srcset=\"https:\/\/cdn-endpoint-afib.azureedge.net\/afibmatters\/2022\/03\/shutterstock_1292580628-1-min.jpg 900w, https:\/\/cdn-endpoint-afib.azureedge.net\/afibmatters\/2022\/03\/shutterstock_1292580628-1-min-300x200.jpg 300w, https:\/\/cdn-endpoint-afib.azureedge.net\/afibmatters\/2022\/03\/shutterstock_1292580628-1-min-768x512.jpg 768w, https:\/\/cdn-endpoint-afib.azureedge.net\/afibmatters\/2022\/03\/shutterstock_1292580628-1-min-500x333.jpg 500w\" sizes=\"auto, (max-width: 900px) 100vw, 900px\" \/><\/p>\n<p>En fladdrande k\u00e4nsla i br\u00f6stet \u00e4r n\u00e4r hj\u00e4rtat sl\u00e5r mycket snabbt, vilket ibland beskrivs som hj\u00e4rtrusning. Det kan f\u00f6rorsaka andn\u00f6d, br\u00f6stsm\u00e4rtor och yrsel. Om du ofta upplever en snabb hj\u00e4rtfrekvens b\u00f6r du fundera p\u00e5 om det r\u00f6r sig om ett mer allvarligt tillst\u00e5nd.<\/p>\n<p>En snabb hj\u00e4rtfrekvens (som ofta kallas takykardi av sjukv\u00e5rdspersonal) definieras vanligtvis som n\u00e4r ditt hj\u00e4rta sl\u00e5r snabbare \u00e4n 100 slag per minut. I vanliga fall, och beroende p\u00e5 din kondition, sl\u00e5r hj\u00e4rtat snabbare n\u00e4r du tr\u00e4nar och hj\u00e4rtslagen saktas gradvis ned n\u00e4r du vilar efter n\u00e5gra minuter.<\/p>\n<p>Om du m\u00e4rker att ditt hj\u00e4rta sl\u00e5r snabbt under vila, eller h\u00f6gre \u00e4n genomsnittet under tr\u00e4ning eller anstr\u00e4ngning, beh\u00f6ver du boka en tid hos din husl\u00e4kare f\u00f6r en mer ing\u00e5ende diskussion om dessa symtom. Din l\u00e4kare kan be dig att f\u00f6ra journal \u00f6ver n\u00e4r dessa incidenter med snabb hj\u00e4rtfrekvens intr\u00e4ffar. Om en hj\u00e4rtarytmi, som t.ex. f\u00f6rmaksflimmer misst\u00e4nks, kommer din l\u00e4kare f\u00f6rmodligen att boka in dig f\u00f6r en m\u00e4tning av vilo-EKG (elektrokardiogram) eller l\u00e5ngtids-EKG (genom en b\u00e4rbar EKG-m\u00e4tare).<\/p>\n<p>Om resultaten fr\u00e5n unders\u00f6kningarna visar att du lider av f\u00f6rmaksflimmer, kan din l\u00e4kare besluta att skriva ut l\u00e4kemedel som behandlar dina symtom, i synnerhet om de \u00e5tf\u00f6ljs av br\u00f6stsm\u00e4rta eller obehag.<\/p>\n<p>P\u00e5 grund av risken f\u00f6r blodproppar, som potentiellt kan leda till strokeanfall, kan du ocks\u00e5 ordineras ett blodf\u00f6rtunnande medel (\u00e4ven k\u00e4nt som ett <a href=\"https:\/\/www.afibmatters.org\/what-can-my-doctor-do\/how-to-prevent-stroke\/\">antikoagulantia<\/a>).<\/p>\n<p>I m\u00e5nga fall kan f\u00f6rmaksflimmer hanteras med hj\u00e4lp av l\u00e4mplig medicinering. I vissa fall kan det dock kr\u00e4vas ytterligare behandling i form av medicinska ingrepp, inklusive kardioversion och ablation.<\/p>\n<p>Om du vill veta mer om dessa ingrepp klickar du p\u00e5 l\u00e4nken till f\u00f6ljande sidor: <a href=\"https:\/\/www.afibmatters.org\/what-can-my-doctor-do\/what-is-a-cardioversion\/\">\u201dVad \u00e4r kardioversion?\u201d<\/a> och <a href=\"https:\/\/www.afibmatters.org\/what-can-my-doctor-do\/atrial-fibrillation-ablation\/\">\u201dVad \u00e4r ablation?\u201d<\/a>.<\/p>\n<p>Om du f\u00e5r diagnosen f\u00f6rmaksflimmer av din l\u00e4kare och ordineras l\u00e4mplig medicinering, kommer du f\u00f6rmodligen att uppt\u00e4cka att dina symtom, som t.ex. hj\u00e4rtklappning, bultande\/rusande hj\u00e4rta och\/eller oregelbundna hj\u00e4rtslag, avtar snabbt eller \u00f6ver tid.<\/p>\n<p>Om ditt tillst\u00e5nd kr\u00e4ver att kardioversion och ablation genomf\u00f6rs och detta sker med framg\u00e5ngsrikt resultat, kommer du ocks\u00e5 att uppt\u00e4cka att dessa symtom sannolikt kommer att f\u00f6rsvinna efter ingreppet.<\/p>\n","protected":false},"excerpt":{"rendered":"<p>En fladdrande k\u00e4nsla i br\u00f6stet \u00e4r n\u00e4r hj\u00e4rtat sl\u00e5r mycket snabbt, vilket ibland beskrivs som hj\u00e4rtrusning. Det kan f\u00f6rorsaka andn\u00f6d, br\u00f6stsm\u00e4rtor och yrsel. Om du ofta upplever en snabb hj\u00e4rtfrekvens b\u00f6r du fundera p\u00e5 om det r\u00f6r sig om ett mer allvarligt tillst\u00e5nd. En snabb hj\u00e4rtfrekvens (som ofta kallas takykardi av sjukv\u00e5rdspersonal) definieras vanligtvis som [&hellip;]<\/p>\n","protected":false},"author":1,"featured_media":0,"parent":1444,"menu_order":6,"comment_status":"closed","ping_status":"closed","template":"","meta":{"_acf_changed":false,"footnotes":""},"categories":[54],"tags":[],"class_list":["post-6678","page","type-page","status-publish","hentry","category-vad-behover-jag-veta"],"acf":[],"_links":{"self":[{"href":"https:\/\/www.afibmatters.org\/sv\/wp-json\/wp\/v2\/pages\/6678","targetHints":{"allow":["GET"]}}],"collection":[{"href":"https:\/\/www.afibmatters.org\/sv\/wp-json\/wp\/v2\/pages"}],"about":[{"href":"https:\/\/www.afibmatters.org\/sv\/wp-json\/wp\/v2\/types\/page"}],"author":[{"embeddable":true,"href":"https:\/\/www.afibmatters.org\/sv\/wp-json\/wp\/v2\/users\/1"}],"replies":[{"embeddable":true,"href":"https:\/\/www.afibmatters.org\/sv\/wp-json\/wp\/v2\/comments?post=6678"}],"version-history":[{"count":0,"href":"https:\/\/www.afibmatters.org\/sv\/wp-json\/wp\/v2\/pages\/6678\/revisions"}],"up":[{"embeddable":true,"href":"https:\/\/www.afibmatters.org\/sv\/wp-json\/wp\/v2\/pages\/1444"}],"wp:attachment":[{"href":"https:\/\/www.afibmatters.org\/sv\/wp-json\/wp\/v2\/media?parent=6678"}],"wp:term":[{"taxonomy":"category","embeddable":true,"href":"https:\/\/www.afibmatters.org\/sv\/wp-json\/wp\/v2\/categories?post=6678"},{"taxonomy":"post_tag","embeddable":true,"href":"https:\/\/www.afibmatters.org\/sv\/wp-json\/wp\/v2\/tags?post=6678"}],"curies":[{"name":"wp","href":"https:\/\/api.w.org\/{rel}","templated":true}]}}