{"id":2901,"date":"2020-06-05T10:14:13","date_gmt":"2020-06-05T09:14:13","guid":{"rendered":"https:\/\/www.afibmatters.org\/anvandbara-lankar\/"},"modified":"2024-03-04T09:52:52","modified_gmt":"2024-03-04T09:52:52","slug":"anvandbara-lankar","status":"publish","type":"page","link":"https:\/\/www.afibmatters.org\/sv\/anvandbara-lankar\/","title":{"rendered":"Anv\u00e4ndbara l\u00e4nkar"},"content":{"rendered":"<h3><a href=\"https:\/\/www.escardio.org\/Sub-specialty-communities\/European-Heart-Rhythm-Association-(EHRA)\/Advocacy\/find-my-ep\" target=\"_blank\" rel=\"noopener\">Hitta min specialist<\/a><\/h3>\n<p>Bl\u00e4ddra i EHRA:s register med EP-specialister.<\/p>\n<p>&nbsp;<\/p>\n<h3><a href=\"https:\/\/www.myrhythmdevice.org\/\" target=\"_blank\" rel=\"noopener\">www.MyRhythmDevice.org<\/a><\/h3>\n<p>Bes\u00f6k EHRA:s webbplats f\u00f6r patienter med implanterade hj\u00e4rtapparater.<\/p>\n<p>&nbsp;<\/p>\n<h3><a href=\"https:\/\/www.healthy-heart.org\" target=\"_blank\" rel=\"noopener noreferrer\">www.Healthy-Heart.org<\/a><\/h3>\n<p>Tillf\u00f6rlitliga svar och r\u00e5d till patienter om hur de kan skydda sitt hj\u00e4rta tillhandah\u00e5lls av European Society of Cardiology.<\/p>\n<p>&nbsp;<\/p>\n<h3><a href=\"https:\/\/www.heartfailurematters.org\" target=\"_blank\" rel=\"noopener noreferrer\">www.HeartFailureMatters.org<\/a><\/h3>\n<p>Praktisk information om hj\u00e4rtsvikt f\u00f6r patienter, familjer och v\u00e5rdare tillhandah\u00e5lls av Heart Failure Association of the European Society of Cardiology.<\/p>\n<p>&nbsp;<\/p>\n<h3><a href=\"https:\/\/www.heartrhythmalliance.org\/aa\/uk\/news\/coronavirus-information-uk\" target=\"_blank\" rel=\"noopener noreferrer\">www.HeartRhythmAlliance.org<\/a><\/h3>\n<p>Arrhythmia Alliance och dess ideella systerorganisationer (AF Association och STARS \u2013 Syncope Trust) har utvecklat s\u00e4rskilda covid-19-resurser f\u00f6r patienter och sjukv\u00e5rdspersonal som ett komplement till sina befintliga resurser f\u00f6r alla typer av hj\u00e4rtrytmrubbningar, behandlingar och hantering, specifikt f\u00f6r AF och Syncope.<\/p>\n<p>&nbsp;<\/p>\n<h3><a href=\"https:\/\/www.escardio.org\/Sub-specialty-communities\/European-Heart-Rhythm-Association-(EHRA)\/Advocacy\/pulse-day\" target=\"_blank\" rel=\"noopener\">Pulsdagen<\/a><\/h3>\n<p>Globala arytmidagen<\/p>\n<p>&nbsp;<\/p>\n","protected":false},"excerpt":{"rendered":"<p>Hitta min specialist Bl\u00e4ddra i EHRA:s register med EP-specialister. &nbsp; www.MyRhythmDevice.org Bes\u00f6k EHRA:s webbplats f\u00f6r patienter med implanterade hj\u00e4rtapparater. &nbsp; www.Healthy-Heart.org Tillf\u00f6rlitliga svar och r\u00e5d till patienter om hur de kan skydda sitt hj\u00e4rta tillhandah\u00e5lls av European Society of Cardiology. &nbsp; www.HeartFailureMatters.org Praktisk information om hj\u00e4rtsvikt f\u00f6r patienter, familjer och v\u00e5rdare tillhandah\u00e5lls av Heart Failure [&hellip;]<\/p>\n","protected":false},"author":1,"featured_media":0,"parent":0,"menu_order":0,"comment_status":"closed","ping_status":"closed","template":"","meta":{"_acf_changed":false,"footnotes":""},"categories":[],"tags":[],"class_list":["post-2901","page","type-page","status-publish","hentry"],"acf":[],"_links":{"self":[{"href":"https:\/\/www.afibmatters.org\/sv\/wp-json\/wp\/v2\/pages\/2901","targetHints":{"allow":["GET"]}}],"collection":[{"href":"https:\/\/www.afibmatters.org\/sv\/wp-json\/wp\/v2\/pages"}],"about":[{"href":"https:\/\/www.afibmatters.org\/sv\/wp-json\/wp\/v2\/types\/page"}],"author":[{"embeddable":true,"href":"https:\/\/www.afibmatters.org\/sv\/wp-json\/wp\/v2\/users\/1"}],"replies":[{"embeddable":true,"href":"https:\/\/www.afibmatters.org\/sv\/wp-json\/wp\/v2\/comments?post=2901"}],"version-history":[{"count":5,"href":"https:\/\/www.afibmatters.org\/sv\/wp-json\/wp\/v2\/pages\/2901\/revisions"}],"predecessor-version":[{"id":9102,"href":"https:\/\/www.afibmatters.org\/sv\/wp-json\/wp\/v2\/pages\/2901\/revisions\/9102"}],"wp:attachment":[{"href":"https:\/\/www.afibmatters.org\/sv\/wp-json\/wp\/v2\/media?parent=2901"}],"wp:term":[{"taxonomy":"category","embeddable":true,"href":"https:\/\/www.afibmatters.org\/sv\/wp-json\/wp\/v2\/categories?post=2901"},{"taxonomy":"post_tag","embeddable":true,"href":"https:\/\/www.afibmatters.org\/sv\/wp-json\/wp\/v2\/tags?post=2901"}],"curies":[{"name":"wp","href":"https:\/\/api.w.org\/{rel}","templated":true}]}}