{"id":1618,"date":"2020-03-03T12:01:18","date_gmt":"2020-03-03T12:01:18","guid":{"rendered":"https:\/\/www.afibmatters.org\/sekretesspolicy\/"},"modified":"2022-01-14T14:58:56","modified_gmt":"2022-01-14T14:58:56","slug":"sekretesspolicy","status":"publish","type":"page","link":"https:\/\/www.afibmatters.org\/sv\/sekretesspolicy\/","title":{"rendered":"Sekretesspolicy"},"content":{"rendered":"<p>European Society of Cardiology (ESC) str\u00e4var efter att skydda din integritet online. Vi anv\u00e4nder den information vi samlar in som hj\u00e4lp f\u00f6r att f\u00f6rst\u00e5 mer om hur v\u00e5r webbplats anv\u00e4nds och f\u00f6rb\u00e4ttra webbplatsen utifr\u00e5n detta.<\/p>\n<p>L\u00e4s igenom f\u00f6ljande policy f\u00f6r att f\u00f6rst\u00e5 hur informationen hanteras. Denna policy kan \u00e4ndras fr\u00e5n tid till annan s\u00e5 l\u00e4s den igen regelbundet.<\/p>\n<h3>Vilken information samlar ESC in?<\/h3>\n<p>ESC samlar in f\u00f6ljande information om bes\u00f6kare p\u00e5 v\u00e5r webbplats: information om vilka sidor som bes\u00f6ks och n\u00e4r samt information som du l\u00e4mnar frivilligt (t.ex. enk\u00e4tsvar).<\/p>\n<h3>Hur anv\u00e4nder ESC denna information?<\/h3>\n<p>ESC anv\u00e4nder den information vi samlar in som hj\u00e4lp f\u00f6r att f\u00f6rst\u00e5 mer om hur v\u00e5r webbplats anv\u00e4nds och f\u00f6rb\u00e4ttra webbplatsen utifr\u00e5n detta.<\/p>\n<p>ESC kan ibland g\u00f6ra anonymiserad information (t.ex. enk\u00e4tsvar) tillg\u00e4nglig f\u00f6r tredje part.<\/p>\n<h3>Vilka s\u00e4kerhets\u00e5tg\u00e4rder finns p\u00e5 plats f\u00f6r att skydda mot f\u00f6rlust, missbruk eller manipulation av information?<\/h3>\n<p>Tyv\u00e4rr g\u00e5r det inte att garantera att data\u00f6verf\u00f6ringar via internet \u00e4r 100 % s\u00e4kra. ESC kan inte s\u00e4kerst\u00e4lla eller garantera s\u00e4kerheten f\u00f6r n\u00e5gon information som du \u00f6verf\u00f6r till oss, och du g\u00f6r detta p\u00e5 egen risk. N\u00e4r vi har tagit emot den \u00f6verf\u00f6rda informationen g\u00f6r vi v\u00e5rt b\u00e4sta f\u00f6r att s\u00e4kerst\u00e4lla att den \u00e4r skyddad i v\u00e5ra system.<\/p>\n<h3>Anv\u00e4ndning av cookies<\/h3>\n<p>Cookies \u00e4r bitar av information som \u00f6verf\u00f6rs fr\u00e5n en webbplats till datorns h\u00e5rddisk i registreringssyfte. Det \u00e4r sm\u00e5 textfiler som kan anv\u00e4ndas f\u00f6r att k\u00e4nna igen \u00e5terkommande bes\u00f6kare p\u00e5 en webbplats och underl\u00e4tta l\u00f6pande tillg\u00e5ng till, och anv\u00e4ndning av, webbplatsen. De utg\u00f6r inget hot mot din dator eller dina filer. Anv\u00e4ndningen av cookies \u00e4r standard i branschen och de anv\u00e4nds p\u00e5 m\u00e5nga webbplatser f\u00f6r att tillhandah\u00e5lla anv\u00e4ndbara funktioner. Anv\u00e4ndare identifieras inte av cookies i och av sig sj\u00e4lva, men datorer identifieras av dem. De flesta webbl\u00e4sare \u00e4r inst\u00e4llda p\u00e5 att acceptera cookies. Du kan st\u00e4lla in att cookies inte ska accepteras p\u00e5 din dator.<\/p>\n<p><!-- OneTrust Cookies Settings button start --><br \/>\n<button id=\"ot-sdk-btn\" class=\"ot-sdk-show-settings\">Cookie Settings<\/button><br \/>\n<!-- OneTrust Cookies Settings button end --><\/p>\n<p><!-- OneTrust Cookies List start --><\/p>\n<div id=\"ot-sdk-cookie-policy\"><\/div>\n<p><!-- OneTrust Cookies List end --><\/p>\n","protected":false},"excerpt":{"rendered":"<p>European Society of Cardiology (ESC) str\u00e4var efter att skydda din integritet online. Vi anv\u00e4nder den information vi samlar in som hj\u00e4lp f\u00f6r att f\u00f6rst\u00e5 mer om hur v\u00e5r webbplats anv\u00e4nds och f\u00f6rb\u00e4ttra webbplatsen utifr\u00e5n detta. L\u00e4s igenom f\u00f6ljande policy f\u00f6r att f\u00f6rst\u00e5 hur informationen hanteras. Denna policy kan \u00e4ndras fr\u00e5n tid till annan s\u00e5 l\u00e4s [&hellip;]<\/p>\n","protected":false},"author":1,"featured_media":0,"parent":0,"menu_order":0,"comment_status":"closed","ping_status":"open","template":"","meta":{"_acf_changed":false,"footnotes":""},"categories":[],"tags":[],"class_list":["post-1618","page","type-page","status-publish","hentry"],"acf":[],"_links":{"self":[{"href":"https:\/\/www.afibmatters.org\/sv\/wp-json\/wp\/v2\/pages\/1618","targetHints":{"allow":["GET"]}}],"collection":[{"href":"https:\/\/www.afibmatters.org\/sv\/wp-json\/wp\/v2\/pages"}],"about":[{"href":"https:\/\/www.afibmatters.org\/sv\/wp-json\/wp\/v2\/types\/page"}],"author":[{"embeddable":true,"href":"https:\/\/www.afibmatters.org\/sv\/wp-json\/wp\/v2\/users\/1"}],"replies":[{"embeddable":true,"href":"https:\/\/www.afibmatters.org\/sv\/wp-json\/wp\/v2\/comments?post=1618"}],"version-history":[{"count":3,"href":"https:\/\/www.afibmatters.org\/sv\/wp-json\/wp\/v2\/pages\/1618\/revisions"}],"predecessor-version":[{"id":5504,"href":"https:\/\/www.afibmatters.org\/sv\/wp-json\/wp\/v2\/pages\/1618\/revisions\/5504"}],"wp:attachment":[{"href":"https:\/\/www.afibmatters.org\/sv\/wp-json\/wp\/v2\/media?parent=1618"}],"wp:term":[{"taxonomy":"category","embeddable":true,"href":"https:\/\/www.afibmatters.org\/sv\/wp-json\/wp\/v2\/categories?post=1618"},{"taxonomy":"post_tag","embeddable":true,"href":"https:\/\/www.afibmatters.org\/sv\/wp-json\/wp\/v2\/tags?post=1618"}],"curies":[{"name":"wp","href":"https:\/\/api.w.org\/{rel}","templated":true}]}}