{"id":1612,"date":"2020-03-03T12:01:13","date_gmt":"2020-03-03T12:01:13","guid":{"rendered":"https:\/\/www.afibmatters.org\/formaksflimmer\/"},"modified":"2025-04-22T14:00:27","modified_gmt":"2025-04-22T13:00:27","slug":"formaksflimmer","status":"publish","type":"page","link":"https:\/\/www.afibmatters.org\/sv\/","title":{"rendered":"F\u00f6rmaksflimmer"},"content":{"rendered":"<p>V\u00e4lkommen till afibmatters.org \u2013 din allt-i-ett-resurs f\u00f6r allt som har med f\u00f6rmaksflimmer att g\u00f6ra.<\/p>\n","protected":false},"excerpt":{"rendered":"<p>V\u00e4lkommen till afibmatters.org \u2013 din allt-i-ett-resurs f\u00f6r allt som har med f\u00f6rmaksflimmer att g\u00f6ra.<\/p>\n","protected":false},"author":1,"featured_media":792,"parent":0,"menu_order":1,"comment_status":"closed","ping_status":"closed","template":"templates\/home.php","meta":{"_acf_changed":false,"footnotes":""},"categories":[],"tags":[],"class_list":["post-1612","page","type-page","status-publish","has-post-thumbnail","hentry"],"acf":[],"_links":{"self":[{"href":"https:\/\/www.afibmatters.org\/sv\/wp-json\/wp\/v2\/pages\/1612","targetHints":{"allow":["GET"]}}],"collection":[{"href":"https:\/\/www.afibmatters.org\/sv\/wp-json\/wp\/v2\/pages"}],"about":[{"href":"https:\/\/www.afibmatters.org\/sv\/wp-json\/wp\/v2\/types\/page"}],"author":[{"embeddable":true,"href":"https:\/\/www.afibmatters.org\/sv\/wp-json\/wp\/v2\/users\/1"}],"replies":[{"embeddable":true,"href":"https:\/\/www.afibmatters.org\/sv\/wp-json\/wp\/v2\/comments?post=1612"}],"version-history":[{"count":13,"href":"https:\/\/www.afibmatters.org\/sv\/wp-json\/wp\/v2\/pages\/1612\/revisions"}],"predecessor-version":[{"id":9661,"href":"https:\/\/www.afibmatters.org\/sv\/wp-json\/wp\/v2\/pages\/1612\/revisions\/9661"}],"wp:featuredmedia":[{"embeddable":true,"href":"https:\/\/www.afibmatters.org\/sv\/wp-json\/wp\/v2\/media\/792"}],"wp:attachment":[{"href":"https:\/\/www.afibmatters.org\/sv\/wp-json\/wp\/v2\/media?parent=1612"}],"wp:term":[{"taxonomy":"category","embeddable":true,"href":"https:\/\/www.afibmatters.org\/sv\/wp-json\/wp\/v2\/categories?post=1612"},{"taxonomy":"post_tag","embeddable":true,"href":"https:\/\/www.afibmatters.org\/sv\/wp-json\/wp\/v2\/tags?post=1612"}],"curies":[{"name":"wp","href":"https:\/\/api.w.org\/{rel}","templated":true}]}}