{"id":1491,"date":"2020-03-03T11:56:59","date_gmt":"2020-03-03T11:56:59","guid":{"rendered":"https:\/\/www.afibmatters.org\/vad-kan-min-lakare-gora\/kontrollera-hjartfrekvensen-frekvenskontroll\/"},"modified":"2020-04-03T23:32:30","modified_gmt":"2020-04-03T22:32:30","slug":"kontrollera-hjartfrekvensen-frekvenskontroll","status":"publish","type":"page","link":"https:\/\/www.afibmatters.org\/sv\/vad-kan-min-lakare-gora\/kontrollera-hjartfrekvensen-frekvenskontroll\/","title":{"rendered":"Kontrollera hj\u00e4rtfrekvensen (frekvenskontroll)"},"content":{"rendered":"<p><img loading=\"lazy\" decoding=\"async\" class=\"alignnone size-large wp-image-917\" src=\"https:\/\/cdn-endpoint-afib.azureedge.net\/afibmatters\/2020\/01\/shutterstock_1057509995-1024x692.jpg\" alt=\"\" width=\"1024\" height=\"692\" srcset=\"https:\/\/cdn-endpoint-afib.azureedge.net\/afibmatters\/2020\/01\/shutterstock_1057509995-1024x692.jpg 1024w, https:\/\/cdn-endpoint-afib.azureedge.net\/afibmatters\/2020\/01\/shutterstock_1057509995-300x203.jpg 300w, https:\/\/cdn-endpoint-afib.azureedge.net\/afibmatters\/2020\/01\/shutterstock_1057509995-768x519.jpg 768w, https:\/\/cdn-endpoint-afib.azureedge.net\/afibmatters\/2020\/01\/shutterstock_1057509995-1536x1039.jpg 1536w, https:\/\/cdn-endpoint-afib.azureedge.net\/afibmatters\/2020\/01\/shutterstock_1057509995-2048x1385.jpg 2048w, https:\/\/cdn-endpoint-afib.azureedge.net\/afibmatters\/2020\/01\/shutterstock_1057509995-500x338.jpg 500w\" sizes=\"auto, (max-width: 1024px) 100vw, 1024px\" \/><\/p>\n<p>Frekvenskontroll inneb\u00e4r att du och din l\u00e4kare har kommit \u00f6verens om att acceptera f\u00f6rmaksflimmer som tillst\u00e5nd, men du kan beh\u00f6va kontrollera hj\u00e4rtfrekvensen (slag per minut) f\u00f6r att undvika symtom.<\/p>\n<p>Att kontrollera hj\u00e4rtfrekvensen \u00e4r behandlingsalternativet n\u00e4r din l\u00e4kare inte kunde \u00e5terst\u00e4lla normal rytm (misslyckat f\u00f6rs\u00f6k), eller l\u00e4karen anser att det p\u00e5 grund av ditt underliggande hj\u00e4rttillst\u00e5nd \u00e4r n\u00e4stan om\u00f6jligt att \u00e5terst\u00e4lla normal sinusrytm.<\/p>\n<ul>\n<li>\n<h3>Med l\u00e4kemedel<\/h3>\n<\/li>\n<\/ul>\n<p>Din l\u00e4kare kan f\u00f6rskriva l\u00e4kemedel f\u00f6r att normalisera din hj\u00e4rtfrekvens (70-110 slag per minut i vila).<\/p>\n<p>Beroende p\u00e5 dina symtom kan l\u00e4karen v\u00e4lja strikt frekvenskontroll (h\u00e5lla hj\u00e4rtfrekvensen runt 70-90 slag per minut i vila) eller mild frekvenskontroll (h\u00e5lla hj\u00e4rtfrekvensen runt 100-110 slag per minut i vila).<\/p>\n<p>L\u00e4kemedel som kan anv\u00e4ndas f\u00f6r att kontrollera din puls \u00e4r:<\/p>\n<ul>\n<li><strong>Betablockerare:<\/strong> Dessa l\u00e4kemedel reglerar hj\u00e4rtfrekvensen vid vila och under aktivitet. De \u00e4r vanligtvis f\u00f6rstahandsvalet oavsett underliggande hj\u00e4rtsjukdom.<\/li>\n<li><strong>Kalciumblockerare:<\/strong> Dessa l\u00e4kemedel kontrollerar ocks\u00e5 din puls, men kan beh\u00f6va undvikas om du har hj\u00e4rtsvikt eller l\u00e5gt blodtryck.<\/li>\n<li><strong>Digoxin:<\/strong> Detta l\u00e4kemedel kontrollerar hj\u00e4rtfrekvensen vid vila, men inte under aktivitet. Det kan l\u00e4ggas till betablockerare, eller mindre ofta till kalciumkanalblockerare, om en enda behandling inte s\u00e4nkte hj\u00e4rtfrekvensen tillr\u00e4ckligt.<\/li>\n<\/ul>\n<p>&nbsp;<\/p>\n<ul>\n<li><a href=\"https:\/\/www.afibmatters.org\/sv\/vad-kan-min-lakare-gora\/ablation-av-formaksflimmer\/\">Med ablation<\/a><\/li>\n<\/ul>\n<p>&nbsp;<\/p>\n<p><a href=\"https:\/\/www.afibmatters.org\/sv\/vad-kan-jag-gora\/hur-bor-jag-forandra-mitt-liv\/\"><strong>L\u00e4s mer om: &#8220;Hur b\u00f6r jag f\u00f6r\u00e4ndra mitt liv?\u201d<\/strong><\/a><\/p>\n<p>&nbsp;<\/p>\n","protected":false},"excerpt":{"rendered":"<p>Frekvenskontroll inneb\u00e4r att du och din l\u00e4kare har kommit \u00f6verens om att acceptera f\u00f6rmaksflimmer som tillst\u00e5nd, men du kan beh\u00f6va kontrollera hj\u00e4rtfrekvensen (slag per minut) f\u00f6r att undvika symtom. Att kontrollera hj\u00e4rtfrekvensen \u00e4r behandlingsalternativet n\u00e4r din l\u00e4kare inte kunde \u00e5terst\u00e4lla normal rytm (misslyckat f\u00f6rs\u00f6k), eller l\u00e4karen anser att det p\u00e5 grund av ditt underliggande hj\u00e4rttillst\u00e5nd [&hellip;]<\/p>\n","protected":false},"author":1,"featured_media":0,"parent":1479,"menu_order":16,"comment_status":"closed","ping_status":"closed","template":"","meta":{"_acf_changed":false,"footnotes":""},"categories":[62],"tags":[],"class_list":["post-1491","page","type-page","status-publish","hentry","category-vad-kan-min-lakare-gora"],"acf":[],"_links":{"self":[{"href":"https:\/\/www.afibmatters.org\/sv\/wp-json\/wp\/v2\/pages\/1491","targetHints":{"allow":["GET"]}}],"collection":[{"href":"https:\/\/www.afibmatters.org\/sv\/wp-json\/wp\/v2\/pages"}],"about":[{"href":"https:\/\/www.afibmatters.org\/sv\/wp-json\/wp\/v2\/types\/page"}],"author":[{"embeddable":true,"href":"https:\/\/www.afibmatters.org\/sv\/wp-json\/wp\/v2\/users\/1"}],"replies":[{"embeddable":true,"href":"https:\/\/www.afibmatters.org\/sv\/wp-json\/wp\/v2\/comments?post=1491"}],"version-history":[{"count":3,"href":"https:\/\/www.afibmatters.org\/sv\/wp-json\/wp\/v2\/pages\/1491\/revisions"}],"predecessor-version":[{"id":2393,"href":"https:\/\/www.afibmatters.org\/sv\/wp-json\/wp\/v2\/pages\/1491\/revisions\/2393"}],"up":[{"embeddable":true,"href":"https:\/\/www.afibmatters.org\/sv\/wp-json\/wp\/v2\/pages\/1479"}],"wp:attachment":[{"href":"https:\/\/www.afibmatters.org\/sv\/wp-json\/wp\/v2\/media?parent=1491"}],"wp:term":[{"taxonomy":"category","embeddable":true,"href":"https:\/\/www.afibmatters.org\/sv\/wp-json\/wp\/v2\/categories?post=1491"},{"taxonomy":"post_tag","embeddable":true,"href":"https:\/\/www.afibmatters.org\/sv\/wp-json\/wp\/v2\/tags?post=1491"}],"curies":[{"name":"wp","href":"https:\/\/api.w.org\/{rel}","templated":true}]}}