{"id":1415,"date":"2020-03-03T11:56:39","date_gmt":"2020-03-03T11:56:39","guid":{"rendered":"https:\/\/www.afibmatters.org\/vad-ar-formaksflimmer\/hjartat-vid-formaksflimmer\/"},"modified":"2022-01-26T12:00:52","modified_gmt":"2022-01-26T12:00:52","slug":"hjartat-vid-formaksflimmer","status":"publish","type":"page","link":"https:\/\/www.afibmatters.org\/sv\/vad-ar-formaksflimmer\/hjartat-vid-formaksflimmer\/","title":{"rendered":"Hj\u00e4rtat vid f\u00f6rmaksflimmer"},"content":{"rendered":"<p>F\u00f6rmaksflimmer \u00e4r en hj\u00e4rtrytmrubbning som startar ifr\u00e5n v\u00e4nster f\u00f6rmak och som orsakar en oregelbunden och snabb hj\u00e4rtrytm. P\u00e5 grund av en oregelbunden och snabb aktivering av f\u00f6rmak\u00a0 minskas som p\u00e5f\u00f6ljd dess sammandragning som orsakar ett l\u00e5ngsammare eller till och med stagnerande blodfl\u00f6de.<\/p>\n<p><img loading=\"lazy\" decoding=\"async\" class=\"alignnone wp-image-5692 size-large\" src=\"https:\/\/cdn-endpoint-afib.azureedge.net\/afibmatters\/2022\/01\/Asset-20afib-SWE-1536x1001-min-1024x667.jpg?_t=1643198446\" alt=\"\" width=\"1024\" height=\"667\" srcset=\"https:\/\/cdn-endpoint-afib.azureedge.net\/afibmatters\/2022\/01\/Asset-20afib-SWE-1536x1001-min-1024x667.jpg 1024w, https:\/\/cdn-endpoint-afib.azureedge.net\/afibmatters\/2022\/01\/Asset-20afib-SWE-1536x1001-min-300x196.jpg 300w, https:\/\/cdn-endpoint-afib.azureedge.net\/afibmatters\/2022\/01\/Asset-20afib-SWE-1536x1001-min-768x501.jpg 768w, https:\/\/cdn-endpoint-afib.azureedge.net\/afibmatters\/2022\/01\/Asset-20afib-SWE-1536x1001-min-500x326.jpg 500w, https:\/\/cdn-endpoint-afib.azureedge.net\/afibmatters\/2022\/01\/Asset-20afib-SWE-1536x1001-min.jpg 1536w\" sizes=\"auto, (max-width: 1024px) 100vw, 1024px\" \/><\/p>\n<p>&nbsp;<\/p>\n","protected":false},"excerpt":{"rendered":"<p>F\u00f6rmaksflimmer \u00e4r en hj\u00e4rtrytmrubbning som startar ifr\u00e5n v\u00e4nster f\u00f6rmak och som orsakar en oregelbunden och snabb hj\u00e4rtrytm. P\u00e5 grund av en oregelbunden och snabb aktivering av f\u00f6rmak\u00a0 minskas som p\u00e5f\u00f6ljd dess sammandragning som orsakar ett l\u00e5ngsammare eller till och med stagnerande blodfl\u00f6de. &nbsp;<\/p>\n","protected":false},"author":1,"featured_media":0,"parent":1399,"menu_order":4,"comment_status":"closed","ping_status":"closed","template":"","meta":{"_acf_changed":false,"footnotes":""},"categories":[48],"tags":[],"class_list":["post-1415","page","type-page","status-publish","hentry","category-vad-ar-formaksflimmer"],"acf":[],"_links":{"self":[{"href":"https:\/\/www.afibmatters.org\/sv\/wp-json\/wp\/v2\/pages\/1415","targetHints":{"allow":["GET"]}}],"collection":[{"href":"https:\/\/www.afibmatters.org\/sv\/wp-json\/wp\/v2\/pages"}],"about":[{"href":"https:\/\/www.afibmatters.org\/sv\/wp-json\/wp\/v2\/types\/page"}],"author":[{"embeddable":true,"href":"https:\/\/www.afibmatters.org\/sv\/wp-json\/wp\/v2\/users\/1"}],"replies":[{"embeddable":true,"href":"https:\/\/www.afibmatters.org\/sv\/wp-json\/wp\/v2\/comments?post=1415"}],"version-history":[{"count":4,"href":"https:\/\/www.afibmatters.org\/sv\/wp-json\/wp\/v2\/pages\/1415\/revisions"}],"predecessor-version":[{"id":5704,"href":"https:\/\/www.afibmatters.org\/sv\/wp-json\/wp\/v2\/pages\/1415\/revisions\/5704"}],"up":[{"embeddable":true,"href":"https:\/\/www.afibmatters.org\/sv\/wp-json\/wp\/v2\/pages\/1399"}],"wp:attachment":[{"href":"https:\/\/www.afibmatters.org\/sv\/wp-json\/wp\/v2\/media?parent=1415"}],"wp:term":[{"taxonomy":"category","embeddable":true,"href":"https:\/\/www.afibmatters.org\/sv\/wp-json\/wp\/v2\/categories?post=1415"},{"taxonomy":"post_tag","embeddable":true,"href":"https:\/\/www.afibmatters.org\/sv\/wp-json\/wp\/v2\/tags?post=1415"}],"curies":[{"name":"wp","href":"https:\/\/api.w.org\/{rel}","templated":true}]}}