{"id":1399,"date":"2020-03-03T11:56:35","date_gmt":"2020-03-03T11:56:35","guid":{"rendered":"https:\/\/www.afibmatters.org\/vad-ar-formaksflimmer\/"},"modified":"2021-08-03T15:05:13","modified_gmt":"2021-08-03T14:05:13","slug":"vad-ar-formaksflimmer","status":"publish","type":"page","link":"https:\/\/www.afibmatters.org\/sv\/vad-ar-formaksflimmer\/","title":{"rendered":"Vad \u00e4r f\u00f6rmaksflimmer?"},"content":{"rendered":"<p>F\u00f6rmaksflimmer \u00e4r ett tillst\u00e5nd i hj\u00e4rtat som orsakar en oregelbunden och ofta onormalt snabb puls. En normal vilopuls b\u00f6r vara regelbunden och mellan 60 och 100 slag per minut, men patienter med f\u00f6rmaksflimmer kan ofta ha en vilopuls p\u00e5 100 till 120 slag per minut eller \u00e4nnu h\u00f6gre i vissa fall.<\/p>\n<p>F\u00f6rmaksflimmer \u00e4r den vanligast f\u00f6rekommande hj\u00e4rtrytmrubbningen och drabbar cirka 1 % av befolkningen. Det \u00e4r s\u00e4llsynt att unga m\u00e4nniskor utvecklar f\u00f6rmaksflimmer, men cirka 5 % av alla \u00f6ver 65 \u00e5r och 10 % av alla \u00f6ver 80 \u00e5r \u00e4r drabbade av tillst\u00e5ndet.<\/p>\n<p>&nbsp;<\/p>\n<h2>Normal hj\u00e4rtrytm<\/h2>\n<p>Vid ett normalt hj\u00e4rtslag dras hj\u00e4rtats v\u00e4ggar ihop sig f\u00f6r att tvinga ut blod ur hj\u00e4rtat och ut i blodomloppet. N\u00e4r hj\u00e4rtmuskeln slappnar fylls hj\u00e4rtat med blod igen &#8211; samma process upprepas varje g\u00e5ng hj\u00e4rtat sl\u00e5r.<\/p>\n<p>&nbsp;<\/p>\n<h2>S\u00e5 p\u00e5verkar f\u00f6rmaksflimmer hj\u00e4rtat<\/h2>\n<p>F\u00f6rmaksflimmer intr\u00e4ffar n\u00e4r onormala elektriska impulser pl\u00f6tsligt i hj\u00e4rtats \u00f6vre h\u00e5lrum (f\u00f6rmaken). Det g\u00f6r att f\u00f6rmaken drar ihop sig oregelbundet och ibland f\u00f6r snabbt f\u00f6r att hj\u00e4rtmuskeln ska kunna slappna av ordentligt mellan sammandragningarna \u2013 vilket minskar hj\u00e4rtats prestanda och effektivitet.<\/p>\n<p>Orsakerna till f\u00f6rmaksflimmer \u00e4r inte helt k\u00e4nda och \u00e4ven om det vanligtvis inte \u00e4r ett livshotande tillst\u00e5nd i sig, kan det hos vissa m\u00e4nniskor vara ett allvarligt medicinskt tillst\u00e5nd som kan kr\u00e4va omedelbar behandling. En av orsakerna till det \u00e4r att f\u00f6rmaksflimmer \u00f6kar risken f\u00f6r att utveckla blodproppar i hj\u00e4rtats \u00f6vre kammare vilka kan pumpas ut och skickas vidare till andra organ. Om dessa proppar blockerar art\u00e4rer till andra organ, som hj\u00e4rnan, kan de stoppa blod och syre fr\u00e5n att levereras och orsaka betydande skador, s\u00e5som en stroke.<\/p>\n<p>&nbsp;<\/p>\n<h2>Typer av f\u00f6rmaksflimmer<\/h2>\n<p>F\u00f6rmaksflimmer kan definieras p\u00e5 olika s\u00e4tt beroende p\u00e5 episodernas l\u00e4ngd och frekvensen med vilket det \u00e5terkommer. Paroxysmalt f\u00f6rmaksflimmer \u00e4r episoder som kommer och g\u00e5r och vanligtvis varar mindre \u00e4n sju dagar, men som hos m\u00e5nga bara varar i n\u00e5gra minuter eller timmar. Episoder av persisterande eller ih\u00e5llande f\u00f6rmaksflimmer varar l\u00e4ngre \u00e4n sju dagar, medan l\u00e5ngvarigt best\u00e5ende f\u00f6rmaksflimmer kan p\u00e5g\u00e5 kontinuerligt under ett \u00e5r eller l\u00e4ngre. Permanent f\u00f6rmaksflimmer inneb\u00e4r att tillst\u00e5ndet har konstaterats vara best\u00e4ndigt och inga f\u00f6rs\u00f6k g\u00f6rs f\u00f6r att bli av med det.<\/p>\n<p>&nbsp;<\/p>\n<h2>Symtom p\u00e5 f\u00f6rmaksflimmer<\/h2>\n<p>Symtom p\u00e5 f\u00f6rmaksflimmer inkluderar hj\u00e4rtklappning, yrsel, andn\u00f6d och tr\u00f6tthet. Att ha hj\u00e4rtklappning inneb\u00e4r att man \u00e4r medveten om sina hj\u00e4rtslag och vid f\u00f6rmaksflimmer k\u00e4nns det som att hj\u00e4rtat fladdrar eller sl\u00e5r oregelbundet och kaotiskt. Andra symtom inkluderar tryck \u00f6ver br\u00f6stet, andf\u00e5ddhet eller bara en allm\u00e4n orkesl\u00f6shet.<\/p>\n<p>&nbsp;<\/p>\n<h2>Komplikationer vid f\u00f6rmaksflimmer<\/h2>\n<p>M\u00e5nga m\u00e4nniskor med f\u00f6rmaksflimmer \u00e4r omedvetna om att de har sjukdomen eftersom den i vissa fall inte ger n\u00e5gra symtom. Brist p\u00e5 symtom betyder dock inte att risken f\u00f6r blodproppar och stroke \u00e4r mindre. Risken hos patienter med f\u00f6rmaksflimmer att drabbas av en stroke \u00e4r fyra till fem g\u00e5nger h\u00f6gre \u00e4n f\u00f6r de som inte har tillst\u00e5ndet. Stroke \u00e4r d\u00e4rf\u00f6r vanligare hos personer som inte vet att de har f\u00f6rmaksflimmer och inte tar n\u00e5gra strokef\u00f6rebyggande l\u00e4kemedel.<\/p>\n<p>Om pulsen \u00e4r mycket h\u00f6g dygnet runt under flera veckors tid kan det dessutom f\u00f6rsvaga hj\u00e4rtmuskeln och orsaka hj\u00e4rtsvikt, ett tillst\u00e5nd d\u00e4r ditt hj\u00e4rta inte kan pumpa tillr\u00e4ckligt med blod genom kroppen f\u00f6r att tillgodose kroppens behov.<\/p>\n<p>Det h\u00e4r avsnittet p\u00e5 webbplatsen ger detaljerad information om hj\u00e4rtats anatomi, hur det p\u00e5verkas negativt av f\u00f6rmaksflimmer, information om olika typer av f\u00f6rmaksflimmer och i vilken utstr\u00e4ckning varje typ p\u00e5verkar patienter.<\/p>\n<p>&nbsp;<\/p>\n","protected":false},"excerpt":{"rendered":"<p>F\u00f6rmaksflimmer \u00e4r ett tillst\u00e5nd i hj\u00e4rtat som orsakar en oregelbunden och ofta onormalt snabb puls. En normal vilopuls b\u00f6r vara regelbunden och mellan 60 och 100 slag per minut, men patienter med f\u00f6rmaksflimmer kan ofta ha en vilopuls p\u00e5 100 till 120 slag per minut eller \u00e4nnu h\u00f6gre i vissa fall. F\u00f6rmaksflimmer \u00e4r den vanligast [&hellip;]<\/p>\n","protected":false},"author":1,"featured_media":905,"parent":0,"menu_order":2,"comment_status":"closed","ping_status":"closed","template":"templates\/parent.php","meta":{"_acf_changed":false,"footnotes":""},"categories":[48],"tags":[],"class_list":["post-1399","page","type-page","status-publish","has-post-thumbnail","hentry","category-vad-ar-formaksflimmer"],"acf":[],"_links":{"self":[{"href":"https:\/\/www.afibmatters.org\/sv\/wp-json\/wp\/v2\/pages\/1399","targetHints":{"allow":["GET"]}}],"collection":[{"href":"https:\/\/www.afibmatters.org\/sv\/wp-json\/wp\/v2\/pages"}],"about":[{"href":"https:\/\/www.afibmatters.org\/sv\/wp-json\/wp\/v2\/types\/page"}],"author":[{"embeddable":true,"href":"https:\/\/www.afibmatters.org\/sv\/wp-json\/wp\/v2\/users\/1"}],"replies":[{"embeddable":true,"href":"https:\/\/www.afibmatters.org\/sv\/wp-json\/wp\/v2\/comments?post=1399"}],"version-history":[{"count":4,"href":"https:\/\/www.afibmatters.org\/sv\/wp-json\/wp\/v2\/pages\/1399\/revisions"}],"predecessor-version":[{"id":4926,"href":"https:\/\/www.afibmatters.org\/sv\/wp-json\/wp\/v2\/pages\/1399\/revisions\/4926"}],"wp:featuredmedia":[{"embeddable":true,"href":"https:\/\/www.afibmatters.org\/sv\/wp-json\/wp\/v2\/media\/905"}],"wp:attachment":[{"href":"https:\/\/www.afibmatters.org\/sv\/wp-json\/wp\/v2\/media?parent=1399"}],"wp:term":[{"taxonomy":"category","embeddable":true,"href":"https:\/\/www.afibmatters.org\/sv\/wp-json\/wp\/v2\/categories?post=1399"},{"taxonomy":"post_tag","embeddable":true,"href":"https:\/\/www.afibmatters.org\/sv\/wp-json\/wp\/v2\/tags?post=1399"}],"curies":[{"name":"wp","href":"https:\/\/api.w.org\/{rel}","templated":true}]}}