{"id":2903,"date":"2020-06-05T10:14:16","date_gmt":"2020-06-05T09:14:16","guid":{"rendered":"https:\/\/www.afibmatters.org\/hiperligacoes-uteis\/"},"modified":"2024-03-04T09:52:42","modified_gmt":"2024-03-04T09:52:42","slug":"hiperligacoes-uteis","status":"publish","type":"page","link":"https:\/\/www.afibmatters.org\/pt-pt\/hiperligacoes-uteis\/","title":{"rendered":"Hiperliga\u00e7\u00f5es \u00fateis"},"content":{"rendered":"<h3><a href=\"https:\/\/www.escardio.org\/Sub-specialty-communities\/European-Heart-Rhythm-Association-(EHRA)\/Advocacy\/find-my-ep\" target=\"_blank\" rel=\"noopener\">Encontrar o meu especialista<\/a><\/h3>\n<p>Procurar especialistas em EP no diret\u00f3rio da EHRA.<\/p>\n<p>&nbsp;<\/p>\n<h3><a href=\"https:\/\/www.myrhythmdevice.org\/\" target=\"_blank\" rel=\"noopener\">www.MyRhythmDevice.org<\/a><\/h3>\n<p>Visitar o website da EHRA para pacientes com dispositivos card\u00edacos implantados.<\/p>\n<p>&nbsp;<\/p>\n<h3><a href=\"https:\/\/www.healthy-heart.org\" target=\"_blank\" rel=\"noopener noreferrer\">www.Healthy-Heart.org<\/a><\/h3>\n<p>Respostas e conselhos fi\u00e1veis para doentes sobre como proteger o seu cora\u00e7\u00e3o, fornecidos pela Sociedade Europeia de Cardiologia.<\/p>\n<p>&nbsp;<\/p>\n<h3><a href=\"https:\/\/www.heartfailurematters.org\" target=\"_blank\" rel=\"noopener noreferrer\">www.HeartFailureMatters.org<\/a><\/h3>\n<p>Informa\u00e7\u00f5es pr\u00e1ticas sobre insufici\u00eancia card\u00edaca para doentes, fam\u00edlias e prestadores de cuidados, fornecidas pela Associa\u00e7\u00e3o de Insufici\u00eancia Card\u00edaca da Sociedade Europeia de Cardiologia.<\/p>\n<p>&nbsp;<\/p>\n<h3><a href=\"https:\/\/www.heartrhythmalliance.org\/aa\/uk\/news\/coronavirus-information-uk\" target=\"_blank\" rel=\"noopener noreferrer\">www.HeartRhythmAlliance.org<\/a><\/h3>\n<p>A Alian\u00e7a de Arritmia e as suas organiza\u00e7\u00f5es de benefic\u00eancia associadas (AF Association e STARS \u2013 syncope trust) desenvolveram recursos espec\u00edficos para a COVID-19, destinados aos doentes e profissionais de sa\u00fade, para complementar os seus recursos existentes para todas as arritmias, tratamentos, gest\u00e3o e, especificamente, AF e s\u00edncope.<\/p>\n<p>&nbsp;<\/p>\n<h3><a href=\"https:\/\/www.escardio.org\/Sub-specialty-communities\/European-Heart-Rhythm-Association-(EHRA)\/Advocacy\/pulse-day\" target=\"_blank\" rel=\"noopener\">Dia da Pulsa\u00e7\u00e3o<\/a><\/h3>\n<p>Dia Mundial de Sensibiliza\u00e7\u00e3o para a Arritmia<\/p>\n<p>&nbsp;<\/p>\n","protected":false},"excerpt":{"rendered":"<p>Encontrar o meu especialista Procurar especialistas em EP no diret\u00f3rio da EHRA. &nbsp; www.MyRhythmDevice.org Visitar o website da EHRA para pacientes com dispositivos card\u00edacos implantados. &nbsp; www.Healthy-Heart.org Respostas e conselhos fi\u00e1veis para doentes sobre como proteger o seu cora\u00e7\u00e3o, fornecidos pela Sociedade Europeia de Cardiologia. &nbsp; www.HeartFailureMatters.org Informa\u00e7\u00f5es pr\u00e1ticas sobre insufici\u00eancia card\u00edaca para doentes, fam\u00edlias [&hellip;]<\/p>\n","protected":false},"author":1,"featured_media":0,"parent":0,"menu_order":0,"comment_status":"closed","ping_status":"closed","template":"","meta":{"_acf_changed":false,"footnotes":""},"categories":[],"tags":[],"class_list":["post-2903","page","type-page","status-publish","hentry"],"acf":[],"_links":{"self":[{"href":"https:\/\/www.afibmatters.org\/pt-pt\/wp-json\/wp\/v2\/pages\/2903","targetHints":{"allow":["GET"]}}],"collection":[{"href":"https:\/\/www.afibmatters.org\/pt-pt\/wp-json\/wp\/v2\/pages"}],"about":[{"href":"https:\/\/www.afibmatters.org\/pt-pt\/wp-json\/wp\/v2\/types\/page"}],"author":[{"embeddable":true,"href":"https:\/\/www.afibmatters.org\/pt-pt\/wp-json\/wp\/v2\/users\/1"}],"replies":[{"embeddable":true,"href":"https:\/\/www.afibmatters.org\/pt-pt\/wp-json\/wp\/v2\/comments?post=2903"}],"version-history":[{"count":5,"href":"https:\/\/www.afibmatters.org\/pt-pt\/wp-json\/wp\/v2\/pages\/2903\/revisions"}],"predecessor-version":[{"id":9096,"href":"https:\/\/www.afibmatters.org\/pt-pt\/wp-json\/wp\/v2\/pages\/2903\/revisions\/9096"}],"wp:attachment":[{"href":"https:\/\/www.afibmatters.org\/pt-pt\/wp-json\/wp\/v2\/media?parent=2903"}],"wp:term":[{"taxonomy":"category","embeddable":true,"href":"https:\/\/www.afibmatters.org\/pt-pt\/wp-json\/wp\/v2\/categories?post=2903"},{"taxonomy":"post_tag","embeddable":true,"href":"https:\/\/www.afibmatters.org\/pt-pt\/wp-json\/wp\/v2\/tags?post=2903"}],"curies":[{"name":"wp","href":"https:\/\/api.w.org\/{rel}","templated":true}]}}