{"id":1976,"date":"2020-03-09T12:36:08","date_gmt":"2020-03-09T12:36:08","guid":{"rendered":"https:\/\/www.afibmatters.org\/onde-posso-obter-mais-aconselhamento-e-apoio\/"},"modified":"2021-07-21T17:05:39","modified_gmt":"2021-07-21T16:05:39","slug":"onde-posso-obter-mais-aconselhamento-e-apoio","status":"publish","type":"page","link":"https:\/\/www.afibmatters.org\/pt-pt\/o-que-posso-fazer\/onde-posso-obter-mais-aconselhamento-e-apoio\/","title":{"rendered":"Onde posso obter mais aconselhamento e apoio?"},"content":{"rendered":"<p><img loading=\"lazy\" decoding=\"async\" class=\"alignnone size-large wp-image-1063\" src=\"https:\/\/cdn-endpoint-afib.azureedge.net\/afibmatters\/2020\/01\/iStock-696824550-1024x683.jpg\" alt=\"\" width=\"1024\" height=\"683\" srcset=\"https:\/\/cdn-endpoint-afib.azureedge.net\/afibmatters\/2020\/01\/iStock-696824550-1024x683.jpg 1024w, https:\/\/cdn-endpoint-afib.azureedge.net\/afibmatters\/2020\/01\/iStock-696824550-300x200.jpg 300w, https:\/\/cdn-endpoint-afib.azureedge.net\/afibmatters\/2020\/01\/iStock-696824550-768x512.jpg 768w, https:\/\/cdn-endpoint-afib.azureedge.net\/afibmatters\/2020\/01\/iStock-696824550-1536x1024.jpg 1536w, https:\/\/cdn-endpoint-afib.azureedge.net\/afibmatters\/2020\/01\/iStock-696824550-2048x1365.jpg 2048w, https:\/\/cdn-endpoint-afib.azureedge.net\/afibmatters\/2020\/01\/iStock-696824550-500x333.jpg 500w\" sizes=\"auto, (max-width: 1024px) 100vw, 1024px\" \/><\/p>\n<p>Pode pedir aconselhamento e apoio ao m\u00e9dico (m\u00e9dico de cl\u00ednica geral, cardiologista ou outros especialistas m\u00e9dicos) ou contactar uma das associa\u00e7\u00f5es de doentes com fibrilha\u00e7\u00e3o auricular para obter aconselhamento e apoio mais gerais.<\/p>\n<p>&nbsp;<\/p>\n<p>&nbsp;<\/p>\n","protected":false},"excerpt":{"rendered":"<p>Pode pedir aconselhamento e apoio ao m\u00e9dico (m\u00e9dico de cl\u00ednica geral, cardiologista ou outros especialistas m\u00e9dicos) ou contactar uma das associa\u00e7\u00f5es de doentes com fibrilha\u00e7\u00e3o auricular para obter aconselhamento e apoio mais gerais. &nbsp; &nbsp;<\/p>\n","protected":false},"author":1,"featured_media":0,"parent":1983,"menu_order":26,"comment_status":"closed","ping_status":"closed","template":"","meta":{"_acf_changed":false,"footnotes":""},"categories":[80],"tags":[],"class_list":["post-1976","page","type-page","status-publish","hentry","category-o-que-posso-fazer"],"acf":[],"_links":{"self":[{"href":"https:\/\/www.afibmatters.org\/pt-pt\/wp-json\/wp\/v2\/pages\/1976","targetHints":{"allow":["GET"]}}],"collection":[{"href":"https:\/\/www.afibmatters.org\/pt-pt\/wp-json\/wp\/v2\/pages"}],"about":[{"href":"https:\/\/www.afibmatters.org\/pt-pt\/wp-json\/wp\/v2\/types\/page"}],"author":[{"embeddable":true,"href":"https:\/\/www.afibmatters.org\/pt-pt\/wp-json\/wp\/v2\/users\/1"}],"replies":[{"embeddable":true,"href":"https:\/\/www.afibmatters.org\/pt-pt\/wp-json\/wp\/v2\/comments?post=1976"}],"version-history":[{"count":1,"href":"https:\/\/www.afibmatters.org\/pt-pt\/wp-json\/wp\/v2\/pages\/1976\/revisions"}],"predecessor-version":[{"id":4831,"href":"https:\/\/www.afibmatters.org\/pt-pt\/wp-json\/wp\/v2\/pages\/1976\/revisions\/4831"}],"up":[{"embeddable":true,"href":"https:\/\/www.afibmatters.org\/pt-pt\/wp-json\/wp\/v2\/pages\/1983"}],"wp:attachment":[{"href":"https:\/\/www.afibmatters.org\/pt-pt\/wp-json\/wp\/v2\/media?parent=1976"}],"wp:term":[{"taxonomy":"category","embeddable":true,"href":"https:\/\/www.afibmatters.org\/pt-pt\/wp-json\/wp\/v2\/categories?post=1976"},{"taxonomy":"post_tag","embeddable":true,"href":"https:\/\/www.afibmatters.org\/pt-pt\/wp-json\/wp\/v2\/tags?post=1976"}],"curies":[{"name":"wp","href":"https:\/\/api.w.org\/{rel}","templated":true}]}}