{"id":1972,"date":"2020-03-09T12:36:07","date_gmt":"2020-03-09T12:36:07","guid":{"rendered":"https:\/\/www.afibmatters.org\/poderei-obter-seguro-de-viagem-se-tiver-fibrilhacao-auricular\/"},"modified":"2022-01-26T16:35:48","modified_gmt":"2022-01-26T16:35:48","slug":"poderei-obter-seguro-de-viagem-se-tiver-fibrilhacao-auricular","status":"publish","type":"page","link":"https:\/\/www.afibmatters.org\/pt-pt\/o-que-posso-fazer\/como-devo-mudar-a-minha-vida\/poderei-obter-seguro-de-viagem-se-tiver-fibrilhacao-auricular\/","title":{"rendered":"Poderei obter seguro de viagem se tiver fibrilha\u00e7\u00e3o auricular?"},"content":{"rendered":"<p><img loading=\"lazy\" decoding=\"async\" class=\"alignnone wp-image-5916 size-full\" src=\"https:\/\/cdn-endpoint-afib.azureedge.net\/afibmatters\/2022\/01\/shutterstock_605436266-1536x1024-1-min.jpg?_t=1643214942\" alt=\"\" width=\"800\" height=\"533\" srcset=\"https:\/\/www.afibmatters.org\/wp-content\/uploads\/2022\/01\/shutterstock_605436266-1536x1024-1-min.jpg 800w, https:\/\/www.afibmatters.org\/wp-content\/uploads\/2022\/01\/shutterstock_605436266-1536x1024-1-min-300x200.jpg 300w, https:\/\/www.afibmatters.org\/wp-content\/uploads\/2022\/01\/shutterstock_605436266-1536x1024-1-min-768x512.jpg 768w, https:\/\/www.afibmatters.org\/wp-content\/uploads\/2022\/01\/shutterstock_605436266-1536x1024-1-min-500x333.jpg 500w\" sizes=\"auto, (max-width: 800px) 100vw, 800px\" \/><\/p>\n<p>Sim, a maioria dos doentes com fibrilha\u00e7\u00e3o auricular pode obter seguro de viagem. No entanto, por vezes pode haver um pr\u00e9mio mais elevado (custo mais elevado). Procure aconselhar-se com os prestadores de seguros de sa\u00fade. Por vezes, pode ser \u00fatil contactar v\u00e1rias companhias de seguros de sa\u00fade para encontrar a melhor oferta.<\/p>\n<p>&nbsp;<\/p>\n<p>&nbsp;<\/p>\n","protected":false},"excerpt":{"rendered":"<p>Sim, a maioria dos doentes com fibrilha\u00e7\u00e3o auricular pode obter seguro de viagem. No entanto, por vezes pode haver um pr\u00e9mio mais elevado (custo mais elevado). Procure aconselhar-se com os prestadores de seguros de sa\u00fade. Por vezes, pode ser \u00fatil contactar v\u00e1rias companhias de seguros de sa\u00fade para encontrar a melhor oferta. &nbsp; &nbsp;<\/p>\n","protected":false},"author":1,"featured_media":0,"parent":1984,"menu_order":25,"comment_status":"closed","ping_status":"closed","template":"","meta":{"_acf_changed":false,"footnotes":""},"categories":[80],"tags":[],"class_list":["post-1972","page","type-page","status-publish","hentry","category-o-que-posso-fazer"],"acf":[],"_links":{"self":[{"href":"https:\/\/www.afibmatters.org\/pt-pt\/wp-json\/wp\/v2\/pages\/1972","targetHints":{"allow":["GET"]}}],"collection":[{"href":"https:\/\/www.afibmatters.org\/pt-pt\/wp-json\/wp\/v2\/pages"}],"about":[{"href":"https:\/\/www.afibmatters.org\/pt-pt\/wp-json\/wp\/v2\/types\/page"}],"author":[{"embeddable":true,"href":"https:\/\/www.afibmatters.org\/pt-pt\/wp-json\/wp\/v2\/users\/1"}],"replies":[{"embeddable":true,"href":"https:\/\/www.afibmatters.org\/pt-pt\/wp-json\/wp\/v2\/comments?post=1972"}],"version-history":[{"count":3,"href":"https:\/\/www.afibmatters.org\/pt-pt\/wp-json\/wp\/v2\/pages\/1972\/revisions"}],"predecessor-version":[{"id":5945,"href":"https:\/\/www.afibmatters.org\/pt-pt\/wp-json\/wp\/v2\/pages\/1972\/revisions\/5945"}],"up":[{"embeddable":true,"href":"https:\/\/www.afibmatters.org\/pt-pt\/wp-json\/wp\/v2\/pages\/1984"}],"wp:attachment":[{"href":"https:\/\/www.afibmatters.org\/pt-pt\/wp-json\/wp\/v2\/media?parent=1972"}],"wp:term":[{"taxonomy":"category","embeddable":true,"href":"https:\/\/www.afibmatters.org\/pt-pt\/wp-json\/wp\/v2\/categories?post=1972"},{"taxonomy":"post_tag","embeddable":true,"href":"https:\/\/www.afibmatters.org\/pt-pt\/wp-json\/wp\/v2\/tags?post=1972"}],"curies":[{"name":"wp","href":"https:\/\/api.w.org\/{rel}","templated":true}]}}