{"id":1971,"date":"2020-03-09T12:29:09","date_gmt":"2020-03-09T12:29:09","guid":{"rendered":"https:\/\/www.afibmatters.org\/o-que-o-meu-medico-pode-fazer\/como-prevenir-a-insuficiencia-cardiaca\/"},"modified":"2020-03-09T12:29:09","modified_gmt":"2020-03-09T12:29:09","slug":"como-prevenir-a-insuficiencia-cardiaca","status":"publish","type":"page","link":"https:\/\/www.afibmatters.org\/pt-pt\/o-que-o-meu-medico-pode-fazer\/como-prevenir-a-insuficiencia-cardiaca\/","title":{"rendered":"Como prevenir a insufici\u00eancia card\u00edaca"},"content":{"rendered":"<p>A frequ\u00eancia card\u00edaca normal \u00e9 entre 60 e 100 batimentos por minuto em repouso. Quando ocorre fibrilha\u00e7\u00e3o auricular, a frequ\u00eancia card\u00edaca sobe at\u00e9 150 e 180 batimentos por minuto, ou mais. Mesmo com a fun\u00e7\u00e3o card\u00edaca normal no in\u00edcio, as altas frequ\u00eancias card\u00edacas de longa dura\u00e7\u00e3o podem danificar o cora\u00e7\u00e3o e este problema \u00e9 conhecido como taquicardiomiopatia. Se a tentativa de restaurar o ritmo sinusal n\u00e3o for bem sucedida, \u00e9 de extrema import\u00e2ncia diminuir a frequ\u00eancia card\u00edaca.<\/p>\n<p>\u00c9 muito importante que siga os conselhos do m\u00e9dico e tome os seus medicamentos conforme prescrito.<\/p>\n<p>&nbsp;<\/p>\n<p>&nbsp;<\/p>\n","protected":false},"excerpt":{"rendered":"<p>A frequ\u00eancia card\u00edaca normal \u00e9 entre 60 e 100 batimentos por minuto em repouso. Quando ocorre fibrilha\u00e7\u00e3o auricular, a frequ\u00eancia card\u00edaca sobe at\u00e9 150 e 180 batimentos por minuto, ou mais. Mesmo com a fun\u00e7\u00e3o card\u00edaca normal no in\u00edcio, as altas frequ\u00eancias card\u00edacas de longa dura\u00e7\u00e3o podem danificar o cora\u00e7\u00e3o e este problema \u00e9 conhecido [&hellip;]<\/p>\n","protected":false},"author":1,"featured_media":0,"parent":1956,"menu_order":21,"comment_status":"closed","ping_status":"closed","template":"","meta":{"_acf_changed":false,"footnotes":""},"categories":[77],"tags":[],"class_list":["post-1971","page","type-page","status-publish","hentry","category-o-que-o-meu-medico-pode-fazer"],"acf":[],"_links":{"self":[{"href":"https:\/\/www.afibmatters.org\/pt-pt\/wp-json\/wp\/v2\/pages\/1971","targetHints":{"allow":["GET"]}}],"collection":[{"href":"https:\/\/www.afibmatters.org\/pt-pt\/wp-json\/wp\/v2\/pages"}],"about":[{"href":"https:\/\/www.afibmatters.org\/pt-pt\/wp-json\/wp\/v2\/types\/page"}],"author":[{"embeddable":true,"href":"https:\/\/www.afibmatters.org\/pt-pt\/wp-json\/wp\/v2\/users\/1"}],"replies":[{"embeddable":true,"href":"https:\/\/www.afibmatters.org\/pt-pt\/wp-json\/wp\/v2\/comments?post=1971"}],"version-history":[{"count":0,"href":"https:\/\/www.afibmatters.org\/pt-pt\/wp-json\/wp\/v2\/pages\/1971\/revisions"}],"up":[{"embeddable":true,"href":"https:\/\/www.afibmatters.org\/pt-pt\/wp-json\/wp\/v2\/pages\/1956"}],"wp:attachment":[{"href":"https:\/\/www.afibmatters.org\/pt-pt\/wp-json\/wp\/v2\/media?parent=1971"}],"wp:term":[{"taxonomy":"category","embeddable":true,"href":"https:\/\/www.afibmatters.org\/pt-pt\/wp-json\/wp\/v2\/categories?post=1971"},{"taxonomy":"post_tag","embeddable":true,"href":"https:\/\/www.afibmatters.org\/pt-pt\/wp-json\/wp\/v2\/tags?post=1971"}],"curies":[{"name":"wp","href":"https:\/\/api.w.org\/{rel}","templated":true}]}}