{"id":1970,"date":"2020-03-09T12:29:09","date_gmt":"2020-03-09T12:29:09","guid":{"rendered":"https:\/\/www.afibmatters.org\/o-que-o-meu-medico-pode-fazer\/controlar-a-frequencia-cardiaca-controlo-da-frequencia\/"},"modified":"2020-03-16T14:42:45","modified_gmt":"2020-03-16T14:42:45","slug":"controlar-a-frequencia-cardiaca-controlo-da-frequencia","status":"publish","type":"page","link":"https:\/\/www.afibmatters.org\/pt-pt\/o-que-o-meu-medico-pode-fazer\/controlar-a-frequencia-cardiaca-controlo-da-frequencia\/","title":{"rendered":"Controlar a frequ\u00eancia card\u00edaca (controlo da frequ\u00eancia)"},"content":{"rendered":"<p><img loading=\"lazy\" decoding=\"async\" class=\"alignnone size-large wp-image-917\" src=\"https:\/\/cdn-endpoint-afib.azureedge.net\/afibmatters\/2020\/01\/shutterstock_1057509995-1024x692.jpg\" alt=\"\" width=\"1024\" height=\"692\" srcset=\"https:\/\/cdn-endpoint-afib.azureedge.net\/afibmatters\/2020\/01\/shutterstock_1057509995-1024x692.jpg 1024w, https:\/\/cdn-endpoint-afib.azureedge.net\/afibmatters\/2020\/01\/shutterstock_1057509995-300x203.jpg 300w, https:\/\/cdn-endpoint-afib.azureedge.net\/afibmatters\/2020\/01\/shutterstock_1057509995-768x519.jpg 768w, https:\/\/cdn-endpoint-afib.azureedge.net\/afibmatters\/2020\/01\/shutterstock_1057509995-1536x1039.jpg 1536w, https:\/\/cdn-endpoint-afib.azureedge.net\/afibmatters\/2020\/01\/shutterstock_1057509995-2048x1385.jpg 2048w, https:\/\/cdn-endpoint-afib.azureedge.net\/afibmatters\/2020\/01\/shutterstock_1057509995-500x338.jpg 500w\" sizes=\"auto, (max-width: 1024px) 100vw, 1024px\" \/><\/p>\n<p>O controlo da frequ\u00eancia significa que voc\u00ea e o m\u00e9dico concordaram em aceitar a fibrilha\u00e7\u00e3o auricular como definitiva, mas poder\u00e1 precisar de controlar a frequ\u00eancia card\u00edaca (batimentos por minuto) para evitar sintomas.<\/p>\n<p>O controlo da frequ\u00eancia card\u00edaca \u00e9 a op\u00e7\u00e3o de tratamento quando o m\u00e9dico n\u00e3o conseguiu restaurar o ritmo normal (tentativa mal sucedida), ou o m\u00e9dico considera que, devido \u00e0 sua doen\u00e7a card\u00edaca subjacente, \u00e9 quase imposs\u00edvel restaurar o ritmo sinusal normal.<\/p>\n<ul>\n<li>\n<h3>Com medica\u00e7\u00e3o<\/h3>\n<\/li>\n<\/ul>\n<p>O m\u00e9dico pode prescrever-lhe uma medica\u00e7\u00e3o para normalizar a sua frequ\u00eancia card\u00edaca (entre 70 e 110 batimentos por minuto em repouso).<\/p>\n<p>Dependendo dos sintomas, o m\u00e9dico pode escolher um controlo rigoroso da frequ\u00eancia card\u00edaca (mantendo a frequ\u00eancia card\u00edaca entre cerca de 70 e 90 batimentos por minuto em repouso) ou um controlo brando da frequ\u00eancia card\u00edaca (mantendo a frequ\u00eancia card\u00edaca entre cerca de 100 e 110 batimentos por minuto em repouso).<\/p>\n<p>Os medicamentos que podem ser utilizados para controlar a frequ\u00eancia card\u00edaca s\u00e3o:<\/p>\n<ul>\n<li><strong>Betabloqueadores:<\/strong> estes medicamentos diminuem a frequ\u00eancia card\u00edaca em repouso, assim como durante a atividade. S\u00e3o geralmente a primeira escolha, independentemente da doen\u00e7a card\u00edaca subjacente.<\/li>\n<li><strong>Bloqueadores dos canais de c\u00e1lcio:<\/strong> estes medicamentos tamb\u00e9m controlam a frequ\u00eancia card\u00edaca, mas pode ter de evit\u00e1-los se sofrer de insufici\u00eancia card\u00edaca ou press\u00e3o arterial baixa.<\/li>\n<li><strong>Digoxina:<\/strong> este medicamento controla a frequ\u00eancia card\u00edaca em repouso, mas n\u00e3o durante a atividade. Pode ser adicionado aos betabloqueadores ou, menos frequentemente, aos bloqueadores dos canais de c\u00e1lcio, se uma \u00fanica terapia n\u00e3o tiver abrandado suficientemente a frequ\u00eancia card\u00edaca.<\/li>\n<li><strong>Amiodarona:<\/strong> em situa\u00e7\u00f5es muito raras, o m\u00e9dico pode decidir controlar a sua frequ\u00eancia card\u00edaca apenas com este medicamento ou em complemento com os betabloqueadores. A amiodarona \u00e9 muito eficaz no controlo da frequ\u00eancia card\u00edaca, mas tem efeitos secund\u00e1rios graves na terapia cr\u00f3nica. \u00c9 acumulada na gl\u00e2ndula tireoide, pulm\u00f5es, pele, etc.<\/li>\n<\/ul>\n<p>&nbsp;<\/p>\n<ul>\n<li><a href=\"\/pt-pt\/o-que-o-meu-medico-pode-fazer\/ablacao-de-fibrilhacao-auricular\/\">Com abla\u00e7\u00e3o<\/a><\/li>\n<\/ul>\n<p>&nbsp;<\/p>\n<p><a href=\"\/pt-pt\/o-que-posso-fazer\/como-devo-mudar-a-minha-vida\/\"><strong>Saiba mais sobre: &#8220;Como devo mudar a minha vida?&#8221;<\/strong><\/a><\/p>\n<p>&nbsp;<\/p>\n","protected":false},"excerpt":{"rendered":"<p>O controlo da frequ\u00eancia significa que voc\u00ea e o m\u00e9dico concordaram em aceitar a fibrilha\u00e7\u00e3o auricular como definitiva, mas poder\u00e1 precisar de controlar a frequ\u00eancia card\u00edaca (batimentos por minuto) para evitar sintomas. O controlo da frequ\u00eancia card\u00edaca \u00e9 a op\u00e7\u00e3o de tratamento quando o m\u00e9dico n\u00e3o conseguiu restaurar o ritmo normal (tentativa mal sucedida), ou [&hellip;]<\/p>\n","protected":false},"author":1,"featured_media":0,"parent":1956,"menu_order":16,"comment_status":"closed","ping_status":"closed","template":"","meta":{"_acf_changed":false,"footnotes":""},"categories":[77],"tags":[],"class_list":["post-1970","page","type-page","status-publish","hentry","category-o-que-o-meu-medico-pode-fazer"],"acf":[],"_links":{"self":[{"href":"https:\/\/www.afibmatters.org\/pt-pt\/wp-json\/wp\/v2\/pages\/1970","targetHints":{"allow":["GET"]}}],"collection":[{"href":"https:\/\/www.afibmatters.org\/pt-pt\/wp-json\/wp\/v2\/pages"}],"about":[{"href":"https:\/\/www.afibmatters.org\/pt-pt\/wp-json\/wp\/v2\/types\/page"}],"author":[{"embeddable":true,"href":"https:\/\/www.afibmatters.org\/pt-pt\/wp-json\/wp\/v2\/users\/1"}],"replies":[{"embeddable":true,"href":"https:\/\/www.afibmatters.org\/pt-pt\/wp-json\/wp\/v2\/comments?post=1970"}],"version-history":[{"count":2,"href":"https:\/\/www.afibmatters.org\/pt-pt\/wp-json\/wp\/v2\/pages\/1970\/revisions"}],"predecessor-version":[{"id":2134,"href":"https:\/\/www.afibmatters.org\/pt-pt\/wp-json\/wp\/v2\/pages\/1970\/revisions\/2134"}],"up":[{"embeddable":true,"href":"https:\/\/www.afibmatters.org\/pt-pt\/wp-json\/wp\/v2\/pages\/1956"}],"wp:attachment":[{"href":"https:\/\/www.afibmatters.org\/pt-pt\/wp-json\/wp\/v2\/media?parent=1970"}],"wp:term":[{"taxonomy":"category","embeddable":true,"href":"https:\/\/www.afibmatters.org\/pt-pt\/wp-json\/wp\/v2\/categories?post=1970"},{"taxonomy":"post_tag","embeddable":true,"href":"https:\/\/www.afibmatters.org\/pt-pt\/wp-json\/wp\/v2\/tags?post=1970"}],"curies":[{"name":"wp","href":"https:\/\/api.w.org\/{rel}","templated":true}]}}