{"id":1968,"date":"2020-03-09T12:29:09","date_gmt":"2020-03-09T12:29:09","guid":{"rendered":"https:\/\/www.afibmatters.org\/o-que-preciso-saber\/"},"modified":"2022-03-24T10:47:51","modified_gmt":"2022-03-24T10:47:51","slug":"o-que-preciso-saber","status":"publish","type":"page","link":"https:\/\/www.afibmatters.org\/pt-pt\/o-que-preciso-saber\/","title":{"rendered":"O que preciso de saber?"},"content":{"rendered":"<p>A fibrilha\u00e7\u00e3o auricular \u00e9 uma doen\u00e7a comum que faz com que o cora\u00e7\u00e3o bata anormalmente, o que pode dar aos doentes a sensa\u00e7\u00e3o de que o cora\u00e7\u00e3o \u00e9 err\u00e1tico e ca\u00f3tico.<\/p>\n<p>Quando a fibrilha\u00e7\u00e3o auricular \u00e9 diagnosticada, o tratamento e a melhoria do estilo de vida s\u00e3o essenciais para reduzir o risco de outros problemas relacionados com o cora\u00e7\u00e3o, como acidente vascular cerebral e insufici\u00eancia card\u00edaca.<\/p>\n<p>&nbsp;<\/p>\n<h2><a href=\"https:\/\/www.afibmatters.org\/what-do-i-need-to-know\/how-common-is-atrial-fibrillation\/\">Em que medida a fibrilha\u00e7\u00e3o auricular \u00e9 comum?<\/a><\/h2>\n<p>A fibrilha\u00e7\u00e3o auricular \u00e9 o dist\u00farbio do ritmo card\u00edaco mais comum. Afeta adultos de qualquer idade, mas \u00e9 muito mais comum em pessoas mais velhas e \u00e9 mais comum entre homens do que entre mulheres. As pessoas com outros problemas card\u00edacos t\u00eam mais tend\u00eancia a desenvolver fibrilha\u00e7\u00e3o auricular, como tens\u00e3o arterial elevada (hipertens\u00e3o), diabetes, aterosclerose (as art\u00e9rias ficam entupidas com colesterol) ou doen\u00e7as das v\u00e1lvulas card\u00edacas.<\/p>\n<p>&nbsp;<\/p>\n<h2><a href=\"https:\/\/www.afibmatters.org\/what-do-i-need-to-know\/who-is-at-higher-risk-for-atrial-fibrillation\/\">Quem corre maior risco de fibrilha\u00e7\u00e3o auricular?<\/a><\/h2>\n<p>A fibrilha\u00e7\u00e3o auricular est\u00e1 associada a problemas que danificam a estrutura do cora\u00e7\u00e3o. Pessoas com tens\u00e3o arterial elevada, doen\u00e7a card\u00edaca coron\u00e1ria, defeitos card\u00edacos, insufici\u00eancia card\u00edaca ou doen\u00e7a das v\u00e1lvulas card\u00edacas, doen\u00e7a card\u00edaca reum\u00e1tica, hipertiroidismo, diabetes, s\u00edndrome metab\u00f3lica, doen\u00e7a pulmonar, doen\u00e7a renal, apneia do sono e antecedentes familiares de fibrilha\u00e7\u00e3o auricular t\u00eam um risco mais elevado de desenvolver fibrilha\u00e7\u00e3o auricular.<\/p>\n<p>Um estilo de vida que inclua uso indevido de \u00e1lcool, obesidade, inatividade f\u00edsica, tabagismo, stress e consumo abusivo de estimulantes (incluindo cafe\u00edna) tamb\u00e9m pode aumentar os riscos.<\/p>\n<p>Dito isto, a fibrilha\u00e7\u00e3o auricular pode ocorrer tamb\u00e9m em pessoas mais jovens com cora\u00e7\u00f5es saud\u00e1veis e sem outros problemas m\u00e9dicos. Pode at\u00e9 ocorrer em atletas!<\/p>\n<p>&nbsp;<\/p>\n<h2><a href=\"https:\/\/www.afibmatters.org\/what-do-i-need-to-know\/how-does-it-feel-to-have-atrial-fibrillation\/\">Qual a sensa\u00e7\u00e3o de ter fibrilha\u00e7\u00e3o auricular?<\/a><\/h2>\n<p>A fibrilha\u00e7\u00e3o auricular n\u00e3o se manifesta da mesma forma em todas as pessoas. Os sintomas e a frequ\u00eancia com que ocorrem podem variar muito. Tamb\u00e9m \u00e9 poss\u00edvel que uma pessoa n\u00e3o tenha sintomas e que a fibrilha\u00e7\u00e3o auricular seja descoberta por acaso, durante um check-up de rotina.<\/p>\n<p>O sintoma mais \u00f3bvio da fibrilha\u00e7\u00e3o auricular s\u00e3o as palpita\u00e7\u00f5es card\u00edacas (uma consci\u00eancia desagrad\u00e1vel dos batimentos card\u00edacos), que geralmente excedem 100 batimentos por minuto e s\u00e3o ca\u00f3ticas e irregulares. Al\u00e9m disso, cansa\u00e7o, falta de ar, sensa\u00e7\u00e3o de desmaio ou tonturas, vertigens, dores no peito e n\u00e1useas s\u00e3o tamb\u00e9m sintomas comuns.<\/p>\n<p>&nbsp;<\/p>\n<h2><a href=\"https:\/\/www.afibmatters.org\/what-do-i-need-to-know\/why-is-atrial-fibrillation-dangerous\/\">Porque \u00e9 que a fibrilha\u00e7\u00e3o auricular \u00e9 perigosa?<\/a><\/h2>\n<p>As pessoas com fibrilha\u00e7\u00e3o auricular t\u00eam um risco 4 a 5 vezes maior de ter um acidente vascular cerebral. No entanto, os riscos s\u00e3o muito influenciados por outros fatores, incluindo idade, sexo, tens\u00e3o arterial, diabetes, insufici\u00eancia card\u00edaca e historial de co\u00e1gulos sangu\u00edneos ou acidente vascular cerebral.<\/p>\n<p>Quando a fibrilha\u00e7\u00e3o auricular \u00e9 persistente (sempre presente) e a frequ\u00eancia card\u00edaca \u00e9 constantemente mais r\u00e1pida do que 100 batimentos por minuto, pode causar insufici\u00eancia card\u00edaca quando o m\u00fasculo card\u00edaco enfraquece e ser incapaz de bombear sangue de maneira eficiente atrav\u00e9s do corpo.<\/p>\n<p>&nbsp;<\/p>\n<h2><a href=\"https:\/\/www.afibmatters.org\/what-do-i-need-to-know\/can-atrial-fibrillation-come-back\/\">A fibrilha\u00e7\u00e3o auricular pode voltar?<\/a><\/h2>\n<p>\u00c9 poss\u00edvel ter apenas um epis\u00f3dio isolado de fibrilha\u00e7\u00e3o auricular. No entanto, dependendo da causa, a fibrilha\u00e7\u00e3o auricular pode surgir e desaparecer de maneira intermitente ou persistir e pode exigir tratamento ao longo da vida. Quando a fibrilha\u00e7\u00e3o auricular ocorre devido a um problema tempor\u00e1rio que pode ser tratado, \u00e9 menos prov\u00e1vel que se repita. Problemas a longo prazo que causam fibrilha\u00e7\u00e3o auricular aumentam a probabilidade de novos epis\u00f3dios. Com o passar do tempo, tende a ocorrer com mais frequ\u00eancia e a durar mais tempo.<\/p>\n<p>&nbsp;<\/p>\n<h2><a href=\"https:\/\/www.afibmatters.org\/what-do-i-need-to-know\/is-afib-hereditary\/\">A fibrilha\u00e7\u00e3o auricular \u00e9 heredit\u00e1ria?<\/a><\/h2>\n<p>Embora n\u00e3o seja uma situa\u00e7\u00e3o comum, a fibrilha\u00e7\u00e3o auricular pode ser heredit\u00e1ria e, quando isso acontece, \u00e9 apelidada de fibrilha\u00e7\u00e3o auricular familiar. A causa ainda \u00e9 desconhecida e s\u00e3o necess\u00e1rios mais estudos para esclarecer os fatores associados \u00e0 fibrilha\u00e7\u00e3o auricular familiar.<\/p>\n<p>Se tiver familiares pr\u00f3ximos com fibrilha\u00e7\u00e3o auricular e estiver preocupado que possa desenvolver esta doen\u00e7a, deve contactar o seu m\u00e9dico, que pode identificar fatores de risco e ajud\u00e1-lo a ser tratado.<\/p>\n<p>&nbsp;<\/p>\n","protected":false},"excerpt":{"rendered":"<p>A fibrilha\u00e7\u00e3o auricular \u00e9 uma doen\u00e7a comum que faz com que o cora\u00e7\u00e3o bata anormalmente, o que pode dar aos doentes a sensa\u00e7\u00e3o de que o cora\u00e7\u00e3o \u00e9 err\u00e1tico e ca\u00f3tico. Quando a fibrilha\u00e7\u00e3o auricular \u00e9 diagnosticada, o tratamento e a melhoria do estilo de vida s\u00e3o essenciais para reduzir o risco de outros problemas [&hellip;]<\/p>\n","protected":false},"author":1,"featured_media":0,"parent":0,"menu_order":6,"comment_status":"closed","ping_status":"closed","template":"templates\/parent.php","meta":{"_acf_changed":false,"footnotes":""},"categories":[78],"tags":[],"class_list":["post-1968","page","type-page","status-publish","hentry","category-o-que-preciso-saber"],"acf":[],"_links":{"self":[{"href":"https:\/\/www.afibmatters.org\/pt-pt\/wp-json\/wp\/v2\/pages\/1968","targetHints":{"allow":["GET"]}}],"collection":[{"href":"https:\/\/www.afibmatters.org\/pt-pt\/wp-json\/wp\/v2\/pages"}],"about":[{"href":"https:\/\/www.afibmatters.org\/pt-pt\/wp-json\/wp\/v2\/types\/page"}],"author":[{"embeddable":true,"href":"https:\/\/www.afibmatters.org\/pt-pt\/wp-json\/wp\/v2\/users\/1"}],"replies":[{"embeddable":true,"href":"https:\/\/www.afibmatters.org\/pt-pt\/wp-json\/wp\/v2\/comments?post=1968"}],"version-history":[{"count":6,"href":"https:\/\/www.afibmatters.org\/pt-pt\/wp-json\/wp\/v2\/pages\/1968\/revisions"}],"predecessor-version":[{"id":6576,"href":"https:\/\/www.afibmatters.org\/pt-pt\/wp-json\/wp\/v2\/pages\/1968\/revisions\/6576"}],"wp:attachment":[{"href":"https:\/\/www.afibmatters.org\/pt-pt\/wp-json\/wp\/v2\/media?parent=1968"}],"wp:term":[{"taxonomy":"category","embeddable":true,"href":"https:\/\/www.afibmatters.org\/pt-pt\/wp-json\/wp\/v2\/categories?post=1968"},{"taxonomy":"post_tag","embeddable":true,"href":"https:\/\/www.afibmatters.org\/pt-pt\/wp-json\/wp\/v2\/tags?post=1968"}],"curies":[{"name":"wp","href":"https:\/\/api.w.org\/{rel}","templated":true}]}}