{"id":1966,"date":"2020-03-09T12:29:08","date_gmt":"2020-03-09T12:29:08","guid":{"rendered":"https:\/\/www.afibmatters.org\/o-que-o-meu-medico-pode-fazer\/restaurar-um-ritmo-cardiaco-normal-e-prevenir-recaidas\/"},"modified":"2022-01-27T10:01:25","modified_gmt":"2022-01-27T10:01:25","slug":"restaurar-um-ritmo-cardiaco-normal-e-prevenir-recaidas","status":"publish","type":"page","link":"https:\/\/www.afibmatters.org\/pt-pt\/o-que-o-meu-medico-pode-fazer\/restaurar-um-ritmo-cardiaco-normal-e-prevenir-recaidas\/","title":{"rendered":"Restaurar um ritmo card\u00edaco normal e prevenir reca\u00eddas"},"content":{"rendered":"<p>Por vezes, quando tem um epis\u00f3dio de fibrilha\u00e7\u00e3o auricular, o ritmo normal \u00e9 restaurado sem tratamento. Se isto n\u00e3o acontecer, ou se apresentar sintomas durante os epis\u00f3dios de fibrilha\u00e7\u00e3o auricular, o m\u00e9dico pode sugerir que <strong>restaure o ritmo card\u00edaco<\/strong> a um ritmo normal (ritmo sinusal). A isto chamamos <strong>controlo do ritmo<\/strong>.<\/p>\n<p>Ao escolher a estrat\u00e9gia de controlo de ritmo, existem duas op\u00e7\u00f5es na restaura\u00e7\u00e3o do ritmo sinusal normal: medica\u00e7\u00e3o (cardiovers\u00e3o farmacol\u00f3gica) e cardiovers\u00e3o el\u00e9trica.<\/p>\n<p>Antes de ser submetido a uma cardiovers\u00e3o, quer se trate de uma cardiovers\u00e3o el\u00e9trica ou farmacol\u00f3gica, o m\u00e9dico pode pedir-lhe que tome anticoagulantes (medicamentos para diluir o sangue), durante um m\u00ednimo de tr\u00eas semanas antes do procedimento. Alternativamente, o m\u00e9dico pode querer excluir co\u00e1gulos sangu\u00edneos no cora\u00e7\u00e3o realizando um exame de imagem espec\u00edfico chamado ecografia transesof\u00e1gica antes da cardiovers\u00e3o. Tamb\u00e9m precisar\u00e1 de continuar a tomar os medicamentos anticoagulantes durante um m\u00ednimo de quatro semanas ap\u00f3s a cardiovers\u00e3o para reduzir o risco de acidente vascular cerebral. Dependendo do risco global de acidente vascular cerebral, o m\u00e9dico pode pedir-lhe que continue a tomar um anticoagulante para o resto da vida.<\/p>\n<p>&nbsp;<\/p>\n<ul>\n<li>\n<h3>Medica\u00e7\u00e3o<\/h3>\n<\/li>\n<\/ul>\n<p><img loading=\"lazy\" decoding=\"async\" class=\"alignnone wp-image-6175 size-full\" src=\"https:\/\/cdn-endpoint-afib.azureedge.net\/afibmatters\/2022\/01\/iStock-467032360-1024x686-1-min.jpg?_t=1643277676\" alt=\"\" width=\"800\" height=\"536\" srcset=\"https:\/\/www.afibmatters.org\/wp-content\/uploads\/2022\/01\/iStock-467032360-1024x686-1-min.jpg 800w, https:\/\/www.afibmatters.org\/wp-content\/uploads\/2022\/01\/iStock-467032360-1024x686-1-min-300x201.jpg 300w, https:\/\/www.afibmatters.org\/wp-content\/uploads\/2022\/01\/iStock-467032360-1024x686-1-min-768x515.jpg 768w, https:\/\/www.afibmatters.org\/wp-content\/uploads\/2022\/01\/iStock-467032360-1024x686-1-min-500x335.jpg 500w\" sizes=\"auto, (max-width: 800px) 100vw, 800px\" \/><\/p>\n<p>A restaura\u00e7\u00e3o do ritmo normal pode ser feita com medica\u00e7\u00e3o. Isto \u00e9 conhecido como <strong>cardiovers\u00e3o farmacol\u00f3gica<\/strong>. A medica\u00e7\u00e3o tamb\u00e9m \u00e9 \u00fatil para prevenir uma reca\u00edda da fibrilha\u00e7\u00e3o auricular.<\/p>\n<p>Os medicamentos utilizados para restaurar o ritmo sinusal e reduzir os epis\u00f3dios de fibrilha\u00e7\u00e3o auricular s\u00e3o chamados &#8220;<strong>antiarr\u00edtmicos<\/strong>&#8221; e os mais utilizados s\u00e3o:<\/p>\n<ul>\n<li style=\"list-style-type: none;\">\n<ul>\n<li>Flecainida<\/li>\n<li>Dronedarona<\/li>\n<li>Sotalol<\/li>\n<li>Amiodarona<\/li>\n<li>Propafenona<\/li>\n<li>Disopiramida<\/li>\n<\/ul>\n<\/li>\n<\/ul>\n<p>&nbsp;<\/p>\n<p>Os medicamentos antiarr\u00edtmicos alteram a atividade el\u00e9trica das c\u00e9lulas card\u00edacas, facilitando a restaura\u00e7\u00e3o do ritmo sinusal normal. Al\u00e9m de converter a fibrilha\u00e7\u00e3o auricular, os medicamentos antiarr\u00edtmicos tamb\u00e9m podem ajudar a manter o ritmo sinusal normal e reduzir a sua possibilidade de reca\u00edda da fibrilha\u00e7\u00e3o auricular.<\/p>\n<p>Por vezes, pode precisar de experimentar v\u00e1rios antiarr\u00edtmicos antes de encontrar o mais adequado para si. Como nem todos os medicamentos antiarr\u00edtmicos s\u00e3o adequados para todos os doentes, o m\u00e9dico decidir\u00e1 qual \u00e9 o mais adequado para si, dependendo dos seus outros problemas m\u00e9dicos.<\/p>\n<p>Alguns medicamentos antiarr\u00edtmicos, como a amiodarona, podem ter efeitos secund\u00e1rios graves. O m\u00e9dico vai monitoriz\u00e1-lo regularmente para garantir que \u00e9 seguro continuar a tomar esta medica\u00e7\u00e3o. Al\u00e9m disso, pode ser necess\u00e1rio monitorizar o medicamento com an\u00e1lises ao sangue. O m\u00e9dico ajudar\u00e1 a escolher o melhor medicamento antiarr\u00edtmico para a sua situa\u00e7\u00e3o cl\u00ednica e discutir\u00e1 mais detalhadamente os benef\u00edcios e os poss\u00edveis efeitos secund\u00e1rios.<\/p>\n<p>&nbsp;<\/p>\n<ul>\n<li><a href=\"\/pt-pt\/o-que-o-meu-medico-pode-fazer\/o-que-e-uma-cardioversao\/\">Cardiovers\u00e3o<\/a><\/li>\n<li><a href=\"\/pt-pt\/o-que-o-meu-medico-pode-fazer\/ablacao-de-fibrilhacao-auricular\/\">Abla\u00e7\u00e3o<\/a><\/li>\n<\/ul>\n<p>&nbsp;<\/p>\n<p><a href=\"\/pt-pt\/o-que-posso-fazer\/como-devo-mudar-a-minha-vida\/\"><strong>Saiba mais sobre: &#8220;Como devo mudar a minha vida?&#8221;<\/strong><\/a><\/p>\n","protected":false},"excerpt":{"rendered":"<p>Por vezes, quando tem um epis\u00f3dio de fibrilha\u00e7\u00e3o auricular, o ritmo normal \u00e9 restaurado sem tratamento. Se isto n\u00e3o acontecer, ou se apresentar sintomas durante os epis\u00f3dios de fibrilha\u00e7\u00e3o auricular, o m\u00e9dico pode sugerir que restaure o ritmo card\u00edaco a um ritmo normal (ritmo sinusal). A isto chamamos controlo do ritmo. Ao escolher a estrat\u00e9gia [&hellip;]<\/p>\n","protected":false},"author":1,"featured_media":0,"parent":1956,"menu_order":15,"comment_status":"closed","ping_status":"closed","template":"","meta":{"_acf_changed":false,"footnotes":""},"categories":[77],"tags":[],"class_list":["post-1966","page","type-page","status-publish","hentry","category-o-que-o-meu-medico-pode-fazer"],"acf":[],"_links":{"self":[{"href":"https:\/\/www.afibmatters.org\/pt-pt\/wp-json\/wp\/v2\/pages\/1966","targetHints":{"allow":["GET"]}}],"collection":[{"href":"https:\/\/www.afibmatters.org\/pt-pt\/wp-json\/wp\/v2\/pages"}],"about":[{"href":"https:\/\/www.afibmatters.org\/pt-pt\/wp-json\/wp\/v2\/types\/page"}],"author":[{"embeddable":true,"href":"https:\/\/www.afibmatters.org\/pt-pt\/wp-json\/wp\/v2\/users\/1"}],"replies":[{"embeddable":true,"href":"https:\/\/www.afibmatters.org\/pt-pt\/wp-json\/wp\/v2\/comments?post=1966"}],"version-history":[{"count":7,"href":"https:\/\/www.afibmatters.org\/pt-pt\/wp-json\/wp\/v2\/pages\/1966\/revisions"}],"predecessor-version":[{"id":6192,"href":"https:\/\/www.afibmatters.org\/pt-pt\/wp-json\/wp\/v2\/pages\/1966\/revisions\/6192"}],"up":[{"embeddable":true,"href":"https:\/\/www.afibmatters.org\/pt-pt\/wp-json\/wp\/v2\/pages\/1956"}],"wp:attachment":[{"href":"https:\/\/www.afibmatters.org\/pt-pt\/wp-json\/wp\/v2\/media?parent=1966"}],"wp:term":[{"taxonomy":"category","embeddable":true,"href":"https:\/\/www.afibmatters.org\/pt-pt\/wp-json\/wp\/v2\/categories?post=1966"},{"taxonomy":"post_tag","embeddable":true,"href":"https:\/\/www.afibmatters.org\/pt-pt\/wp-json\/wp\/v2\/tags?post=1966"}],"curies":[{"name":"wp","href":"https:\/\/api.w.org\/{rel}","templated":true}]}}