{"id":1964,"date":"2020-03-09T12:29:08","date_gmt":"2020-03-09T12:29:08","guid":{"rendered":"https:\/\/www.afibmatters.org\/o-que-e-a-fibrilhacao-auricular\/os-diferentes-tipos-de-afib\/"},"modified":"2022-01-26T15:53:06","modified_gmt":"2022-01-26T15:53:06","slug":"os-diferentes-tipos-de-fa","status":"publish","type":"page","link":"https:\/\/www.afibmatters.org\/pt-pt\/o-que-e-a-fibrilhacao-auricular\/os-diferentes-tipos-de-fa\/","title":{"rendered":"Os diferentes tipos de FA"},"content":{"rendered":"<p><img loading=\"lazy\" decoding=\"async\" class=\"aligncenter wp-image-5527\" src=\"https:\/\/cdn-endpoint-afib.azureedge.net\/afibmatters\/2022\/01\/iStock-653030504-Converted-e1576842831897-1024x865-min.jpg?_t=1643212368\" alt=\"\" width=\"400\" height=\"338\" srcset=\"https:\/\/www.afibmatters.org\/wp-content\/uploads\/2022\/01\/iStock-653030504-Converted-e1576842831897-1024x865-min.jpg 1024w, https:\/\/www.afibmatters.org\/wp-content\/uploads\/2022\/01\/iStock-653030504-Converted-e1576842831897-1024x865-min-300x253.jpg 300w, https:\/\/www.afibmatters.org\/wp-content\/uploads\/2022\/01\/iStock-653030504-Converted-e1576842831897-1024x865-min-768x649.jpg 768w, https:\/\/www.afibmatters.org\/wp-content\/uploads\/2022\/01\/iStock-653030504-Converted-e1576842831897-1024x865-min-429x362.jpg 429w\" sizes=\"auto, (max-width: 400px) 100vw, 400px\" \/><\/p>\n<p>&nbsp;<\/p>\n<p>Se a fibrilha\u00e7\u00e3o auricular parar num curto espa\u00e7o de tempo, \u00e9 chamada <strong>parox\u00edstica, <\/strong>mas se a fibrilha\u00e7\u00e3o auricular estiver continuamente presente, ou continuar por per\u00edodos prolongados, \u00e9 <strong>persistente<\/strong>. Quando n\u00e3o \u00e9 poss\u00edvel restaurar o ritmo card\u00edaco normal, a fibrilha\u00e7\u00e3o auricular \u00e9 denominada <strong>permanente<\/strong>. Estes tipos de fibrilha\u00e7\u00e3o auricular t\u00eam uma resposta diferente \u00e0 terapia, pelo que s\u00e3o abordadas de forma diferente.<\/p>\n<p>&nbsp;<\/p>\n<table>\n<tbody>\n<tr>\n<th><strong>Parox\u00edstica<\/strong><\/th>\n<td>Epis\u00f3dios de fibrilha\u00e7\u00e3o auricular com dura\u00e7\u00e3o inferior a sete dias.<\/td>\n<\/tr>\n<tr>\n<th><strong>Persistente<\/strong><\/th>\n<td>Um epis\u00f3dio de fibrilha\u00e7\u00e3o auricular com dura\u00e7\u00e3o superior a sete dias.<\/td>\n<\/tr>\n<tr>\n<th><strong>Persistente de longa data<\/strong><\/th>\n<td>Um epis\u00f3dio de fibrilha\u00e7\u00e3o auricular com dura\u00e7\u00e3o superior a um ano.<\/td>\n<\/tr>\n<tr>\n<th><strong>Permanente<\/strong><\/th>\n<td>Quando n\u00e3o \u00e9 feita qualquer tentativa ou n\u00e3o \u00e9 poss\u00edvel restaurar o ritmo normal.<\/td>\n<\/tr>\n<\/tbody>\n<\/table>\n<p>&nbsp;<\/p>\n<p>&nbsp;<\/p>\n","protected":false},"excerpt":{"rendered":"<p>&nbsp; Se a fibrilha\u00e7\u00e3o auricular parar num curto espa\u00e7o de tempo, \u00e9 chamada parox\u00edstica, mas se a fibrilha\u00e7\u00e3o auricular estiver continuamente presente, ou continuar por per\u00edodos prolongados, \u00e9 persistente. Quando n\u00e3o \u00e9 poss\u00edvel restaurar o ritmo card\u00edaco normal, a fibrilha\u00e7\u00e3o auricular \u00e9 denominada permanente. Estes tipos de fibrilha\u00e7\u00e3o auricular t\u00eam uma resposta diferente \u00e0 terapia, [&hellip;]<\/p>\n","protected":false},"author":1,"featured_media":0,"parent":1954,"menu_order":5,"comment_status":"closed","ping_status":"closed","template":"","meta":{"_acf_changed":false,"footnotes":""},"categories":[79],"tags":[],"class_list":["post-1964","page","type-page","status-publish","hentry","category-o-que-e-a-afib"],"acf":[],"_links":{"self":[{"href":"https:\/\/www.afibmatters.org\/pt-pt\/wp-json\/wp\/v2\/pages\/1964","targetHints":{"allow":["GET"]}}],"collection":[{"href":"https:\/\/www.afibmatters.org\/pt-pt\/wp-json\/wp\/v2\/pages"}],"about":[{"href":"https:\/\/www.afibmatters.org\/pt-pt\/wp-json\/wp\/v2\/types\/page"}],"author":[{"embeddable":true,"href":"https:\/\/www.afibmatters.org\/pt-pt\/wp-json\/wp\/v2\/users\/1"}],"replies":[{"embeddable":true,"href":"https:\/\/www.afibmatters.org\/pt-pt\/wp-json\/wp\/v2\/comments?post=1964"}],"version-history":[{"count":4,"href":"https:\/\/www.afibmatters.org\/pt-pt\/wp-json\/wp\/v2\/pages\/1964\/revisions"}],"predecessor-version":[{"id":5904,"href":"https:\/\/www.afibmatters.org\/pt-pt\/wp-json\/wp\/v2\/pages\/1964\/revisions\/5904"}],"up":[{"embeddable":true,"href":"https:\/\/www.afibmatters.org\/pt-pt\/wp-json\/wp\/v2\/pages\/1954"}],"wp:attachment":[{"href":"https:\/\/www.afibmatters.org\/pt-pt\/wp-json\/wp\/v2\/media?parent=1964"}],"wp:term":[{"taxonomy":"category","embeddable":true,"href":"https:\/\/www.afibmatters.org\/pt-pt\/wp-json\/wp\/v2\/categories?post=1964"},{"taxonomy":"post_tag","embeddable":true,"href":"https:\/\/www.afibmatters.org\/pt-pt\/wp-json\/wp\/v2\/tags?post=1964"}],"curies":[{"name":"wp","href":"https:\/\/api.w.org\/{rel}","templated":true}]}}