{"id":1954,"date":"2020-03-09T12:29:04","date_gmt":"2020-03-09T12:29:04","guid":{"rendered":"https:\/\/www.afibmatters.org\/o-que-e-a-fibrilhacao-auricular\/"},"modified":"2021-08-03T15:05:30","modified_gmt":"2021-08-03T14:05:30","slug":"o-que-e-a-fibrilhacao-auricular","status":"publish","type":"page","link":"https:\/\/www.afibmatters.org\/pt-pt\/o-que-e-a-fibrilhacao-auricular\/","title":{"rendered":"O que \u00e9 a fibrilha\u00e7\u00e3o auricular?"},"content":{"rendered":"<p>A fibrilha\u00e7\u00e3o auricular \u00e9 um problema card\u00edaco que causa uma frequ\u00eancia card\u00edaca irregular e muitas vezes anormalmente r\u00e1pida. Um ritmo card\u00edaco normal em repouso deve ser regular e entre 60 e 100 batimentos por minuto, mas os doentes com fibrilha\u00e7\u00e3o auricular podem frequentemente ter batimentos card\u00edacos em repouso entre 100 e 120 batimentos por minuto, ou at\u00e9 mesmo maiores, em alguns casos.<\/p>\n<p>A fibrilha\u00e7\u00e3o auricular \u00e9 o dist\u00farbio mais comum do ritmo card\u00edaco que afeta cerca de 1 % da popula\u00e7\u00e3o. Embora seja raro que os jovens desenvolvam fibrilha\u00e7\u00e3o auricular, cerca de 5 % das pessoas com idade superior a 65 anos e 10 % das pessoas com idade superior a 80 anos s\u00e3o afetadas pela doen\u00e7a.<\/p>\n<p>&nbsp;<\/p>\n<h2><a href=\"https:\/\/www.afibmatters.org\/pt-pt\/o-que-e-a-fibrilhacao-auricular\/o-ritmo-cardiaco-normal-e-anatomia\/\">O ritmo card\u00edaco normal<\/a><\/h2>\n<p>Quando batem normalmente, as paredes musculares do cora\u00e7\u00e3o apertam e contraem para for\u00e7ar a sa\u00edda do sangue do cora\u00e7\u00e3o e percorrer o corpo. Em seguida, os m\u00fasculos relaxam e o cora\u00e7\u00e3o pode encher-se de sangue novamente. O processo \u00e9 repetido sempre que o cora\u00e7\u00e3o bate.<\/p>\n<p>&nbsp;<\/p>\n<h2><a href=\"https:\/\/www.afibmatters.org\/pt-pt\/o-que-e-a-fibrilhacao-auricular\/o-coracao-durante-a-fibrilhacao-auricular\/\">Como a fibrilha\u00e7\u00e3o auricular afeta o cora\u00e7\u00e3o<\/a><\/h2>\n<p>A fibrilha\u00e7\u00e3o auricular ocorre quando impulsos el\u00e9tricos anormais come\u00e7am a disparar repentinamente nas c\u00e2maras superiores do cora\u00e7\u00e3o (aur\u00edculas). Isso faz com que as aur\u00edculas se contraiam erraticamente e, \u00e0s vezes, muito r\u00e1pido para que o m\u00fasculo card\u00edaco relaxe adequadamente entre as contra\u00e7\u00f5es, reduzindo o desempenho e a efici\u00eancia do cora\u00e7\u00e3o.<\/p>\n<p>As causas da fibrilha\u00e7\u00e3o auricular n\u00e3o s\u00e3o totalmente compreendidas e, embora n\u00e3o seja geralmente fatal, em algumas pessoas \u00e9 um problema m\u00e9dico grave que pode exigir tratamento urgente. Uma das raz\u00f5es \u00e9 que aumenta a probabilidade de desenvolver co\u00e1gulos sangu\u00edneos nas c\u00e2maras superiores do cora\u00e7\u00e3o, que podem ser bombeados para outros \u00f3rg\u00e3os. Se estes co\u00e1gulos bloquearem as art\u00e9rias de outros \u00f3rg\u00e3os, como o c\u00e9rebro, impedem a circula\u00e7\u00e3o do sangue e do oxig\u00e9nio e podem causar danos significativos, como um AVC.<\/p>\n<p>&nbsp;<\/p>\n<h2><a href=\"https:\/\/www.afibmatters.org\/pt-pt\/o-que-e-a-fibrilhacao-auricular\/os-diferentes-tipos-de-fa\/\">Tipos de fibrilha\u00e7\u00e3o auricular<\/a><\/h2>\n<p>A fibrilha\u00e7\u00e3o auricular pode ser definida de diferentes maneiras, dependendo da frequ\u00eancia e da dura\u00e7\u00e3o dos epis\u00f3dios. A fibrilha\u00e7\u00e3o auricular parox\u00edstica descreve epis\u00f3dios que surgem e desaparecem e geralmente duram menos de 7 dias. Em muitas pessoas duram minutos ou horas. Os epis\u00f3dios persistentes de fibrilha\u00e7\u00e3o auricular duram mais de 7 dias, com fibrilha\u00e7\u00e3o auricular persistente de longa dura\u00e7\u00e3o, consistindo em fibrilha\u00e7\u00e3o auricular cont\u00ednua durante um ano ou mais. A fibrilha\u00e7\u00e3o auricular permanente verifica-se quando \u00e9 aceite que a fibrilha\u00e7\u00e3o auricular \u00e9 permanente e n\u00e3o \u00e9 efetuada qualquer tentativa para trat\u00e1-la.<\/p>\n<p>&nbsp;<\/p>\n<h2>Sintomas de fibrilha\u00e7\u00e3o auricular<\/h2>\n<p>Os sintomas de fibrilha\u00e7\u00e3o auricular incluem palpita\u00e7\u00f5es card\u00edacas, tonturas, vertigens, falta de ar e fadiga. Palpita\u00e7\u00e3o significa ter no\u00e7\u00e3o do batimento card\u00edaco e, no caso da fibrilha\u00e7\u00e3o auricular, \u00e9 uma sensa\u00e7\u00e3o de vibra\u00e7\u00e3o ou de batimento ca\u00f3tico irregular. Outros sintomas incluem aperto no peito, sensa\u00e7\u00e3o de congest\u00e3o ou apenas letargia geral.<\/p>\n<p>&nbsp;<\/p>\n<h2>Complica\u00e7\u00f5es da fibrilha\u00e7\u00e3o auricular<\/h2>\n<p>Muitas pessoas com fibrilha\u00e7\u00e3o auricular n\u00e3o sabem que a t\u00eam, uma vez que esta pode n\u00e3o causar quaisquer sintomas. No entanto, a falta de sintomas n\u00e3o significa que o risco de co\u00e1gulos sangu\u00edneos e AVC seja menor. Os doentes com fibrilha\u00e7\u00e3o auricular t\u00eam uma tend\u00eancia 4 a 5 vezes superior de sofrer um acidente vascular cerebral do que as pessoas que n\u00e3o t\u00eam este problema. Os acidentes vasculares cerebrais geralmente ocorrem em pessoas que n\u00e3o sabem que t\u00eam fibrilha\u00e7\u00e3o auricular e n\u00e3o est\u00e3o medicadas como prote\u00e7\u00e3o.<\/p>\n<p>Al\u00e9m disso, se a frequ\u00eancia card\u00edaca for muito r\u00e1pida durante todo o dia e a noite por muitas semanas, pode enfraquecer o m\u00fasculo card\u00edaco e causar insufici\u00eancia card\u00edaca, situa\u00e7\u00e3o em que o cora\u00e7\u00e3o n\u00e3o consegue circular sangue suficiente para atender \u00e0s necessidades do corpo.<\/p>\n<p>Esta se\u00e7\u00e3o p\u00e1gina Web fornece informa\u00e7\u00f5es pormenorizadas sobre a anatomia do cora\u00e7\u00e3o, como este \u00e9 afetado pela fibrilha\u00e7\u00e3o auricular e informa\u00e7\u00f5es sobre v\u00e1rios tipos de fibrilha\u00e7\u00e3o auricular e o grau com que cada tipo afeta os doentes.<\/p>\n<p>&nbsp;<\/p>\n","protected":false},"excerpt":{"rendered":"<p>A fibrilha\u00e7\u00e3o auricular \u00e9 um problema card\u00edaco que causa uma frequ\u00eancia card\u00edaca irregular e muitas vezes anormalmente r\u00e1pida. Um ritmo card\u00edaco normal em repouso deve ser regular e entre 60 e 100 batimentos por minuto, mas os doentes com fibrilha\u00e7\u00e3o auricular podem frequentemente ter batimentos card\u00edacos em repouso entre 100 e 120 batimentos por minuto, [&hellip;]<\/p>\n","protected":false},"author":1,"featured_media":902,"parent":0,"menu_order":2,"comment_status":"closed","ping_status":"closed","template":"templates\/parent.php","meta":{"_acf_changed":false,"footnotes":""},"categories":[79],"tags":[],"class_list":["post-1954","page","type-page","status-publish","has-post-thumbnail","hentry","category-o-que-e-a-afib"],"acf":[],"_links":{"self":[{"href":"https:\/\/www.afibmatters.org\/pt-pt\/wp-json\/wp\/v2\/pages\/1954","targetHints":{"allow":["GET"]}}],"collection":[{"href":"https:\/\/www.afibmatters.org\/pt-pt\/wp-json\/wp\/v2\/pages"}],"about":[{"href":"https:\/\/www.afibmatters.org\/pt-pt\/wp-json\/wp\/v2\/types\/page"}],"author":[{"embeddable":true,"href":"https:\/\/www.afibmatters.org\/pt-pt\/wp-json\/wp\/v2\/users\/1"}],"replies":[{"embeddable":true,"href":"https:\/\/www.afibmatters.org\/pt-pt\/wp-json\/wp\/v2\/comments?post=1954"}],"version-history":[{"count":4,"href":"https:\/\/www.afibmatters.org\/pt-pt\/wp-json\/wp\/v2\/pages\/1954\/revisions"}],"predecessor-version":[{"id":4927,"href":"https:\/\/www.afibmatters.org\/pt-pt\/wp-json\/wp\/v2\/pages\/1954\/revisions\/4927"}],"wp:featuredmedia":[{"embeddable":true,"href":"https:\/\/www.afibmatters.org\/pt-pt\/wp-json\/wp\/v2\/media\/902"}],"wp:attachment":[{"href":"https:\/\/www.afibmatters.org\/pt-pt\/wp-json\/wp\/v2\/media?parent=1954"}],"wp:term":[{"taxonomy":"category","embeddable":true,"href":"https:\/\/www.afibmatters.org\/pt-pt\/wp-json\/wp\/v2\/categories?post=1954"},{"taxonomy":"post_tag","embeddable":true,"href":"https:\/\/www.afibmatters.org\/pt-pt\/wp-json\/wp\/v2\/tags?post=1954"}],"curies":[{"name":"wp","href":"https:\/\/api.w.org\/{rel}","templated":true}]}}