{"id":6706,"date":"2022-03-24T10:50:06","date_gmt":"2022-03-24T10:50:06","guid":{"rendered":"https:\/\/www.afibmatters.org\/co-moge-zrobic\/jak-moge-zmienic-swoje-zycie\/palenie-tytoniu\/"},"modified":"2022-03-24T10:50:06","modified_gmt":"2022-03-24T10:50:06","slug":"palenie-tytoniu","status":"publish","type":"page","link":"https:\/\/www.afibmatters.org\/pl\/co-moge-zrobic\/jak-moge-zmienic-swoje-zycie\/palenie-tytoniu\/","title":{"rendered":"Palenie tytoniu"},"content":{"rendered":"<h3><img loading=\"lazy\" decoding=\"async\" class=\"alignnone wp-image-6429 size-full\" src=\"https:\/\/cdn-endpoint-afib.azureedge.net\/afibmatters\/2022\/03\/shutterstock_1252774594-1-min.jpg?_t=1646320517\" alt=\"\" width=\"900\" height=\"600\" srcset=\"https:\/\/cdn-endpoint-afib.azureedge.net\/afibmatters\/2022\/03\/shutterstock_1252774594-1-min.jpg 900w, https:\/\/cdn-endpoint-afib.azureedge.net\/afibmatters\/2022\/03\/shutterstock_1252774594-1-min-300x200.jpg 300w, https:\/\/cdn-endpoint-afib.azureedge.net\/afibmatters\/2022\/03\/shutterstock_1252774594-1-min-768x512.jpg 768w, https:\/\/cdn-endpoint-afib.azureedge.net\/afibmatters\/2022\/03\/shutterstock_1252774594-1-min-500x333.jpg 500w\" sizes=\"auto, (max-width: 900px) 100vw, 900px\" \/><\/h3>\n<h3>Papierosy tradycyjne<\/h3>\n<p>Palenie jest najwa\u017cniejszym czynnikiem ryzyka chor\u00f3b serca, kt\u00f3rego mo\u017cna unikn\u0105\u0107. Powoduje mia\u017cd\u017cyc\u0119 (zwapnienia naczy\u0144 krwiono\u015bnych) i zw\u0119\u017cenie t\u0119tnic sercowych (wie\u0144cowych), co ostatecznie prowadzi do zawa\u0142\u00f3w serca i zatrzymania kr\u0105\u017cenia.<\/p>\n<p>Ponadto palenie jest przyczyn\u0105 27% wszystkich nowotwor\u00f3w i jest bezpo\u015brednio zwi\u0105zane z 700 tysi\u0105cami przedwczesnych zgon\u00f3w w Europie rocznie. W wi\u0119kszo\u015bci kraj\u00f3w europejskich liczba palaczy w ostatnich dziesi\u0119cioleciach zatrzyma\u0142a si\u0119 na sta\u0142ym poziomie lub spad\u0142a. Jednak w 2020 r. palaczami by\u0142o 25% ca\u0142ej populacji europejskiej oraz a\u017c 29% os\u00f3b w wieku od 15 do 24 lat.<\/p>\n<p>W dzisiejszych czasach nie trzeba nikogo przekonywa\u0107 o negatywnych skutkach palenia. Mniej znany wszystkim jest jednak fakt, \u017ce u palaczy wyst\u0119puje znacznie wy\u017csze ryzyko wyst\u0105pienia migotania przedsionk\u00f3w. W przeciwie\u0144stwie do nie\u017ale poznanego rozwoju chor\u00f3b naczyniowych, mechanizm wp\u0142ywu palenia tytoniu na to zjawisko jest mniej znany. Oczywiste jest jednak, \u017ce palacze s\u0105 nara\u017ceni na 1,5\u20132 razy wi\u0119ksze ryzyko wyst\u0105pienia migotania przedsionk\u00f3w w ci\u0105gu \u017cycia ni\u017c osoby niepal\u0105ce.<\/p>\n<p>Ryzyko to wzrasta w zale\u017cno\u015bci od liczby wypalanych papieros\u00f3w i liczby lat palenia. Rzucenie palenia ogranicza ryzyko, ale nadal jest ono znacznie wy\u017csze w por\u00f3wnaniu z osob\u0105, kt\u00f3ra nigdy nie pali\u0142a. Podstawowe przes\u0142anie jest zatem takie: <strong>nigdy nie zaczynaj pali\u0107! <\/strong> <\/p>\n<p>Ponadto palenie tytoniu przyczynia si\u0119 do powstawania chor\u00f3b, kt\u00f3re podnosz\u0105 ryzyko migotania przedsionk\u00f3w, takich jak niekt\u00f3re choroby p\u0142uc (np. POChP, przewlek\u0142a obturacyjna choroba p\u0142uc), bezdech senny, choroba niedokrwienna serca i niewydolno\u015b\u0107 serca.<\/p>\n<p>Leczenie tych czynnik\u00f3w ryzyka jest cz\u0119\u015bci\u0105 leczenia migotania przedsionk\u00f3w. Rzucenie palenia ma korzystny wp\u0142yw na te czynniki ryzyka, a w rezultacie r\u00f3wnie\u017c po\u015brednio korzystny wp\u0142yw na zapobieganie migotaniu przedsionk\u00f3w.<\/p>\n<p>R\u00f3wnie\u017c bierne palenie zwi\u0119ksza ryzyko wyst\u0105pienia migotania przedsionk\u00f3w. Zagro\u017cenie to znacznie wzrasta, zw\u0142aszcza gdy do ekspozycji na dym papierosowy dochodzi w m\u0142odszym wieku. Palenie bierne w okresie ci\u0105\u017cy i dzieci\u0144stwa zwi\u0119ksza ryzyko wyst\u0105pienia migotania przedsionk\u00f3w nawet o 40%.<\/p>\n<p>&nbsp;<\/p>\n<h3>E-papierosy<\/h3>\n<p>Od 2007 r. nast\u0105pi\u0142 znacz\u0105cy wzrost liczby u\u017cytkownik\u00f3w papieros\u00f3w elektronicznych. Oczekuje si\u0119, \u017ce ten spos\u00f3b palenia pomo\u017ce ludziom ca\u0142kowicie rzuci\u0107 palenie i uwa\u017ca si\u0119 go za bezpieczniejszy ni\u017c klasyczne papierosy. Urz\u0105dzenia te nie zawieraj\u0105 typowych produkt\u00f3w spalania, takich jak szkodliwy tlenek w\u0119gla i wiele silnych czynnik\u00f3w rakotw\u00f3rczych.<\/p>\n<p>Brakuje jednak obszernych bada\u0144 oceniaj\u0105cych d\u0142ugofalowy wp\u0142yw e-papieros\u00f3w na zdrowie uk\u0142adu sercowo-naczyniowego, w tym na ewentualny wzrost ryzyka wyst\u0119powania migotania przedsionk\u00f3w.<\/p>\n<p>W literaturze opisano kilka przypadk\u00f3w, w kt\u00f3rych u\u017cycie papierosa elektronicznego mog\u0142o by\u0107 zwi\u0105zane z wyst\u0105pieniem migotania przedsionk\u00f3w. Dane te s\u0105 jednak nadal ograniczone i z pewno\u015bci\u0105 nie wykazano jeszcze, czy takie potencjalnie wy\u017csze ryzyko jest zwi\u0105zane z nikotyn\u0105, czy z innymi substancjami zawartymi w dymie z papierosa elektronicznego.<\/p>\n<p>Nie badano jeszcze wielu substancji powstaj\u0105cych w wyniku podgrzewania po\u0142\u0105czenia wody, \u015brodk\u00f3w aromatyzuj\u0105cych, rozpuszczalnik\u00f3w i nikotyny zawartych w papierosie elektronicznym.<\/p>\n<p>&nbsp;<\/p>\n<h3>Nikotynowa terapia zast\u0119pcza<\/h3>\n<p>Nikotyna jest jak dotychczas najcz\u0119\u015bciej badanym sk\u0142adnikiem, jednak zwi\u0105zek mi\u0119dzy nikotyn\u0105 a migotaniem przedsionk\u00f3w nie zosta\u0142 jeszcze jasno okre\u015blony. Dost\u0119pne s\u0105 kr\u00f3tkoterminowe badania dotycz\u0105ce nikotynowej terapii zast\u0119pczej, takiej jak plastry nikotynowe. Uzyskane dane nie wydaj\u0105 si\u0119 jednak wskazywa\u0107 na wyra\u017anie wy\u017csze ryzyko wyst\u0105pienia migotania przedsionk\u00f3w.<\/p>\n","protected":false},"excerpt":{"rendered":"<p>Papierosy tradycyjne Palenie jest najwa\u017cniejszym czynnikiem ryzyka chor\u00f3b serca, kt\u00f3rego mo\u017cna unikn\u0105\u0107. Powoduje mia\u017cd\u017cyc\u0119 (zwapnienia naczy\u0144 krwiono\u015bnych) i zw\u0119\u017cenie t\u0119tnic sercowych (wie\u0144cowych), co ostatecznie prowadzi do zawa\u0142\u00f3w serca i zatrzymania kr\u0105\u017cenia. Ponadto palenie jest przyczyn\u0105 27% wszystkich nowotwor\u00f3w i jest bezpo\u015brednio zwi\u0105zane z 700 tysi\u0105cami przedwczesnych zgon\u00f3w w Europie rocznie. W wi\u0119kszo\u015bci kraj\u00f3w europejskich liczba [&hellip;]<\/p>\n","protected":false},"author":1,"featured_media":0,"parent":1539,"menu_order":9,"comment_status":"closed","ping_status":"closed","template":"","meta":{"_acf_changed":false,"footnotes":""},"categories":[68],"tags":[],"class_list":["post-6706","page","type-page","status-publish","hentry","category-co-moge-zrobic"],"acf":[],"_links":{"self":[{"href":"https:\/\/www.afibmatters.org\/pl\/wp-json\/wp\/v2\/pages\/6706","targetHints":{"allow":["GET"]}}],"collection":[{"href":"https:\/\/www.afibmatters.org\/pl\/wp-json\/wp\/v2\/pages"}],"about":[{"href":"https:\/\/www.afibmatters.org\/pl\/wp-json\/wp\/v2\/types\/page"}],"author":[{"embeddable":true,"href":"https:\/\/www.afibmatters.org\/pl\/wp-json\/wp\/v2\/users\/1"}],"replies":[{"embeddable":true,"href":"https:\/\/www.afibmatters.org\/pl\/wp-json\/wp\/v2\/comments?post=6706"}],"version-history":[{"count":0,"href":"https:\/\/www.afibmatters.org\/pl\/wp-json\/wp\/v2\/pages\/6706\/revisions"}],"up":[{"embeddable":true,"href":"https:\/\/www.afibmatters.org\/pl\/wp-json\/wp\/v2\/pages\/1539"}],"wp:attachment":[{"href":"https:\/\/www.afibmatters.org\/pl\/wp-json\/wp\/v2\/media?parent=6706"}],"wp:term":[{"taxonomy":"category","embeddable":true,"href":"https:\/\/www.afibmatters.org\/pl\/wp-json\/wp\/v2\/categories?post=6706"},{"taxonomy":"post_tag","embeddable":true,"href":"https:\/\/www.afibmatters.org\/pl\/wp-json\/wp\/v2\/tags?post=6706"}],"curies":[{"name":"wp","href":"https:\/\/api.w.org\/{rel}","templated":true}]}}