{"id":6663,"date":"2022-03-24T10:49:19","date_gmt":"2022-03-24T10:49:19","guid":{"rendered":"https:\/\/www.afibmatters.org\/co-musze-wiedziec\/jakie-objawy-daje-migotanie-przedsionkow\/bol-w-klatce-piersiowej\/"},"modified":"2022-03-24T10:49:19","modified_gmt":"2022-03-24T10:49:19","slug":"bol-w-klatce-piersiowej","status":"publish","type":"page","link":"https:\/\/www.afibmatters.org\/pl\/co-musze-wiedziec\/jakie-objawy-daje-migotanie-przedsionkow\/bol-w-klatce-piersiowej\/","title":{"rendered":"B\u00f3l w klatce piersiowej"},"content":{"rendered":"<p><img loading=\"lazy\" decoding=\"async\" class=\"alignnone wp-image-3635 size-large\" src=\"https:\/\/cdn-endpoint-afib.azureedge.net\/afibmatters\/2021\/06\/shutterstock_1720383349-2-1024x667.jpg?_t=1646320234\" alt=\"\" width=\"1024\" height=\"667\" srcset=\"https:\/\/cdn-endpoint-afib.azureedge.net\/afibmatters\/2021\/06\/shutterstock_1720383349-2-1024x667.jpg 1024w, https:\/\/cdn-endpoint-afib.azureedge.net\/afibmatters\/2021\/06\/shutterstock_1720383349-2-300x196.jpg 300w, https:\/\/cdn-endpoint-afib.azureedge.net\/afibmatters\/2021\/06\/shutterstock_1720383349-2-768x501.jpg 768w, https:\/\/cdn-endpoint-afib.azureedge.net\/afibmatters\/2021\/06\/shutterstock_1720383349-2-1536x1001.jpg 1536w, https:\/\/cdn-endpoint-afib.azureedge.net\/afibmatters\/2021\/06\/shutterstock_1720383349-2-2048x1335.jpg 2048w, https:\/\/cdn-endpoint-afib.azureedge.net\/afibmatters\/2021\/06\/shutterstock_1720383349-2-500x326.jpg 500w\" sizes=\"auto, (max-width: 1024px) 100vw, 1024px\" \/><\/p>\n<p>Pacjenci zwykle opisuj\u0105 b\u00f3l w klatce piersiowej wynikaj\u0105cy z problem\u00f3w z sercem jako przygniataj\u0105cy lub t\u0119py b\u00f3l w klatce piersiowej lub wra\u017cenie czego\u015b ci\u0119\u017ckiego po\u015brodku klatki piersiowej. Czasami b\u00f3l mo\u017ce promieniowa\u0107 do \u017cuchwy i\/lub lewego ramienia; niekiedy okre\u015bla si\u0119 go mianem \u201ed\u0142awicy piersiowej\u201d.<\/p>\n<p>Rzadziej mo\u017ce to by\u0107 wra\u017cenie pieczenia w g\u00f3rnej cz\u0119\u015bci brzucha, kt\u00f3re \u0142atwo pomyli\u0107 z b\u00f3lem brzucha lub niestrawno\u015bci\u0105. Z kolei uczucie k\u0142uj\u0105cego lub ostrego b\u00f3lu w klatce piersiowej, zw\u0142aszcza je\u015bli zaostrza si\u0119 podczas wdechu i wydechu, rzadko jest zwi\u0105zane z problemami z sercem.<\/p>\n<p>Najcz\u0119\u015bciej b\u00f3l w klatce piersiowej zwi\u0105zany z sercem jest objawem choroby wie\u0144cowej, w przebiegu kt\u00f3rej naczynia dostarczaj\u0105ce krew do mi\u0119\u015bnia sercowego s\u0105 zw\u0119\u017cone i nie dostarczaj\u0105 odpowiedniej ilo\u015bci tlenu do tkanek serca. W takim przypadku b\u00f3l w klatce piersiowej wyst\u0119puje pocz\u0105tkowo i w g\u0142\u00f3wnej mierze po du\u017cym wysi\u0142ku fizycznym. Z biegiem czasu wysi\u0142ek konieczny do pojawienia si\u0119 b\u00f3lu jest coraz mniejszy.<\/p>\n<p>Je\u015bli b\u00f3l utrzymuje si\u0119 mimo odpoczynku, mo\u017ce by\u0107 oznak\u0105 zawa\u0142u serca. W takim przypadku nale\u017cy wezwa\u0107 pogotowie ratunkowe.<\/p>\n<p>B\u00f3l w klatce piersiowej wyst\u0119puj\u0105cy podczas migotania przedsionk\u00f3w ma te same cechy. Pojawia si\u0119 on jednak podczas epizod\u00f3w migotania przedsionk\u00f3w, kt\u00f3re nie jest wywo\u0142ywane przez \u0107wiczenia. B\u00f3l w klatce piersiowej mo\u017ce by\u0107 jedynym objawem migotania przedsionk\u00f3w, ale cz\u0119\u015bciej wi\u0105\u017ce si\u0119 z ko\u0142ataniem serca, zadyszk\u0105 i wra\u017ceniem szybkiego bicia serca, a czasami nawet zawrotami g\u0142owy i omdleniami.<\/p>\n<p>Uczucie to mo\u017ce by\u0107 bardzo nieprzyjemne \u2013 nale\u017cy w\u00f3wczas pilnie zasi\u0119gn\u0105\u0107 porady lekarza, a najlepiej wezwa\u0107 karetk\u0119. Je\u015bli b\u00f3l w klatce piersiowej wyst\u0119puje sporadycznie i nie jest zwi\u0105zany z innymi objawami, nale\u017cy skonsultowa\u0107 si\u0119 z lekarzem rodzinnym. Lekarz mo\u017ce zaleci\u0107 wykonanie EKG (elektrokardiogramu) lub badania holterem (zwanego r\u00f3wnie\u017c ca\u0142odobowym monitorowaniem rytmu serca\/EKG).<\/p>\n<p>Szybkie wdro\u017cenie leczenia pozwala cz\u0119sto opanowa\u0107 migotanie przedsionk\u00f3w za pomoc\u0105 lek\u00f3w, a w wielu przypadkach mo\u017cna je tymczasowo lub trwale usun\u0105\u0107 za pomoc\u0105 zabieg\u00f3w medycznych nazywanych kardiowersj\u0105 i ablacj\u0105. Wi\u0119kszo\u015b\u0107 pacjent\u00f3w kwalifikuje si\u0119 do tego leczenia; istniej\u0105 jednak pewne okoliczno\u015bci lub choroby wsp\u00f3\u0142istniej\u0105ce, kt\u00f3re powoduj\u0105 nieskuteczno\u015b\u0107 takich pr\u00f3b i dlatego zazwyczaj w\u00f3wczas si\u0119 ich unika.<\/p>\n<p>Aby dowiedzie\u0107 si\u0119 wi\u0119cej na temat tych zabieg\u00f3w, kliknij link do nast\u0119puj\u0105cych stron: <a href=\"https:\/\/www.afibmatters.org\/what-can-my-doctor-do\/what-is-a-cardioversion\/\">\u201eCo to jest kardiowersja?\u201d<\/a> i <a href=\"https:\/\/www.afibmatters.org\/what-can-my-doctor-do\/atrial-fibrillation-ablation\/\">\u201eCo to jest ablacja?\u201d<\/a>.<\/p>\n","protected":false},"excerpt":{"rendered":"<p>Pacjenci zwykle opisuj\u0105 b\u00f3l w klatce piersiowej wynikaj\u0105cy z problem\u00f3w z sercem jako przygniataj\u0105cy lub t\u0119py b\u00f3l w klatce piersiowej lub wra\u017cenie czego\u015b ci\u0119\u017ckiego po\u015brodku klatki piersiowej. Czasami b\u00f3l mo\u017ce promieniowa\u0107 do \u017cuchwy i\/lub lewego ramienia; niekiedy okre\u015bla si\u0119 go mianem \u201ed\u0142awicy piersiowej\u201d. Rzadziej mo\u017ce to by\u0107 wra\u017cenie pieczenia w g\u00f3rnej cz\u0119\u015bci brzucha, kt\u00f3re \u0142atwo [&hellip;]<\/p>\n","protected":false},"author":1,"featured_media":0,"parent":1429,"menu_order":5,"comment_status":"closed","ping_status":"closed","template":"","meta":{"_acf_changed":false,"footnotes":""},"categories":[52],"tags":[],"class_list":["post-6663","page","type-page","status-publish","hentry","category-co-musze-wiedziec"],"acf":[],"_links":{"self":[{"href":"https:\/\/www.afibmatters.org\/pl\/wp-json\/wp\/v2\/pages\/6663","targetHints":{"allow":["GET"]}}],"collection":[{"href":"https:\/\/www.afibmatters.org\/pl\/wp-json\/wp\/v2\/pages"}],"about":[{"href":"https:\/\/www.afibmatters.org\/pl\/wp-json\/wp\/v2\/types\/page"}],"author":[{"embeddable":true,"href":"https:\/\/www.afibmatters.org\/pl\/wp-json\/wp\/v2\/users\/1"}],"replies":[{"embeddable":true,"href":"https:\/\/www.afibmatters.org\/pl\/wp-json\/wp\/v2\/comments?post=6663"}],"version-history":[{"count":0,"href":"https:\/\/www.afibmatters.org\/pl\/wp-json\/wp\/v2\/pages\/6663\/revisions"}],"up":[{"embeddable":true,"href":"https:\/\/www.afibmatters.org\/pl\/wp-json\/wp\/v2\/pages\/1429"}],"wp:attachment":[{"href":"https:\/\/www.afibmatters.org\/pl\/wp-json\/wp\/v2\/media?parent=6663"}],"wp:term":[{"taxonomy":"category","embeddable":true,"href":"https:\/\/www.afibmatters.org\/pl\/wp-json\/wp\/v2\/categories?post=6663"},{"taxonomy":"post_tag","embeddable":true,"href":"https:\/\/www.afibmatters.org\/pl\/wp-json\/wp\/v2\/tags?post=6663"}],"curies":[{"name":"wp","href":"https:\/\/api.w.org\/{rel}","templated":true}]}}