{"id":6629,"date":"2022-03-24T10:48:48","date_gmt":"2022-03-24T10:48:48","guid":{"rendered":"https:\/\/www.afibmatters.org\/co-musze-wiedziec\/jakie-objawy-daje-migotanie-przedsionkow\/palpitacje\/"},"modified":"2022-03-29T17:28:59","modified_gmt":"2022-03-29T16:28:59","slug":"palpitacje","status":"publish","type":"page","link":"https:\/\/www.afibmatters.org\/pl\/co-musze-wiedziec\/jakie-objawy-daje-migotanie-przedsionkow\/palpitacje\/","title":{"rendered":"Palpitacje"},"content":{"rendered":"<p><img loading=\"lazy\" decoding=\"async\" class=\"alignnone wp-image-3635 size-large\" src=\"https:\/\/cdn-endpoint-afib.azureedge.net\/afibmatters\/2021\/06\/shutterstock_1720383349-2-1024x667.jpg?_t=1646320170\" alt=\"\" width=\"1024\" height=\"667\" srcset=\"https:\/\/cdn-endpoint-afib.azureedge.net\/afibmatters\/2021\/06\/shutterstock_1720383349-2-1024x667.jpg 1024w, https:\/\/cdn-endpoint-afib.azureedge.net\/afibmatters\/2021\/06\/shutterstock_1720383349-2-300x196.jpg 300w, https:\/\/cdn-endpoint-afib.azureedge.net\/afibmatters\/2021\/06\/shutterstock_1720383349-2-768x501.jpg 768w, https:\/\/cdn-endpoint-afib.azureedge.net\/afibmatters\/2021\/06\/shutterstock_1720383349-2-1536x1001.jpg 1536w, https:\/\/cdn-endpoint-afib.azureedge.net\/afibmatters\/2021\/06\/shutterstock_1720383349-2-2048x1335.jpg 2048w, https:\/\/cdn-endpoint-afib.azureedge.net\/afibmatters\/2021\/06\/shutterstock_1720383349-2-500x326.jpg 500w\" sizes=\"auto, (max-width: 1024px) 100vw, 1024px\" \/><\/p>\n<p>Jednym z najcz\u0119stszych powod\u00f3w, dla kt\u00f3rych ludzie zg\u0142aszaj\u0105 si\u0119 do lekarza, jest \u015bwiadomo\u015b\u0107 bicia w\u0142asnego serca lub ko\u0142atanie serca. Ka\u017cdy z nas od czasu do czasu ma wra\u017cenie, \u017ce czuje bicie w\u0142asnego serca, najcz\u0119\u015bciej po wysi\u0142ku, w stanie podenerwowania, a czasem przy z\u0142ym samopoczuciu spowodowanym infekcj\u0105. To zrozumia\u0142e, \u017ce objawy te s\u0105 niepokoj\u0105ce. Nale\u017cy jednak pami\u0119ta\u0107, \u017ce nie zawsze \u015bwiadcz\u0105 one o chorobie serca.<\/p>\n<p>Poj\u0119cie \u201eko\u0142atanie serca\u201d obejmuje szerok\u0105 gam\u0119 rytm\u00f3w serca, w tym tak\u017ce \u015bwiadomo\u015b\u0107 prawid\u0142owego rytmu serca, kt\u00f3ry mo\u017ce wydawa\u0107 si\u0119 silniejszy lub nieco szybszy ni\u017c normalnie. Inne cz\u0119ste objawy to zauwa\u017canie nieregularnego t\u0119tna \u2013 pomini\u0119tych, przyspieszonych uderze\u0144 serca, spadku t\u0119tna czy jego nier\u00f3wno\u015bci.<\/p>\n<p>Rzadziej mo\u017ce wyst\u0119powa\u0107 wra\u017cenie bardzo szybkiego bicia serca \u2013 inaczej \u201etrzepotanie\u201d albo wra\u017cenie \u201eko\u0142atania\u201d serca. Przyczyny tych objaw\u00f3w s\u0105 r\u00f3\u017cne, tutaj jednak skupimy si\u0119 na tych zwi\u0105zanych z migotaniem przedsionk\u00f3w.<\/p>\n<p>Chocia\u017c \u015bwiadomo\u015b\u0107 zmiany rytmu serca jest g\u0142\u00f3wn\u0105 cech\u0105 migotania przedsionk\u00f3w, znaczna cz\u0119\u015b\u0107 os\u00f3b mo\u017ce zupe\u0142nie nie zwr\u00f3ci\u0107 uwagi na jakiekolwiek zmiany rytmu serca. Zamiast tego pacjenci mog\u0105 nie mie\u0107 \u017cadnych objaw\u00f3w albo mog\u0105 odczuwa\u0107 inne symptomy, takie jak brak tchu, zm\u0119czenie, dyskomfort w klatce piersiowej lub zawroty g\u0142owy.<\/p>\n<p>Dzi\u015b bardzo popularne s\u0105 inteligentne zegarki i urz\u0105dzenia do \u015bledzenia aktywno\u015bci fizycznej (lub trening\u00f3w na si\u0142owni) \u2013 by\u0107 mo\u017ce urz\u0105dzenie takie ostrzeg\u0142o ci\u0119 o potencjalnych nieprawid\u0142owo\u015bciach w rytmie serca, o kt\u00f3rych nie mia\u0142e\u015b(-a\u015b) poj\u0119cia. Informacje takie wywo\u0142uj\u0105 cz\u0119sto spory niepok\u00f3j, dlatego warto pami\u0119ta\u0107, \u017ce urz\u0105dzenia te nie zawsze s\u0105 dok\u0142adne i maj\u0105 niski pr\u00f3g zg\u0142aszania nieprawid\u0142owo\u015bci.<\/p>\n<p>&nbsp;<\/p>\n<h3>Ko\u0142atanie serca w przebiegu migotania przedsionk\u00f3w<\/h3>\n<p>Najwa\u017cniejsz\u0105 cech\u0105 migotania przedsionk\u00f3w jest to, \u017ce bicie serca staje si\u0119 nieregularne \u2013 przerwy mi\u0119dzy poszczeg\u00f3lnymi uderzeniami zmieniaj\u0105 si\u0119 w nieprzewidywalny spos\u00f3b, z czego wzi\u0119\u0142o si\u0119 okre\u015blenie \u201eniemiarowe\u201d. Mo\u017cesz to zauwa\u017cy\u0107 w postaci wra\u017cenia trzepotania lub nier\u00f3wno\u015bci uderze\u0144 serca \u2013 zauwa\u017cysz zw\u0142aszcza mocniejsze uderzenia, kt\u00f3re pojawiaj\u0105 si\u0119 w spos\u00f3b nieregularny. Wra\u017cenie to mo\u017ce by\u0107 bardziej nasilone podczas \u0107wicze\u0144 lub podczas nocnego odpoczynku w \u0142\u00f3\u017cku.<\/p>\n<p>Ty lub tw\u00f3j lekarz mo\u017cecie zauwa\u017cy\u0107 t\u0119 niemiarowo\u015b\u0107 podczas palpacyjnego badania t\u0119tna. Wra\u017cenie to mo\u017ce mie\u0107 jednak inne przyczyny. Mog\u0105 to by\u0107 na przyk\u0142ad dodatkowe (tzw. ektopowe) uderzenia serca, kt\u00f3re cz\u0119sto utrudniaj\u0105 postawienie ostatecznej diagnozy bez przeprowadzenia zapisu akcji serca (EKG) w momencie pojawienia si\u0119 objaw\u00f3w.<\/p>\n<p>Ko\u0142atanie mo\u017ce pojawia\u0107 si\u0119 tak\u017ce, gdy t\u0119tno jest szczeg\u00f3lnie szybkie, i w\u00f3wczas niemo\u017cliwe mo\u017ce by\u0107 ustalenie przez ciebie i przez lekarza na podstawie badania jedynie t\u0119tna, czy rytm serca jest nieregularny (patrz punkty dotycz\u0105ce cz\u0119stoskurczu nadkomorowego).<\/p>\n<p>Ko\u0142atanie serca spowodowane migotaniem przedsionk\u00f3w mo\u017ce mie\u0107 tak zwan\u0105 posta\u0107 utrwalon\u0105. Oznacza to, \u017ce ko\u0142atanie serca albo utrzymuje si\u0119 przez siedem dni lub d\u0142u\u017cej (cz\u0119sto do czasu przeprowadzenia interwencji medycznej, na przyk\u0142ad kardiowersji, w celu przywr\u00f3cenia normalnego rytmu serca), albo te\u017c wyst\u0119puje \u201enapadowo\u201d, czyli trwa przez pewien czas, po czym serce samoistnie powraca do normalnego rytmu.<\/p>\n<p>Epizody migotania przedsionk\u00f3w, zw\u0142aszcza przy szybkim t\u0119tnie, mog\u0105 by\u0107 bardzo uci\u0105\u017cliwe i upo\u015bledzaj\u0105ce ze wzgl\u0119du na \u015bwiadomo\u015b\u0107 samego rytmu lub zwi\u0105zanych z nim objaw\u00f3w duszno\u015bci, zawrot\u00f3w g\u0142owy, omdle\u0144 lub b\u00f3lu w klatce piersiowej. Takie epizody wymagaj\u0105 szybkiej interwencji medycznej.<\/p>\n<p>\u015awiadomo\u015b\u0107 nieregularno\u015bci pracy serca u pacjent\u00f3w z d\u0142ugotrwa\u0142ym migotaniem przedsionk\u00f3w i \u201esta\u0142ego\u201d odczuwania rytmu serca mo\u017ce zmniejsza\u0107 si\u0119 na przestrzeni kilku tygodni lub kilku miesi\u0119cy spontanicznie lub w wyniku leczenia maj\u0105cego na celu uzyskanie kontroli nad t\u0119tnem.<\/p>\n<h3>\nWizyta u lekarza<\/h3>\n<p>Przed wizyt\u0105 u lekarza warto prowadzi\u0107 dziennik objaw\u00f3w, w kt\u00f3rym zapisywane s\u0105 wszelkie zwi\u0105zane z nimi wra\u017cenia, takie jak b\u00f3l w klatce piersiowej czy duszno\u015b\u0107, czas ich trwania i wszelkie przyczyny poprzedzaj\u0105ce incydent (np. \u0107wiczenia fizyczne, spo\u017cycie alkoholu lub kofeiny).<\/p>\n<p>W przypadku gdy odczucie ko\u0142atania serca jest ci\u0105g\u0142e, diagnoz\u0119 mo\u017cna cz\u0119sto postawi\u0107 za pomoc\u0105 badania EKG spoczynkowego w przychodni. Je\u015bli jednak objawy wyst\u0119puj\u0105 przej\u015bciowo i s\u0105 nieobecne podczas wizyty u lekarza, postawienie ostatecznej diagnozy w ten spos\u00f3b mo\u017ce by\u0107 niemo\u017cliwe.<\/p>\n<p><img loading=\"lazy\" decoding=\"async\" class=\"alignnone wp-image-6338 size-full\" src=\"https:\/\/cdn-endpoint-afib.azureedge.net\/afibmatters\/2022\/03\/shutterstock_1382268998-1-min.jpg?_t=1646320183\" alt=\"\" width=\"900\" height=\"601\" srcset=\"https:\/\/cdn-endpoint-afib.azureedge.net\/afibmatters\/2022\/03\/shutterstock_1382268998-1-min.jpg 900w, https:\/\/cdn-endpoint-afib.azureedge.net\/afibmatters\/2022\/03\/shutterstock_1382268998-1-min-300x200.jpg 300w, https:\/\/cdn-endpoint-afib.azureedge.net\/afibmatters\/2022\/03\/shutterstock_1382268998-1-min-768x513.jpg 768w, https:\/\/cdn-endpoint-afib.azureedge.net\/afibmatters\/2022\/03\/shutterstock_1382268998-1-min-500x334.jpg 500w\" sizes=\"auto, (max-width: 900px) 100vw, 900px\" \/><\/p>\n<p>Kluczem do stwierdzenia przyczyny ko\u0142atania serca jest monitorowanie pracy serca w czasie trwania objaw\u00f3w. W zwi\u0105zku z tym pacjent mo\u017ce otrzyma\u0107 urz\u0105dzenie rejestruj\u0105ce na d\u0142u\u017cej w celu przeprowadzenia badania EKG, gdy pojawi\u0105 si\u0119 objawy.<\/p>\n<p>Je\u017celi objawy wyst\u0119puj\u0105 bardziej sporadycznie, do monitorowania cz\u0119sto\u015bci akcji serca przez kilka lat lub do nawrotu objaw\u00f3w konieczne mo\u017ce by\u0107 zastosowanie ma\u0142ego urz\u0105dzenia wszczepianego pod sk\u00f3r\u0119 (nazywanego wszczepialnym rejestratorem arytmii).<\/p>\n","protected":false},"excerpt":{"rendered":"<p>Jednym z najcz\u0119stszych powod\u00f3w, dla kt\u00f3rych ludzie zg\u0142aszaj\u0105 si\u0119 do lekarza, jest \u015bwiadomo\u015b\u0107 bicia w\u0142asnego serca lub ko\u0142atanie serca. Ka\u017cdy z nas od czasu do czasu ma wra\u017cenie, \u017ce czuje bicie w\u0142asnego serca, najcz\u0119\u015bciej po wysi\u0142ku, w stanie podenerwowania, a czasem przy z\u0142ym samopoczuciu spowodowanym infekcj\u0105. To zrozumia\u0142e, \u017ce objawy te s\u0105 niepokoj\u0105ce. Nale\u017cy jednak [&hellip;]<\/p>\n","protected":false},"author":1,"featured_media":0,"parent":1429,"menu_order":3,"comment_status":"closed","ping_status":"closed","template":"","meta":{"_acf_changed":false,"footnotes":""},"categories":[52],"tags":[],"class_list":["post-6629","page","type-page","status-publish","hentry","category-co-musze-wiedziec"],"acf":[],"_links":{"self":[{"href":"https:\/\/www.afibmatters.org\/pl\/wp-json\/wp\/v2\/pages\/6629","targetHints":{"allow":["GET"]}}],"collection":[{"href":"https:\/\/www.afibmatters.org\/pl\/wp-json\/wp\/v2\/pages"}],"about":[{"href":"https:\/\/www.afibmatters.org\/pl\/wp-json\/wp\/v2\/types\/page"}],"author":[{"embeddable":true,"href":"https:\/\/www.afibmatters.org\/pl\/wp-json\/wp\/v2\/users\/1"}],"replies":[{"embeddable":true,"href":"https:\/\/www.afibmatters.org\/pl\/wp-json\/wp\/v2\/comments?post=6629"}],"version-history":[{"count":2,"href":"https:\/\/www.afibmatters.org\/pl\/wp-json\/wp\/v2\/pages\/6629\/revisions"}],"predecessor-version":[{"id":6904,"href":"https:\/\/www.afibmatters.org\/pl\/wp-json\/wp\/v2\/pages\/6629\/revisions\/6904"}],"up":[{"embeddable":true,"href":"https:\/\/www.afibmatters.org\/pl\/wp-json\/wp\/v2\/pages\/1429"}],"wp:attachment":[{"href":"https:\/\/www.afibmatters.org\/pl\/wp-json\/wp\/v2\/media?parent=6629"}],"wp:term":[{"taxonomy":"category","embeddable":true,"href":"https:\/\/www.afibmatters.org\/pl\/wp-json\/wp\/v2\/categories?post=6629"},{"taxonomy":"post_tag","embeddable":true,"href":"https:\/\/www.afibmatters.org\/pl\/wp-json\/wp\/v2\/tags?post=6629"}],"curies":[{"name":"wp","href":"https:\/\/api.w.org\/{rel}","templated":true}]}}