{"id":2902,"date":"2020-06-05T10:14:15","date_gmt":"2020-06-05T09:14:15","guid":{"rendered":"https:\/\/www.afibmatters.org\/przydatne-lacza\/"},"modified":"2024-03-04T09:52:36","modified_gmt":"2024-03-04T09:52:36","slug":"przydatne-lacza","status":"publish","type":"page","link":"https:\/\/www.afibmatters.org\/pl\/przydatne-lacza\/","title":{"rendered":"Przydatne \u0142\u0105cza"},"content":{"rendered":"<h3><a href=\"https:\/\/www.escardio.org\/Sub-specialty-communities\/European-Heart-Rhythm-Association-(EHRA)\/Advocacy\/find-my-ep\" target=\"_blank\" rel=\"noopener\">Znajd\u017a specjalist\u0119<\/a><\/h3>\n<p>Znajd\u017a specjalist\u0119 w zakresie elektrofizjologii w katalogu EHRA.<\/p>\n<p>&nbsp;<\/p>\n<h3><a href=\"https:\/\/www.myrhythmdevice.org\/\" target=\"_blank\" rel=\"noopener\">www.MyRhythmDevice.org<\/a><\/h3>\n<p>Odwied\u017a stron\u0119 internetow\u0105 EHRA dla pacjent\u00f3w z wszczepionymi urz\u0105dzeniami kardiologicznymi.<\/p>\n<p>&nbsp;<\/p>\n<h3><a href=\"https:\/\/www.healthy-heart.org\" target=\"_blank\" rel=\"noopener noreferrer\">www.Healthy-Heart.org<\/a><\/h3>\n<p>Rzetelne informacje i porady dla pacjent\u00f3w na temat profilaktyki chor\u00f3b serca opracowane przez Europejskie Towarzystwo Kardiologiczne.<\/p>\n<p>&nbsp;<\/p>\n<h3><a href=\"https:\/\/www.heartfailurematters.org\" target=\"_blank\" rel=\"noopener noreferrer\">www.HeartFailureMatters.org<\/a><\/h3>\n<p>Praktyczne informacje na temat chor\u00f3b serca dla pacjent\u00f3w, ich rodzin i opiekun\u00f3w opracowane przez Sekcj\u0119 Niewydolno\u015bci Serca Europejskiego Towarzystwa Kardiologicznego.<\/p>\n<p>&nbsp;<\/p>\n<h3><a href=\"https:\/\/www.heartrhythmalliance.org\/aa\/uk\/news\/coronavirus-information-uk\" target=\"_blank\" rel=\"noopener noreferrer\">www.HeartRhythmAlliance.org<\/a><\/h3>\n<p>Arrhythmia Alliance i powi\u0105zane z ni\u0105 organizacje charytatywne (Stowarzyszenie AF i STARS \u2013 syncope trust) opracowa\u0142y specjalne zasoby wiedzy o COVID-19 dla pacjent\u00f3w i pracownik\u00f3w s\u0142u\u017cby zdrowia, kt\u00f3re stanowi\u0105 uzupe\u0142nienie ju\u017c oferowanych przez nich zasob\u00f3w z zakresu wszystkich rodzaj\u00f3w arytmii, leczenia i post\u0119powania, zw\u0142aszcza w przypadku migotania przedsionk\u00f3w i omdle\u0144.<\/p>\n<p>&nbsp;<\/p>\n<h3><a href=\"https:\/\/www.escardio.org\/Sub-specialty-communities\/European-Heart-Rhythm-Association-(EHRA)\/Advocacy\/pulse-day\" target=\"_blank\" rel=\"noopener\">Dzie\u0144 pulsu<\/a><\/h3>\n<p>\u015awiatowy Dzie\u0144 \u015awiadomo\u015bci Arytmii<\/p>\n<p>&nbsp;<\/p>\n","protected":false},"excerpt":{"rendered":"<p>Znajd\u017a specjalist\u0119 Znajd\u017a specjalist\u0119 w zakresie elektrofizjologii w katalogu EHRA. &nbsp; www.MyRhythmDevice.org Odwied\u017a stron\u0119 internetow\u0105 EHRA dla pacjent\u00f3w z wszczepionymi urz\u0105dzeniami kardiologicznymi. &nbsp; www.Healthy-Heart.org Rzetelne informacje i porady dla pacjent\u00f3w na temat profilaktyki chor\u00f3b serca opracowane przez Europejskie Towarzystwo Kardiologiczne. &nbsp; www.HeartFailureMatters.org Praktyczne informacje na temat chor\u00f3b serca dla pacjent\u00f3w, ich rodzin i opiekun\u00f3w opracowane [&hellip;]<\/p>\n","protected":false},"author":1,"featured_media":0,"parent":0,"menu_order":0,"comment_status":"closed","ping_status":"closed","template":"","meta":{"_acf_changed":false,"footnotes":""},"categories":[],"tags":[],"class_list":["post-2902","page","type-page","status-publish","hentry"],"acf":[],"_links":{"self":[{"href":"https:\/\/www.afibmatters.org\/pl\/wp-json\/wp\/v2\/pages\/2902","targetHints":{"allow":["GET"]}}],"collection":[{"href":"https:\/\/www.afibmatters.org\/pl\/wp-json\/wp\/v2\/pages"}],"about":[{"href":"https:\/\/www.afibmatters.org\/pl\/wp-json\/wp\/v2\/types\/page"}],"author":[{"embeddable":true,"href":"https:\/\/www.afibmatters.org\/pl\/wp-json\/wp\/v2\/users\/1"}],"replies":[{"embeddable":true,"href":"https:\/\/www.afibmatters.org\/pl\/wp-json\/wp\/v2\/comments?post=2902"}],"version-history":[{"count":4,"href":"https:\/\/www.afibmatters.org\/pl\/wp-json\/wp\/v2\/pages\/2902\/revisions"}],"predecessor-version":[{"id":9093,"href":"https:\/\/www.afibmatters.org\/pl\/wp-json\/wp\/v2\/pages\/2902\/revisions\/9093"}],"wp:attachment":[{"href":"https:\/\/www.afibmatters.org\/pl\/wp-json\/wp\/v2\/media?parent=2902"}],"wp:term":[{"taxonomy":"category","embeddable":true,"href":"https:\/\/www.afibmatters.org\/pl\/wp-json\/wp\/v2\/categories?post=2902"},{"taxonomy":"post_tag","embeddable":true,"href":"https:\/\/www.afibmatters.org\/pl\/wp-json\/wp\/v2\/tags?post=2902"}],"curies":[{"name":"wp","href":"https:\/\/api.w.org\/{rel}","templated":true}]}}