{"id":1585,"date":"2020-03-03T12:01:04","date_gmt":"2020-03-03T12:01:04","guid":{"rendered":"https:\/\/www.afibmatters.org\/co-moge-zrobic\/gdzie-uzyskam-dodatkowe-porady-i-pomoc\/"},"modified":"2020-03-03T12:01:04","modified_gmt":"2020-03-03T12:01:04","slug":"gdzie-uzyskam-dodatkowe-porady-i-pomoc","status":"publish","type":"page","link":"https:\/\/www.afibmatters.org\/pl\/co-moge-zrobic\/gdzie-uzyskam-dodatkowe-porady-i-pomoc\/","title":{"rendered":"Gdzie uzyskam dodatkowe porady i pomoc?"},"content":{"rendered":"<p><img loading=\"lazy\" decoding=\"async\" class=\"alignnone size-large wp-image-1063\" src=\"https:\/\/www.afibmatters.org\/wp-content\/uploads\/2020\/01\/iStock-696824550-1024x683.jpg\" alt=\"\" width=\"1024\" height=\"683\" srcset=\"https:\/\/cdn-endpoint-afib.azureedge.net\/afibmatters\/2020\/01\/iStock-696824550-1024x683.jpg 1024w, https:\/\/cdn-endpoint-afib.azureedge.net\/afibmatters\/2020\/01\/iStock-696824550-300x200.jpg 300w, https:\/\/cdn-endpoint-afib.azureedge.net\/afibmatters\/2020\/01\/iStock-696824550-768x512.jpg 768w, https:\/\/cdn-endpoint-afib.azureedge.net\/afibmatters\/2020\/01\/iStock-696824550-1536x1024.jpg 1536w, https:\/\/cdn-endpoint-afib.azureedge.net\/afibmatters\/2020\/01\/iStock-696824550-2048x1365.jpg 2048w, https:\/\/cdn-endpoint-afib.azureedge.net\/afibmatters\/2020\/01\/iStock-696824550-500x333.jpg 500w\" sizes=\"auto, (max-width: 1024px) 100vw, 1024px\" \/><\/p>\n<p>W celu uzyskania bardziej og\u00f3lnych porad i pomocy zwr\u00f3\u0107 si\u0119 do swojego lekarza (lekarza rodzinnego, kardiologa lub innego specjalisty s\u0142u\u017cby zdrowia) b\u0105d\u017a skontaktuj si\u0119 z jedn\u0105 z organizacji zrzeszaj\u0105cych pacjent\u00f3w z migotaniem przedsionk\u00f3w.<\/p>\n<p>&nbsp;<\/p>\n<p>&nbsp;<\/p>\n","protected":false},"excerpt":{"rendered":"<p>W celu uzyskania bardziej og\u00f3lnych porad i pomocy zwr\u00f3\u0107 si\u0119 do swojego lekarza (lekarza rodzinnego, kardiologa lub innego specjalisty s\u0142u\u017cby zdrowia) b\u0105d\u017a skontaktuj si\u0119 z jedn\u0105 z organizacji zrzeszaj\u0105cych pacjent\u00f3w z migotaniem przedsionk\u00f3w. &nbsp; &nbsp;<\/p>\n","protected":false},"author":1,"featured_media":0,"parent":1548,"menu_order":26,"comment_status":"closed","ping_status":"closed","template":"","meta":{"_acf_changed":false,"footnotes":""},"categories":[68],"tags":[],"class_list":["post-1585","page","type-page","status-publish","hentry","category-co-moge-zrobic"],"acf":[],"_links":{"self":[{"href":"https:\/\/www.afibmatters.org\/pl\/wp-json\/wp\/v2\/pages\/1585","targetHints":{"allow":["GET"]}}],"collection":[{"href":"https:\/\/www.afibmatters.org\/pl\/wp-json\/wp\/v2\/pages"}],"about":[{"href":"https:\/\/www.afibmatters.org\/pl\/wp-json\/wp\/v2\/types\/page"}],"author":[{"embeddable":true,"href":"https:\/\/www.afibmatters.org\/pl\/wp-json\/wp\/v2\/users\/1"}],"replies":[{"embeddable":true,"href":"https:\/\/www.afibmatters.org\/pl\/wp-json\/wp\/v2\/comments?post=1585"}],"version-history":[{"count":0,"href":"https:\/\/www.afibmatters.org\/pl\/wp-json\/wp\/v2\/pages\/1585\/revisions"}],"up":[{"embeddable":true,"href":"https:\/\/www.afibmatters.org\/pl\/wp-json\/wp\/v2\/pages\/1548"}],"wp:attachment":[{"href":"https:\/\/www.afibmatters.org\/pl\/wp-json\/wp\/v2\/media?parent=1585"}],"wp:term":[{"taxonomy":"category","embeddable":true,"href":"https:\/\/www.afibmatters.org\/pl\/wp-json\/wp\/v2\/categories?post=1585"},{"taxonomy":"post_tag","embeddable":true,"href":"https:\/\/www.afibmatters.org\/pl\/wp-json\/wp\/v2\/tags?post=1585"}],"curies":[{"name":"wp","href":"https:\/\/api.w.org\/{rel}","templated":true}]}}