{"id":1556,"date":"2020-03-03T12:00:46","date_gmt":"2020-03-03T12:00:46","guid":{"rendered":"https:\/\/www.afibmatters.org\/misja-i-regulamin-uzytkowania\/"},"modified":"2020-03-03T12:00:46","modified_gmt":"2020-03-03T12:00:46","slug":"misja-i-regulamin-uzytkowania","status":"publish","type":"page","link":"https:\/\/www.afibmatters.org\/pl\/misja-i-regulamin-uzytkowania\/","title":{"rendered":"Misja i Regulamin u\u017cytkowania"},"content":{"rendered":"<h2>MISJA TEJ WITRYNY:<\/h2>\n<p>Pomoc w poprawie jako\u015bci \u017cycia i zdrowia os\u00f3b z migotaniem przedsionk\u00f3w.<br \/>\nPomoc osobom z migotaniem przedsionk\u00f3w, ich rodzinom i opiekunom w lepszym zrozumieniu, czym jest migotanie przedsionk\u00f3w.<br \/>\nWszystkie zalecenia na niniejszej witrynie s\u0105 zgodne z Wytycznymi Europejskimi<a href=\"https:\/\/www.escardio.org\/Guidelines\/Clinical-Practice-Guidelines\/Atrial-Fibrillation-Management\">(patrz Wytyczne Europejskiego Towarzystwa Kardiologicznego dotycz\u0105ce post\u0119powania w migotaniu przedsionk\u00f3w na podstawie przypadku klinicznego tutaj).<\/a><\/p>\n<h3>1. Regulamin u\u017cytkowania<\/h3>\n<p>Witryna afibmatters.org zosta\u0142a opracowana pod kierunkiem Europejskiego Stowarzyszenia Rytmu Serca (EHRA), wchodz\u0105cego w sk\u0142ad Europejskiego Towarzystwa Kardiologicznego (ESC). Europejskie Stowarzyszenie Rytmu Serca (EHRA) jest zarejestrowanym oddzia\u0142em Europejskiego Towarzystwa Kardiologicznego (ESC). ESC umo\u017cliwia dost\u0119p do niniejszej witryny oraz korzystanie z niej z zastrze\u017ceniem nast\u0119puj\u0105cego Regulaminu u\u017cytkowania:<\/p>\n<p>1. Korzystanie z witryny jest r\u00f3wnoznaczne z zaakceptowaniem przez u\u017cytkownika niniejszego Regulaminu u\u017cytkowania w dniu pierwszego skorzystania z witryny.<\/p>\n<p>2. ESC zastrzega sobie prawo do wprowadzania zmian w niniejszym Regulaminie w dowolnym momencie, poprzez publikacj\u0119 informacji o takich zmianach online. Kontynuowanie korzystania z witryny po og\u0142oszeniu zmian jest r\u00f3wnoznaczne z akceptacj\u0105 przez u\u017cytkownika niniejszej umowy \u0142\u0105cznie z wprowadzonymi do niej poprawkami.<\/p>\n<p>3. U\u017cytkownik zobowi\u0105zuje si\u0119 korzysta\u0107 z witryny wy\u0142\u0105cznie w celach zgodnych z prawem i w spos\u00f3b nienaruszaj\u0105cy praw os\u00f3b trzecich oraz nieograniczaj\u0105cy korzystanie z witryny osobom trzecim.<\/p>\n<h3>2. Zrzeczenie si\u0119 odpowiedzialno\u015bci<\/h3>\n<p>1. ESC nie ponosi w \u017cadnym wypadku odpowiedzialno\u015bci wobec u\u017cytkownika ani kogokolwiek innego za wszelkie decyzje lub czynno\u015bci podj\u0119te na podstawie informacji zawartych na witrynie lub zapewnionych za jej po\u015brednictwem, ani za wszelkie szkody przypadkowe, po\u015brednie, szczeg\u00f3lne lub wynikowe.<\/p>\n<p>2. Informacje i porady zamieszczone na niniejszej witrynie stanowi\u0105 uzupe\u0142nienie wiedzy na temat opieki oraz pomocy zapewnianej przez lekarza lub innego us\u0142ugodawcy opieki zdrowotnej. Witryna nie zast\u0119puje, profesjonalnej porady lub opieki lekarskiej. Przed rozpocz\u0119ciem (lub przerwaniem) leczenia najpierw nale\u017cy zasi\u0119gn\u0105\u0107 porady specjalisty z zakresu ochrony zdrowia. W zwi\u0105zku z powy\u017cszym, wszystkie informacje zamieszczone na niniejszej witrynie udost\u0119pniono wy\u0142\u0105cznie w celach edukacyjnych.<\/p>\n<p>3. ESC do\u0142o\u017cy\u0142o wszelkich stara\u0144 przy tworzeniu niniejszej witryny, ale nie mo\u017ce kontrolowa\u0107 wszystkich informacji w celu ustalenia ich prawdziwo\u015bci, poprawno\u015bci, rzetelno\u015bci, kompletno\u015bci lub powi\u0105zania z tematyk\u0105 witryny. ESC nie ponosi \u017cadnej odpowiedzialno\u015bci, umownej lub wynikaj\u0105cej z zaniedbania, za szkody, w tym bez ogranicze\u0144, szkody po\u015brednie lub wynikowe, szkody b\u0105d\u017a utrat\u0119 zysk\u00f3w, zaistnia\u0142e wskutek korzystania z witryny lub w zwi\u0105zku z takim korzystaniem lub niemo\u017cno\u015bci\u0105 korzystania.<\/p>\n<p>4. ESC ani jego personel lub osoby wsp\u00f3\u0142pracuj\u0105ce przy tworzeniu witryny nie b\u0119d\u0105 w \u017cadnym wypadku ponosi\u0107 odpowiedzialno\u015bci wobec u\u017cytkownika, jako osoby odwiedzaj\u0105cej witryn\u0119, ani \u017cadnej innej osoby lub organizacji, za jakiekolwiek decyzje podj\u0119te lub wdro\u017cone na podstawie informacji zamieszczonych na witrynie. U\u017cytkownik potwierdza, \u017ce ESC ani jego personel lub osoby wsp\u00f3\u0142pracuj\u0105ce przy tworzeniu witryny nie ponosz\u0105 odpowiedzialno\u015bci za jakiekolwiek szkody (w tym bez ogranicze\u0144, szkody bezpo\u015brednie, po\u015brednie, przypadkowe, szczeg\u00f3lne lub wynikowe) b\u0105d\u017a utrat\u0119 danych lub zysk\u00f3w, nawet je\u015bli EHRA, ESC, ich personel lub osoby wsp\u00f3\u0142pracuj\u0105ce przy tworzeniu witryny zosta\u0142y poinformowane o mo\u017cliwo\u015bci zaistnienia takiej utraty.<\/p>\n<p>5. ESC nie gwarantuje, \u017ce techniczne funkcje zawarte w materia\u0142ach zamieszczonych na niniejszej witrynie b\u0119d\u0105 dzia\u0142a\u0107 bez zak\u0142\u00f3ce\u0144, nie b\u0119d\u0105 zawiera\u0107 b\u0142\u0119d\u00f3w ani nie gwarantuje skorygowania ewentualnych b\u0142\u0119d\u00f3w oraz \u017ce witryna lub serwer, kt\u00f3ry j\u0105 udost\u0119pnia, nie zawieraj\u0105 wirus\u00f3w. Ponadto ESC nie gwarantuje pe\u0142nej funkcjonalno\u015bci, poprawno\u015bci i rzetelno\u015bci zamieszczonych na niniejszej witrynie materia\u0142\u00f3w.<\/p>\n<h3>3. Ograniczenia wynikaj\u0105ce z praw autorskich<\/h3>\n<p>1. W\u0142a\u015bcicielem witryny afibmatters.org jest Europejskie Towarzystwo Kardiologiczne (ESC). Wykorzystanie do cel\u00f3w handlowych, publikacja wszystkich lub wybranych materia\u0142\u00f3w zamieszczonych na witrynie jest \u015bci\u015ble zabroniona bez uprzedniej pisemnej zgody ESC.<\/p>\n<p>Dokumenty zamieszczone na niniejszej witrynie mo\u017cna powiela\u0107 wy\u0142\u0105cznie do cel\u00f3w osobistych i niehandlowych, pod warunkiem skopiowania r\u00f3wnie\u017c informacji o prawie autorskim i \u017ar\u00f3d\u0142ach tych dokument\u00f3w, niewprowadzania zmian oraz skopiowania dokumentu w ca\u0142o\u015bci. Niekt\u00f3re dokumenty i zdj\u0119cia zamieszczono na niniejszej witrynie za zgod\u0105 odpowiednich w\u0142a\u015bcicieli praw autorskich (nieb\u0119d\u0105cych ESC). Wszystkie prawa obejmuj\u0105ce te dokumenty s\u0105 zastrze\u017cone. W celu skopiowania tych dokument\u00f3w nale\u017cy wyst\u0105pi\u0107 o zezwolenie do w\u0142a\u015bcicieli, kt\u00f3rzy posiadaj\u0105 do nich prawa autorskie (\u017ar\u00f3d\u0142a s\u0105 wskazane w tre\u015bci dokument\u00f3w\/przy zdj\u0119ciach).<\/p>\n<p>2. Wszelkie nieupowa\u017cnione wykorzystanie takich materia\u0142\u00f3w mo\u017ce spowodowa\u0107 za\u017c\u0105danie przez ESC zaprzestania ich zamieszczania\/dystrybucji, a tak\u017ce wszcz\u0119cie czynno\u015bci prawnych.<\/p>\n<p>3. Witryna zawiera \u0142\u0105cza do stron zarz\u0105dzanych przez osoby trzecie, niezwi\u0105zane z ESC. \u0141\u0105cza takie s\u0105 udost\u0119pniane wy\u0142\u0105cznie dla wygody u\u017cytkownika. ESC nie kontroluje takich stron ani nie ponosi odpowiedzialno\u015bci za ich tre\u015b\u0107. Udost\u0119pnianie przez ESC \u0142\u0105czy do takich stron nie nale\u017cy uznawa\u0107 za ich poparcie dla tre\u015bci zawartych na takich stronach ani powi\u0105zywa\u0107 ESC z osobami, kt\u00f3re tymi stronami zarz\u0105dzaj\u0105. U\u017cytkownik ponosi wy\u0142\u0105czn\u0105 odpowiedzialno\u015b\u0107 za ocen\u0119 poprawno\u015bci i kompletno\u015bci wszelkich informacji zamieszczonych na stronach os\u00f3b trzecich, a tak\u017ce warto\u015bci i integralno\u015bci wszelkich towar\u00f3w i us\u0142ug oferowanych za po\u015brednictwem takich stron.<\/p>\n<p>W razie niezaakceptowania w ca\u0142o\u015bci niniejszego Regulaminu, nale\u017cy natychmiast zaprzesta\u0107 korzystania z niniejszej witryny.<\/p>\n","protected":false},"excerpt":{"rendered":"<p>MISJA TEJ WITRYNY: Pomoc w poprawie jako\u015bci \u017cycia i zdrowia os\u00f3b z migotaniem przedsionk\u00f3w. Pomoc osobom z migotaniem przedsionk\u00f3w, ich rodzinom i opiekunom w lepszym zrozumieniu, czym jest migotanie przedsionk\u00f3w. Wszystkie zalecenia na niniejszej witrynie s\u0105 zgodne z Wytycznymi Europejskimi(patrz Wytyczne Europejskiego Towarzystwa Kardiologicznego dotycz\u0105ce post\u0119powania w migotaniu przedsionk\u00f3w na podstawie przypadku klinicznego tutaj). 1. [&hellip;]<\/p>\n","protected":false},"author":1,"featured_media":0,"parent":0,"menu_order":0,"comment_status":"closed","ping_status":"closed","template":"","meta":{"_acf_changed":false,"footnotes":""},"categories":[],"tags":[],"class_list":["post-1556","page","type-page","status-publish","hentry"],"acf":[],"_links":{"self":[{"href":"https:\/\/www.afibmatters.org\/pl\/wp-json\/wp\/v2\/pages\/1556","targetHints":{"allow":["GET"]}}],"collection":[{"href":"https:\/\/www.afibmatters.org\/pl\/wp-json\/wp\/v2\/pages"}],"about":[{"href":"https:\/\/www.afibmatters.org\/pl\/wp-json\/wp\/v2\/types\/page"}],"author":[{"embeddable":true,"href":"https:\/\/www.afibmatters.org\/pl\/wp-json\/wp\/v2\/users\/1"}],"replies":[{"embeddable":true,"href":"https:\/\/www.afibmatters.org\/pl\/wp-json\/wp\/v2\/comments?post=1556"}],"version-history":[{"count":0,"href":"https:\/\/www.afibmatters.org\/pl\/wp-json\/wp\/v2\/pages\/1556\/revisions"}],"wp:attachment":[{"href":"https:\/\/www.afibmatters.org\/pl\/wp-json\/wp\/v2\/media?parent=1556"}],"wp:term":[{"taxonomy":"category","embeddable":true,"href":"https:\/\/www.afibmatters.org\/pl\/wp-json\/wp\/v2\/categories?post=1556"},{"taxonomy":"post_tag","embeddable":true,"href":"https:\/\/www.afibmatters.org\/pl\/wp-json\/wp\/v2\/tags?post=1556"}],"curies":[{"name":"wp","href":"https:\/\/api.w.org\/{rel}","templated":true}]}}