{"id":1521,"date":"2020-03-03T11:57:08","date_gmt":"2020-03-03T11:57:08","guid":{"rendered":"https:\/\/www.afibmatters.org\/co-moze-zrobic-moj-lekarz\/jak-zapobiegac-niewydolnosci-serca\/"},"modified":"2020-04-03T20:13:32","modified_gmt":"2020-04-03T19:13:32","slug":"jak-zapobiegac-niewydolnosci-serca","status":"publish","type":"page","link":"https:\/\/www.afibmatters.org\/pl\/co-moze-zrobic-moj-lekarz\/jak-zapobiegac-niewydolnosci-serca\/","title":{"rendered":"Jak zapobiega\u0107 niewydolno\u015bci serca"},"content":{"rendered":"<p>Prawid\u0142owe, spoczynkowe t\u0119tno wynosi 60-100 uderze\u0144 na minut\u0119. W przypadku wyst\u0105pienia migotania przedsionk\u00f3w, cz\u0119sto\u015b\u0107 pracy serca przy\u015bpiesza do 150 &#8211; 180 uderze\u0144 na minut\u0119, a nawet serce mo\u017ce pracowa\u0107 jeszcze szybciej. Nawet je\u015bli na pocz\u0105tku serce funkcjonuje prawid\u0142owo, utrzymuj\u0105ca si\u0119 d\u0142ugotrwale wysoka cz\u0119sto\u015b\u0107 pracy serca mo\u017ce upo\u015bledzi\u0107 jego funkcjonowanie i doprowadzi\u0107 do upo\u015bledzenia jego funkcji okre\u015blanej mianem tachykardiomiopatii. Je\u015bli pr\u00f3ba przywr\u00f3cenia rytmu zatokowego nie powiedzie si\u0119, niezwykle wa\u017cne jest spowolnienie t\u0119tna.<\/p>\n<p>Bardzo wa\u017cne jest przestrzeganie zalece\u0144 lekarza i przyjmowanie lek\u00f3w zgodnie z jego poleceniami.<\/p>\n<p>&nbsp;<\/p>\n<p>&nbsp;<\/p>\n","protected":false},"excerpt":{"rendered":"<p>Prawid\u0142owe, spoczynkowe t\u0119tno wynosi 60-100 uderze\u0144 na minut\u0119. W przypadku wyst\u0105pienia migotania przedsionk\u00f3w, cz\u0119sto\u015b\u0107 pracy serca przy\u015bpiesza do 150 &#8211; 180 uderze\u0144 na minut\u0119, a nawet serce mo\u017ce pracowa\u0107 jeszcze szybciej. Nawet je\u015bli na pocz\u0105tku serce funkcjonuje prawid\u0142owo, utrzymuj\u0105ca si\u0119 d\u0142ugotrwale wysoka cz\u0119sto\u015b\u0107 pracy serca mo\u017ce upo\u015bledzi\u0107 jego funkcjonowanie i doprowadzi\u0107 do upo\u015bledzenia jego funkcji [&hellip;]<\/p>\n","protected":false},"author":1,"featured_media":0,"parent":1469,"menu_order":21,"comment_status":"closed","ping_status":"closed","template":"","meta":{"_acf_changed":false,"footnotes":""},"categories":[59],"tags":[],"class_list":["post-1521","page","type-page","status-publish","hentry","category-co-moze-zrobic-moj-lekarz"],"acf":[],"_links":{"self":[{"href":"https:\/\/www.afibmatters.org\/pl\/wp-json\/wp\/v2\/pages\/1521","targetHints":{"allow":["GET"]}}],"collection":[{"href":"https:\/\/www.afibmatters.org\/pl\/wp-json\/wp\/v2\/pages"}],"about":[{"href":"https:\/\/www.afibmatters.org\/pl\/wp-json\/wp\/v2\/types\/page"}],"author":[{"embeddable":true,"href":"https:\/\/www.afibmatters.org\/pl\/wp-json\/wp\/v2\/users\/1"}],"replies":[{"embeddable":true,"href":"https:\/\/www.afibmatters.org\/pl\/wp-json\/wp\/v2\/comments?post=1521"}],"version-history":[{"count":2,"href":"https:\/\/www.afibmatters.org\/pl\/wp-json\/wp\/v2\/pages\/1521\/revisions"}],"predecessor-version":[{"id":2367,"href":"https:\/\/www.afibmatters.org\/pl\/wp-json\/wp\/v2\/pages\/1521\/revisions\/2367"}],"up":[{"embeddable":true,"href":"https:\/\/www.afibmatters.org\/pl\/wp-json\/wp\/v2\/pages\/1469"}],"wp:attachment":[{"href":"https:\/\/www.afibmatters.org\/pl\/wp-json\/wp\/v2\/media?parent=1521"}],"wp:term":[{"taxonomy":"category","embeddable":true,"href":"https:\/\/www.afibmatters.org\/pl\/wp-json\/wp\/v2\/categories?post=1521"},{"taxonomy":"post_tag","embeddable":true,"href":"https:\/\/www.afibmatters.org\/pl\/wp-json\/wp\/v2\/tags?post=1521"}],"curies":[{"name":"wp","href":"https:\/\/api.w.org\/{rel}","templated":true}]}}