{"id":1514,"date":"2020-03-03T11:57:06","date_gmt":"2020-03-03T11:57:06","guid":{"rendered":"https:\/\/www.afibmatters.org\/co-moze-zrobic-moj-lekarz\/jak-zapobiec-nawrotowi-af\/"},"modified":"2020-03-03T11:57:06","modified_gmt":"2020-03-03T11:57:06","slug":"jak-zapobiec-nawrotowi-af","status":"publish","type":"page","link":"https:\/\/www.afibmatters.org\/pl\/co-moze-zrobic-moj-lekarz\/jak-zapobiec-nawrotowi-af\/","title":{"rendered":"Jak zapobiec nawrotowi AF"},"content":{"rendered":"<p>Aby zapobiec nawrotowi arytmii, bardzo wa\u017cne jest, aby pacjent prowadzi\u0142 zdrowy tryb \u017cycia i kontrolowa\u0142 czynniki ryzyka zgodnie z zaleceniami lekarza.<\/p>\n<blockquote><p>Dowiedz si\u0119 wi\u0119cej: <a href=\"https:\/\/www.afibmatters.org\/what-can-i-do\/how-should-i-change-my-life\/\">Jak mog\u0119 zmieni\u0107 swoje \u017cycie<\/a><\/p><\/blockquote>\n<p>Poza tym, okre\u015blone leki i zabiegi ablacyjne mog\u0105 pom\u00f3c zmniejszy\u0107 ryzyko nawrotu arytmii<strong> (przywr\u00f3cenie normalnego rytmu lekami; przywr\u00f3cenie normalnego rytmu ablacj\u0105).<\/strong><\/p>\n<blockquote><p>Dowiedz si\u0119 wi\u0119cej:<\/p>\n<ul>\n<li><a href=\"https:\/\/www.afibmatters.org\/what-can-my-doctor-do\/restore-a-normal-heart-rhythm\/\">Przywracanie prawid\u0142owego rytmu serca za pomoc\u0105 lek\u00f3w<\/a><\/li>\n<li><a href=\"https:\/\/www.afibmatters.org\/what-can-my-doctor-do\/atrial-fibrillation-ablation\/\">Przywracanie prawid\u0142owego rytmu serca ablacj\u0105<\/a><\/li>\n<\/ul>\n<p>&nbsp;<\/p><\/blockquote>\n","protected":false},"excerpt":{"rendered":"<p>Aby zapobiec nawrotowi arytmii, bardzo wa\u017cne jest, aby pacjent prowadzi\u0142 zdrowy tryb \u017cycia i kontrolowa\u0142 czynniki ryzyka zgodnie z zaleceniami lekarza. Dowiedz si\u0119 wi\u0119cej: Jak mog\u0119 zmieni\u0107 swoje \u017cycie Poza tym, okre\u015blone leki i zabiegi ablacyjne mog\u0105 pom\u00f3c zmniejszy\u0107 ryzyko nawrotu arytmii (przywr\u00f3cenie normalnego rytmu lekami; przywr\u00f3cenie normalnego rytmu ablacj\u0105). Dowiedz si\u0119 wi\u0119cej: Przywracanie prawid\u0142owego [&hellip;]<\/p>\n","protected":false},"author":1,"featured_media":0,"parent":1469,"menu_order":22,"comment_status":"closed","ping_status":"closed","template":"","meta":{"_acf_changed":false,"footnotes":""},"categories":[59],"tags":[],"class_list":["post-1514","page","type-page","status-publish","hentry","category-co-moze-zrobic-moj-lekarz"],"acf":[],"_links":{"self":[{"href":"https:\/\/www.afibmatters.org\/pl\/wp-json\/wp\/v2\/pages\/1514","targetHints":{"allow":["GET"]}}],"collection":[{"href":"https:\/\/www.afibmatters.org\/pl\/wp-json\/wp\/v2\/pages"}],"about":[{"href":"https:\/\/www.afibmatters.org\/pl\/wp-json\/wp\/v2\/types\/page"}],"author":[{"embeddable":true,"href":"https:\/\/www.afibmatters.org\/pl\/wp-json\/wp\/v2\/users\/1"}],"replies":[{"embeddable":true,"href":"https:\/\/www.afibmatters.org\/pl\/wp-json\/wp\/v2\/comments?post=1514"}],"version-history":[{"count":0,"href":"https:\/\/www.afibmatters.org\/pl\/wp-json\/wp\/v2\/pages\/1514\/revisions"}],"up":[{"embeddable":true,"href":"https:\/\/www.afibmatters.org\/pl\/wp-json\/wp\/v2\/pages\/1469"}],"wp:attachment":[{"href":"https:\/\/www.afibmatters.org\/pl\/wp-json\/wp\/v2\/media?parent=1514"}],"wp:term":[{"taxonomy":"category","embeddable":true,"href":"https:\/\/www.afibmatters.org\/pl\/wp-json\/wp\/v2\/categories?post=1514"},{"taxonomy":"post_tag","embeddable":true,"href":"https:\/\/www.afibmatters.org\/pl\/wp-json\/wp\/v2\/tags?post=1514"}],"curies":[{"name":"wp","href":"https:\/\/api.w.org\/{rel}","templated":true}]}}