{"id":1506,"date":"2020-03-03T11:57:04","date_gmt":"2020-03-03T11:57:04","guid":{"rendered":"https:\/\/www.afibmatters.org\/co-moze-zrobic-moj-lekarz\/czym-jest-kardiowersja\/"},"modified":"2020-04-03T20:39:40","modified_gmt":"2020-04-03T19:39:40","slug":"czym-jest-kardiowersja","status":"publish","type":"page","link":"https:\/\/www.afibmatters.org\/pl\/co-moze-zrobic-moj-lekarz\/czym-jest-kardiowersja\/","title":{"rendered":"Czym jest kardiowersja?"},"content":{"rendered":"<p>Kardiowersj\u0119 elektryczn\u0105 przeprowadza si\u0119 w szpitalu z zastosowaniem urz\u0105dzenia zwanego <strong>defibrylatorem<\/strong>. Elektrowstrz\u0105s jest dostarczany za po\u015brednictwem dw\u00f3ch du\u017cych elektrod umieszczonych na klatce piersiowej. Z regu\u0142y elektrody umieszczane s\u0105 z przodu i z ty\u0142u klatki piersiowej lub z jej prawej i lewej strony.<\/p>\n<p>Zabieg ten jest zwykle planowany z wyprzedzeniem i polega na przywr\u00f3ceniu funkcji elektrycznej serca za pomoc\u0105 pr\u0105du elektrycznego przepuszczanego przez serce. Impuls elektryczny jest wystarczaj\u0105co silny, aby na kr\u00f3tko zatrzyma\u0107 wszystkie sygna\u0142y elektryczne generowane przez serce i sprawi\u0107, by naturalny rozrusznik serca, tzn. w\u0119ze\u0142 zatokowy, przej\u0105\u0142 kontrol\u0119 nad rytmem serca.<\/p>\n<p><img loading=\"lazy\" decoding=\"async\" class=\"alignleft wp-image-479 size-large\" src=\"https:\/\/cdn-endpoint-afib.azureedge.net\/afibmatters\/2019\/12\/iStock-155152624-1024x683.jpg\" alt=\"\" width=\"1024\" height=\"683\" srcset=\"https:\/\/cdn-endpoint-afib.azureedge.net\/afibmatters\/2019\/12\/iStock-155152624-1024x683.jpg 1024w, https:\/\/cdn-endpoint-afib.azureedge.net\/afibmatters\/2019\/12\/iStock-155152624-300x200.jpg 300w, https:\/\/cdn-endpoint-afib.azureedge.net\/afibmatters\/2019\/12\/iStock-155152624-768x512.jpg 768w, https:\/\/cdn-endpoint-afib.azureedge.net\/afibmatters\/2019\/12\/iStock-155152624-1536x1024.jpg 1536w, https:\/\/cdn-endpoint-afib.azureedge.net\/afibmatters\/2019\/12\/iStock-155152624-2048x1365.jpg 2048w, https:\/\/cdn-endpoint-afib.azureedge.net\/afibmatters\/2019\/12\/iStock-155152624-500x333.jpg 500w, https:\/\/www.afibmatters.org\/wp-content\/uploads\/2019\/12\/iStock-155152624-659x439.jpg 659w, https:\/\/www.afibmatters.org\/wp-content\/uploads\/2019\/12\/iStock-155152624-696x464.jpg 696w\" sizes=\"auto, (max-width: 1024px) 100vw, 1024px\" \/><\/p>\n<p>Przed rozpocz\u0119ciem kardiowersji pacjent otrzyma zastrzyk (znieczulenie), kt\u00f3re wywo\u0142a uczucie senno\u015bci, dzi\u0119ki kt\u00f3remu nic nie poczuje w trakcie zabiegu. Je\u015bli pierwszy elektrowstrz\u0105s nie zdo\u0142a przywr\u00f3ci\u0107 normalnego rytmu (zatokowego), podany zostanie kolejny, nieco silniejszy impuls elektryczny. Zasadniczo kardiowersja jest bezbolesna, lecz cz\u0119sto miejsca przyklejenia elektrod pozostaj\u0105 nieco obola\u0142e przez 1-2 dni po zabiegu.<\/p>\n<p>Nawet <strong>po udanym zabiegu kardiowersji<\/strong> (przywr\u00f3ceniu rytmu serca do prawid\u0142owego rytmu zatokowego), mo\u017cliwy jest <strong>nawr\u00f3t migotania przedsionk\u00f3w<\/strong>. Dochodzi do tego u mniej wi\u0119cej po\u0142owy pacjent\u00f3w w ci\u0105gu pierwszego roku po kardiowersji. Ryzyko ponownego wyst\u0105pienia migotania zale\u017cy od szeregu czynnik\u00f3w, lecz wzrasta, je\u015bli u pacjenta obecne s\u0105 inne schorzenia sercowe (w tym nadci\u015bnienie) lub je\u015bli migotanie wyst\u0119puje u niego d\u0142u\u017cej ni\u017c rok.<\/p>\n<p>&nbsp;<\/p>\n<p>&nbsp;<\/p>\n","protected":false},"excerpt":{"rendered":"<p>Kardiowersj\u0119 elektryczn\u0105 przeprowadza si\u0119 w szpitalu z zastosowaniem urz\u0105dzenia zwanego defibrylatorem. Elektrowstrz\u0105s jest dostarczany za po\u015brednictwem dw\u00f3ch du\u017cych elektrod umieszczonych na klatce piersiowej. Z regu\u0142y elektrody umieszczane s\u0105 z przodu i z ty\u0142u klatki piersiowej lub z jej prawej i lewej strony. Zabieg ten jest zwykle planowany z wyprzedzeniem i polega na przywr\u00f3ceniu funkcji elektrycznej [&hellip;]<\/p>\n","protected":false},"author":1,"featured_media":0,"parent":1469,"menu_order":17,"comment_status":"closed","ping_status":"closed","template":"","meta":{"_acf_changed":false,"footnotes":""},"categories":[59],"tags":[],"class_list":["post-1506","page","type-page","status-publish","hentry","category-co-moze-zrobic-moj-lekarz"],"acf":[],"_links":{"self":[{"href":"https:\/\/www.afibmatters.org\/pl\/wp-json\/wp\/v2\/pages\/1506","targetHints":{"allow":["GET"]}}],"collection":[{"href":"https:\/\/www.afibmatters.org\/pl\/wp-json\/wp\/v2\/pages"}],"about":[{"href":"https:\/\/www.afibmatters.org\/pl\/wp-json\/wp\/v2\/types\/page"}],"author":[{"embeddable":true,"href":"https:\/\/www.afibmatters.org\/pl\/wp-json\/wp\/v2\/users\/1"}],"replies":[{"embeddable":true,"href":"https:\/\/www.afibmatters.org\/pl\/wp-json\/wp\/v2\/comments?post=1506"}],"version-history":[{"count":2,"href":"https:\/\/www.afibmatters.org\/pl\/wp-json\/wp\/v2\/pages\/1506\/revisions"}],"predecessor-version":[{"id":2377,"href":"https:\/\/www.afibmatters.org\/pl\/wp-json\/wp\/v2\/pages\/1506\/revisions\/2377"}],"up":[{"embeddable":true,"href":"https:\/\/www.afibmatters.org\/pl\/wp-json\/wp\/v2\/pages\/1469"}],"wp:attachment":[{"href":"https:\/\/www.afibmatters.org\/pl\/wp-json\/wp\/v2\/media?parent=1506"}],"wp:term":[{"taxonomy":"category","embeddable":true,"href":"https:\/\/www.afibmatters.org\/pl\/wp-json\/wp\/v2\/categories?post=1506"},{"taxonomy":"post_tag","embeddable":true,"href":"https:\/\/www.afibmatters.org\/pl\/wp-json\/wp\/v2\/tags?post=1506"}],"curies":[{"name":"wp","href":"https:\/\/api.w.org\/{rel}","templated":true}]}}