{"id":1503,"date":"2020-03-03T11:57:03","date_gmt":"2020-03-03T11:57:03","guid":{"rendered":"https:\/\/www.afibmatters.org\/rozrusznik-serca-oraz-ablacja-lacza-przedsionkowo-komorowego-lub-peczka-hisa\/"},"modified":"2022-01-27T09:49:40","modified_gmt":"2022-01-27T09:49:40","slug":"rozrusznik-serca-oraz-ablacja-lacza-przedsionkowo-komorowego-lub-peczka-hisa","status":"publish","type":"page","link":"https:\/\/www.afibmatters.org\/pl\/co-moze-zrobic-moj-lekarz\/migotanie-przedsionkow-ablacja\/rozrusznik-serca-oraz-ablacja-lacza-przedsionkowo-komorowego-lub-peczka-hisa\/","title":{"rendered":"Rozrusznik serca oraz ablacja \u0142\u0105cza przedsionkowo-komorowego lub p\u0119czka Hisa"},"content":{"rendered":"<p>&nbsp;<\/p>\n<p>Je\u015bli przepisane przez lekarza lek lub leki nie kontroluj\u0105 skutecznie cz\u0119sto\u015bci bicia serca pacjenta lub powoduj\u0105 dzia\u0142ania niepo\u017c\u0105dane, lekarz mo\u017ce zaleci\u0107 wykonanie ablacji \u0142\u0105cza przedsionkowo-komorowego i wszczepienie rozrusznika serca.<\/p>\n<p>Ablacja \u0142\u0105cza przedsionkowo-komorowego to zabieg z u\u017cyciem cewnika, kt\u00f3ry blokuje przesy\u0142anie szybkich impuls\u00f3w elektrycznych z przedsionk\u00f3w\u00a0 do kom\u00f3r serca. Tkanka \u0142\u0105cza przedsionkowo-komorowego, kt\u00f3ra stanowi po\u0142\u0105czenie elektryczne mi\u0119dzy przedsionkami i komorami jest niszczona energi\u0105 o cz\u0119stotliwo\u015bci radiowej, wytwarzaj\u0105c ca\u0142kowity blok przedsionkowo-komorowy.<\/p>\n<p><img loading=\"lazy\" decoding=\"async\" class=\"alignnone wp-image-6094 size-full\" src=\"https:\/\/cdn-endpoint-afib.azureedge.net\/afibmatters\/2022\/01\/shutterstock_333628025-1024x686-1-min.jpg?_t=1643276964\" alt=\"\" width=\"800\" height=\"536\" srcset=\"https:\/\/www.afibmatters.org\/wp-content\/uploads\/2022\/01\/shutterstock_333628025-1024x686-1-min.jpg 800w, https:\/\/www.afibmatters.org\/wp-content\/uploads\/2022\/01\/shutterstock_333628025-1024x686-1-min-300x201.jpg 300w, https:\/\/www.afibmatters.org\/wp-content\/uploads\/2022\/01\/shutterstock_333628025-1024x686-1-min-768x515.jpg 768w, https:\/\/www.afibmatters.org\/wp-content\/uploads\/2022\/01\/shutterstock_333628025-1024x686-1-min-500x335.jpg 500w\" sizes=\"auto, (max-width: 800px) 100vw, 800px\" \/><\/p>\n<p>Przed zabiegiem ablacji w celu utrzymania prawid\u0142owej czynno\u015bci kom\u00f3r wszczepiany jest rozrusznik (stymulator). T\u0119tno jest sztucznie regulowane przez wszczepiony rozrusznik serca, pomimo utrzymuj\u0105cego si\u0119 migotania przedsionk\u00f3w. Zabieg jest prosty i nie zajmuje du\u017co czasu, ale (jak wyja\u015bni lekarz przed zabiegiem) nale\u017cy mie\u0107 \u015bwiadomo\u015b\u0107, \u017ce jest to zabieg nieodwracalny. Rozrusznik ju\u017c do ko\u0144ca \u017cycia pacjenta kontrolowa\u0107 b\u0119dzie jego t\u0119tno (pacjent z rozrusznikiem). Ten zabieg stanowi ostatni\u0105 mo\u017cliwo\u015b\u0107 kontrolowania t\u0119tna pacjenta, je\u015bli wszystkie poprzednie zabiegi zako\u0144czy\u0142y si\u0119 niepowodzeniem. Z tego powodu zabieg ten cz\u0119\u015bciej zaleca si\u0119 pacjentom w podesz\u0142ym wieku.<\/p>\n<h3>Na czym polega ablacja<\/h3>\n<p>Ablacja z u\u017cyciem cewnik\u00f3w jest zabiegiem przezsk\u00f3rnym wykonywanym w znieczuleniu miejscowym. Lekarz wprowadza d\u0142ugie, cienkie, elastyczne rurki (cewniki) do \u017cy\u0142 w pachwinie, a nast\u0119pnie kieruje je do serca. Ko\u0144c\u00f3wka cewnika dostarcza energi\u0119 (ciep\u0142o) o cz\u0119stotliwo\u015bci radiowej do niewielkiego obszaru tkanki serca, kt\u00f3ra zostaje zniszczona. Tkanka bliznowata nie przewodzi impuls\u00f3w.<\/p>\n<p><img loading=\"lazy\" decoding=\"async\" class=\"alignnone size-full wp-image-6121\" src=\"https:\/\/cdn-endpoint-afib.azureedge.net\/afibmatters\/2022\/01\/shutterstock_101122669-1024x681-1-min.jpg\" alt=\"\" width=\"800\" height=\"532\" srcset=\"https:\/\/www.afibmatters.org\/wp-content\/uploads\/2022\/01\/shutterstock_101122669-1024x681-1-min.jpg 800w, https:\/\/www.afibmatters.org\/wp-content\/uploads\/2022\/01\/shutterstock_101122669-1024x681-1-min-300x200.jpg 300w, https:\/\/www.afibmatters.org\/wp-content\/uploads\/2022\/01\/shutterstock_101122669-1024x681-1-min-768x511.jpg 768w, https:\/\/www.afibmatters.org\/wp-content\/uploads\/2022\/01\/shutterstock_101122669-1024x681-1-min-500x333.jpg 500w\" sizes=\"auto, (max-width: 800px) 100vw, 800px\" \/><\/p>\n<p>Implantacj\u0119 rozrusznika serca nale\u017cy wykona\u0107 przed ablacj\u0105 \u0142\u0105cza przedsionkowo-komorowego, aby utrzyma\u0107 prawid\u0142ow\u0105 prac\u0119 dolnych kom\u00f3r. W niekt\u00f3rych o\u015brodkach lekarze wol\u0105 implantowa\u0107 rozrusznik serca kilka tygodni przed ablacj\u0105, aby zapewni\u0107 zadowalaj\u0105ce i stabilne dzia\u0142anie urz\u0105dzenia. Po ablacji rytm serca jest ca\u0142kowicie zale\u017cny od rozrusznika serca i pacjent nie musi bra\u0107 lek\u00f3w kontroluj\u0105cych t\u0119tno.<br \/>\nAblacja \u0142\u0105cza przedsionkowo-komorowego ma wysok\u0105 skuteczno\u015b\u0107.<\/p>\n<p><a href=\"https:\/\/www.afibmatters.org\/pl\/co-moze-zrobic-moj-lekarz\/migotanie-przedsionkow-ablacja\/\"><strong>Dowiedz si\u0119 wi\u0119cej na temat: \u201ePowik\u0142a\u0144\u201d<\/strong><\/a><\/p>\n<p><a href=\"https:\/\/www.afibmatters.org\/pl\/co-moge-zrobic\/jak-moge-zmienic-swoje-zycie\/\"><strong>Dowiedz si\u0119 wi\u0119cej o: \u201eJak mog\u0119 zmieni\u0107 swoje \u017cycie?\u201d<\/strong><\/a><\/p>\n","protected":false},"excerpt":{"rendered":"<p>&nbsp; Je\u015bli przepisane przez lekarza lek lub leki nie kontroluj\u0105 skutecznie cz\u0119sto\u015bci bicia serca pacjenta lub powoduj\u0105 dzia\u0142ania niepo\u017c\u0105dane, lekarz mo\u017ce zaleci\u0107 wykonanie ablacji \u0142\u0105cza przedsionkowo-komorowego i wszczepienie rozrusznika serca. Ablacja \u0142\u0105cza przedsionkowo-komorowego to zabieg z u\u017cyciem cewnika, kt\u00f3ry blokuje przesy\u0142anie szybkich impuls\u00f3w elektrycznych z przedsionk\u00f3w\u00a0 do kom\u00f3r serca. Tkanka \u0142\u0105cza przedsionkowo-komorowego, kt\u00f3ra stanowi po\u0142\u0105czenie [&hellip;]<\/p>\n","protected":false},"author":1,"featured_media":0,"parent":1516,"menu_order":19,"comment_status":"closed","ping_status":"closed","template":"","meta":{"_acf_changed":false,"footnotes":""},"categories":[59],"tags":[],"class_list":["post-1503","page","type-page","status-publish","hentry","category-co-moze-zrobic-moj-lekarz"],"acf":[],"_links":{"self":[{"href":"https:\/\/www.afibmatters.org\/pl\/wp-json\/wp\/v2\/pages\/1503","targetHints":{"allow":["GET"]}}],"collection":[{"href":"https:\/\/www.afibmatters.org\/pl\/wp-json\/wp\/v2\/pages"}],"about":[{"href":"https:\/\/www.afibmatters.org\/pl\/wp-json\/wp\/v2\/types\/page"}],"author":[{"embeddable":true,"href":"https:\/\/www.afibmatters.org\/pl\/wp-json\/wp\/v2\/users\/1"}],"replies":[{"embeddable":true,"href":"https:\/\/www.afibmatters.org\/pl\/wp-json\/wp\/v2\/comments?post=1503"}],"version-history":[{"count":6,"href":"https:\/\/www.afibmatters.org\/pl\/wp-json\/wp\/v2\/pages\/1503\/revisions"}],"predecessor-version":[{"id":6146,"href":"https:\/\/www.afibmatters.org\/pl\/wp-json\/wp\/v2\/pages\/1503\/revisions\/6146"}],"up":[{"embeddable":true,"href":"https:\/\/www.afibmatters.org\/pl\/wp-json\/wp\/v2\/pages\/1516"}],"wp:attachment":[{"href":"https:\/\/www.afibmatters.org\/pl\/wp-json\/wp\/v2\/media?parent=1503"}],"wp:term":[{"taxonomy":"category","embeddable":true,"href":"https:\/\/www.afibmatters.org\/pl\/wp-json\/wp\/v2\/categories?post=1503"},{"taxonomy":"post_tag","embeddable":true,"href":"https:\/\/www.afibmatters.org\/pl\/wp-json\/wp\/v2\/tags?post=1503"}],"curies":[{"name":"wp","href":"https:\/\/api.w.org\/{rel}","templated":true}]}}