{"id":1476,"date":"2020-03-03T11:56:56","date_gmt":"2020-03-03T11:56:56","guid":{"rendered":"https:\/\/www.afibmatters.org\/co-moze-zrobic-moj-lekarz\/kontrola-czestosci-bicia-serca-tetna\/"},"modified":"2020-03-05T12:07:41","modified_gmt":"2020-03-05T12:07:41","slug":"kontrola-czestosci-bicia-serca-tetna","status":"publish","type":"page","link":"https:\/\/www.afibmatters.org\/pl\/co-moze-zrobic-moj-lekarz\/kontrola-czestosci-bicia-serca-tetna\/","title":{"rendered":"Kontrola cz\u0119sto\u015bci bicia serca (t\u0119tna)"},"content":{"rendered":"<p><img loading=\"lazy\" decoding=\"async\" class=\"alignnone size-large wp-image-917\" src=\"https:\/\/www.afibmatters.org\/wp-content\/uploads\/2020\/01\/shutterstock_1057509995-1024x692.jpg\" alt=\"\" width=\"1024\" height=\"692\" srcset=\"https:\/\/cdn-endpoint-afib.azureedge.net\/afibmatters\/2020\/01\/shutterstock_1057509995-1024x692.jpg 1024w, https:\/\/cdn-endpoint-afib.azureedge.net\/afibmatters\/2020\/01\/shutterstock_1057509995-300x203.jpg 300w, https:\/\/cdn-endpoint-afib.azureedge.net\/afibmatters\/2020\/01\/shutterstock_1057509995-768x519.jpg 768w, https:\/\/cdn-endpoint-afib.azureedge.net\/afibmatters\/2020\/01\/shutterstock_1057509995-1536x1039.jpg 1536w, https:\/\/cdn-endpoint-afib.azureedge.net\/afibmatters\/2020\/01\/shutterstock_1057509995-2048x1385.jpg 2048w, https:\/\/cdn-endpoint-afib.azureedge.net\/afibmatters\/2020\/01\/shutterstock_1057509995-500x338.jpg 500w\" sizes=\"auto, (max-width: 1024px) 100vw, 1024px\" \/><\/p>\n<p>Kontrola cz\u0119sto\u015bci bicia serca oznacza, \u017ce pacjent i lekarz zaakceptowali migotanie przedsionk\u00f3w jako stan pacjenta, ale mo\u017ce okaza\u0107 si\u0119 konieczne kontrolowanie cz\u0119sto\u015bci bicia serca (liczby uderze\u0144 serca na minut\u0119), aby pacjent nie do\u015bwiadcza\u0142 objaw\u00f3w.<\/p>\n<p>Je\u015bli lekarz nie potrafi przywr\u00f3ci\u0107 prawid\u0142owego rytmu serca (nieudana pr\u00f3ba) lub uwa\u017ca, \u017ce z powodu zasadniczej choroby serca pacjenta przywr\u00f3cenie u niego prawid\u0142owego rytmu zatokowego jest prawie niemo\u017cliwe, zaleci w ramach leczenia AF kontrol\u0119 cz\u0119sto\u015bci bicia serca.<\/p>\n<ul>\n<li>\n<h3>Farmakologicznie<\/h3>\n<\/li>\n<\/ul>\n<p>Lekarz mo\u017ce przepisa\u0107 leki w celu przywr\u00f3cenia prawid\u0142owego t\u0119tna (70-110 uderze\u0144 na minut\u0119 w spoczynku).<\/p>\n<p>W zale\u017cno\u015bci od objaw\u00f3w pacjenta lekarz mo\u017ce wybra\u0107 \u015bcis\u0142\u0105 kontrol\u0119 t\u0119tna (utrzymanie t\u0119tna w spoczynku na poziomie 70-90 uderze\u0144 na minut\u0119) lub \u0142agodn\u0105 kontrol\u0119 t\u0119tna (utrzymanie t\u0119tna na poziomie 100-110 uderze\u0144 na minut\u0119 w spoczynku).<\/p>\n<p>Leki, kt\u00f3re mo\u017cna stosowa\u0107 do kontrolowania cz\u0119sto\u015bci akcji serca to:<\/p>\n<ul>\n<li><strong>Beta-blokery<\/strong> : zwalniaj\u0105 prac\u0119 serca zar\u00f3wno podczas spoczynku, jak i aktywno\u015bci. Zazwyczaj s\u0105 one pierwszym wyborem niezale\u017cnie od zasadniczych chor\u00f3b serca pacjenta.<\/li>\n<li><strong>Blokery kana\u0142\u00f3w wapniowych:<\/strong> kontroluj\u0105 cz\u0119sto\u015b\u0107 bicia serca, ale nie mo\u017cna ich stosowa\u0107 u pacjent\u00f3w z niewydolno\u015bci\u0105 serca lub niskim ci\u015bnieniem krwi.<\/li>\n<li><strong>Digoksyna<\/strong> : kontroluje t\u0119tno podczas spoczynku, ale nie podczas wysi\u0142ku. Je\u015bli w monoterapii dioksyna nie spowolni\u0142a wystarczaj\u0105co t\u0119tna, czasami dodaje si\u0119 do niej beta-adrenolityki lub rzadziej blokery kana\u0142\u00f3w wapniowych.<\/li>\n<li><strong>Amiodaron:<\/strong> Zdarza si\u0119, \u017ce lekarz mo\u017ce zdecydowa\u0107 o kontrolowaniu cz\u0119sto\u015bci bicia serca pacjenta za pomoc\u0105 tego leku w monoterapii lub w skojarzeniu z beta-adrenolitykami. Amiodaron jest bardzo skuteczny w kontrolowaniu cz\u0119sto\u015bci akcji serca, ale powoduje powa\u017cne dzia\u0142ania niepo\u017c\u0105dane przy d\u0142ugotrwa\u0142ym leczeniu. Gromadzi si\u0119 w tarczycy, p\u0142ucach, sk\u00f3rze itp.<\/li>\n<\/ul>\n<p>&nbsp;<\/p>\n<ul>\n<li><a href=\"https:\/\/www.afibmatters.org\/pl\/co-moze-zrobic-moj-lekarz\/migotanie-przedsionkow-ablacja\/\">Ablacj\u0105<\/a><\/li>\n<\/ul>\n<p>&nbsp;<\/p>\n<p><a href=\"https:\/\/www.afibmatters.org\/pl\/co-moge-zrobic\/jak-moge-zmienic-swoje-zycie\/\"><strong>Dowiedz si\u0119 wi\u0119cej o: \u201eJak mog\u0119 zmieni\u0107 swoje \u017cycie?\u201d<\/strong><\/a><\/p>\n<p>&nbsp;<\/p>\n","protected":false},"excerpt":{"rendered":"<p>Kontrola cz\u0119sto\u015bci bicia serca oznacza, \u017ce pacjent i lekarz zaakceptowali migotanie przedsionk\u00f3w jako stan pacjenta, ale mo\u017ce okaza\u0107 si\u0119 konieczne kontrolowanie cz\u0119sto\u015bci bicia serca (liczby uderze\u0144 serca na minut\u0119), aby pacjent nie do\u015bwiadcza\u0142 objaw\u00f3w. Je\u015bli lekarz nie potrafi przywr\u00f3ci\u0107 prawid\u0142owego rytmu serca (nieudana pr\u00f3ba) lub uwa\u017ca, \u017ce z powodu zasadniczej choroby serca pacjenta przywr\u00f3cenie u [&hellip;]<\/p>\n","protected":false},"author":1,"featured_media":0,"parent":1469,"menu_order":16,"comment_status":"closed","ping_status":"closed","template":"","meta":{"_acf_changed":false,"footnotes":""},"categories":[59],"tags":[],"class_list":["post-1476","page","type-page","status-publish","hentry","category-co-moze-zrobic-moj-lekarz"],"acf":[],"_links":{"self":[{"href":"https:\/\/www.afibmatters.org\/pl\/wp-json\/wp\/v2\/pages\/1476","targetHints":{"allow":["GET"]}}],"collection":[{"href":"https:\/\/www.afibmatters.org\/pl\/wp-json\/wp\/v2\/pages"}],"about":[{"href":"https:\/\/www.afibmatters.org\/pl\/wp-json\/wp\/v2\/types\/page"}],"author":[{"embeddable":true,"href":"https:\/\/www.afibmatters.org\/pl\/wp-json\/wp\/v2\/users\/1"}],"replies":[{"embeddable":true,"href":"https:\/\/www.afibmatters.org\/pl\/wp-json\/wp\/v2\/comments?post=1476"}],"version-history":[{"count":1,"href":"https:\/\/www.afibmatters.org\/pl\/wp-json\/wp\/v2\/pages\/1476\/revisions"}],"predecessor-version":[{"id":1702,"href":"https:\/\/www.afibmatters.org\/pl\/wp-json\/wp\/v2\/pages\/1476\/revisions\/1702"}],"up":[{"embeddable":true,"href":"https:\/\/www.afibmatters.org\/pl\/wp-json\/wp\/v2\/pages\/1469"}],"wp:attachment":[{"href":"https:\/\/www.afibmatters.org\/pl\/wp-json\/wp\/v2\/media?parent=1476"}],"wp:term":[{"taxonomy":"category","embeddable":true,"href":"https:\/\/www.afibmatters.org\/pl\/wp-json\/wp\/v2\/categories?post=1476"},{"taxonomy":"post_tag","embeddable":true,"href":"https:\/\/www.afibmatters.org\/pl\/wp-json\/wp\/v2\/tags?post=1476"}],"curies":[{"name":"wp","href":"https:\/\/api.w.org\/{rel}","templated":true}]}}