{"id":1460,"date":"2020-03-03T11:56:51","date_gmt":"2020-03-03T11:56:51","guid":{"rendered":"https:\/\/www.afibmatters.org\/co-musze-wiedziec\/dlaczego-migotanie-przedsionkow-jest-niebezpieczne\/"},"modified":"2021-04-21T17:31:03","modified_gmt":"2021-04-21T16:31:03","slug":"dlaczego-migotanie-przedsionkow-jest-niebezpieczne","status":"publish","type":"page","link":"https:\/\/www.afibmatters.org\/pl\/co-musze-wiedziec\/dlaczego-migotanie-przedsionkow-jest-niebezpieczne\/","title":{"rendered":"Dlaczego migotanie przedsionk\u00f3w jest niebezpieczne?"},"content":{"rendered":"<p>Wielu pacjent\u00f3w z arytmi\u0105 nie do\u015bwiadcza \u017cadnych problem\u00f3w przez wiele lat. Nieleczone migotanie przedsionk\u00f3w mo\u017ce jednak prowadzi\u0107 do powa\u017cnych powik\u0142a\u0144 takich jak udar m\u00f3zgu czy niewydolno\u015b\u0107 serca prowadz\u0105ce do powa\u017cnych konsekwencji zdrowotnych.<\/p>\n<ul>\n<li><a href=\"https:\/\/www.afibmatters.org\/pl\/co-moze-zrobic-moj-lekarz\/jak-zapobiegac-niewydolnosci-serca\/\">Ryzyko niewydolno\u015bci serca<\/a><\/li>\n<li><a href=\"https:\/\/www.afibmatters.org\/pl\/co-moze-zrobic-moj-lekarz\/jak-zapobiegac-udarowi\/\">Ryzyko udaru<\/a><\/li>\n<\/ul>\n<p>&nbsp;<\/p>\n","protected":false},"excerpt":{"rendered":"<p>Wielu pacjent\u00f3w z arytmi\u0105 nie do\u015bwiadcza \u017cadnych problem\u00f3w przez wiele lat. Nieleczone migotanie przedsionk\u00f3w mo\u017ce jednak prowadzi\u0107 do powa\u017cnych powik\u0142a\u0144 takich jak udar m\u00f3zgu czy niewydolno\u015b\u0107 serca prowadz\u0105ce do powa\u017cnych konsekwencji zdrowotnych. Ryzyko niewydolno\u015bci serca Ryzyko udaru &nbsp;<\/p>\n","protected":false},"author":1,"featured_media":0,"parent":1420,"menu_order":10,"comment_status":"closed","ping_status":"closed","template":"","meta":{"_acf_changed":false,"footnotes":""},"categories":[52],"tags":[],"class_list":["post-1460","page","type-page","status-publish","hentry","category-co-musze-wiedziec"],"acf":[],"_links":{"self":[{"href":"https:\/\/www.afibmatters.org\/pl\/wp-json\/wp\/v2\/pages\/1460","targetHints":{"allow":["GET"]}}],"collection":[{"href":"https:\/\/www.afibmatters.org\/pl\/wp-json\/wp\/v2\/pages"}],"about":[{"href":"https:\/\/www.afibmatters.org\/pl\/wp-json\/wp\/v2\/types\/page"}],"author":[{"embeddable":true,"href":"https:\/\/www.afibmatters.org\/pl\/wp-json\/wp\/v2\/users\/1"}],"replies":[{"embeddable":true,"href":"https:\/\/www.afibmatters.org\/pl\/wp-json\/wp\/v2\/comments?post=1460"}],"version-history":[{"count":4,"href":"https:\/\/www.afibmatters.org\/pl\/wp-json\/wp\/v2\/pages\/1460\/revisions"}],"predecessor-version":[{"id":3334,"href":"https:\/\/www.afibmatters.org\/pl\/wp-json\/wp\/v2\/pages\/1460\/revisions\/3334"}],"up":[{"embeddable":true,"href":"https:\/\/www.afibmatters.org\/pl\/wp-json\/wp\/v2\/pages\/1420"}],"wp:attachment":[{"href":"https:\/\/www.afibmatters.org\/pl\/wp-json\/wp\/v2\/media?parent=1460"}],"wp:term":[{"taxonomy":"category","embeddable":true,"href":"https:\/\/www.afibmatters.org\/pl\/wp-json\/wp\/v2\/categories?post=1460"},{"taxonomy":"post_tag","embeddable":true,"href":"https:\/\/www.afibmatters.org\/pl\/wp-json\/wp\/v2\/tags?post=1460"}],"curies":[{"name":"wp","href":"https:\/\/api.w.org\/{rel}","templated":true}]}}