{"id":1447,"date":"2020-03-03T11:56:48","date_gmt":"2020-03-03T11:56:48","guid":{"rendered":"https:\/\/www.afibmatters.org\/co-musze-wiedziec\/czy-moze-dojsc-do-nawrotu-migotania-przedsionkow\/"},"modified":"2020-04-03T20:19:26","modified_gmt":"2020-04-03T19:19:26","slug":"czy-moze-dojsc-do-nawrotu-migotania-przedsionkow","status":"publish","type":"page","link":"https:\/\/www.afibmatters.org\/pl\/co-musze-wiedziec\/czy-moze-dojsc-do-nawrotu-migotania-przedsionkow\/","title":{"rendered":"Czy mo\u017ce doj\u015b\u0107 do nawrotu migotania przedsionk\u00f3w?"},"content":{"rendered":"<p>Ryzyko nawrotu migotania przedsionk\u00f3w zale\u017cy od schorze\u0144 zasadniczych ka\u017cdego pacjenta.<\/p>\n<p>Czasami migotanie przedsionk\u00f3w pojawia si\u0119 z powodu stan\u00f3w chorobowych, kt\u00f3re s\u0105 tymczasowe i mog\u0105 zosta\u0107 poddane leczeniu np. zaburzenia funkcji tarczycy, zaka\u017cenie lub zaburzenia r\u00f3wnowagi elektrolit\u00f3w w organizmie. W takich przypadkach, po leczeniu ostrej postaci choroby, ryzyko nawrotu migotania przedsionk\u00f3w jest mniejsze w perspektywie kr\u00f3tkookresowej.<\/p>\n<p>Je\u015bli u pacjenta obecne s\u0105 inne chroniczne schorzenia, kt\u00f3re predysponuj\u0105 go do migotania przedsionk\u00f3w, np. wysokie ci\u015bnienie, oty\u0142o\u015b\u0107, obturacyjny bezdech senny itp. ryzyko wyst\u0105pienia u niego migotania przedsionk\u00f3w jest wy\u017csze. Je\u015bli schorzenia te pozostaj\u0105 nieleczone, migotanie przedsionk\u00f3w mo\u017ce wyst\u0119powa\u0107 cz\u0119\u015bciej, a nawet przechodzi\u0107 do postaci utrwalonej.<\/p>\n<p>&nbsp;<\/p>\n<p>&nbsp;<\/p>\n","protected":false},"excerpt":{"rendered":"<p>Ryzyko nawrotu migotania przedsionk\u00f3w zale\u017cy od schorze\u0144 zasadniczych ka\u017cdego pacjenta. Czasami migotanie przedsionk\u00f3w pojawia si\u0119 z powodu stan\u00f3w chorobowych, kt\u00f3re s\u0105 tymczasowe i mog\u0105 zosta\u0107 poddane leczeniu np. zaburzenia funkcji tarczycy, zaka\u017cenie lub zaburzenia r\u00f3wnowagi elektrolit\u00f3w w organizmie. W takich przypadkach, po leczeniu ostrej postaci choroby, ryzyko nawrotu migotania przedsionk\u00f3w jest mniejsze w perspektywie kr\u00f3tkookresowej. [&hellip;]<\/p>\n","protected":false},"author":1,"featured_media":0,"parent":1420,"menu_order":11,"comment_status":"closed","ping_status":"closed","template":"","meta":{"_acf_changed":false,"footnotes":""},"categories":[52],"tags":[],"class_list":["post-1447","page","type-page","status-publish","hentry","category-co-musze-wiedziec"],"acf":[],"_links":{"self":[{"href":"https:\/\/www.afibmatters.org\/pl\/wp-json\/wp\/v2\/pages\/1447","targetHints":{"allow":["GET"]}}],"collection":[{"href":"https:\/\/www.afibmatters.org\/pl\/wp-json\/wp\/v2\/pages"}],"about":[{"href":"https:\/\/www.afibmatters.org\/pl\/wp-json\/wp\/v2\/types\/page"}],"author":[{"embeddable":true,"href":"https:\/\/www.afibmatters.org\/pl\/wp-json\/wp\/v2\/users\/1"}],"replies":[{"embeddable":true,"href":"https:\/\/www.afibmatters.org\/pl\/wp-json\/wp\/v2\/comments?post=1447"}],"version-history":[{"count":1,"href":"https:\/\/www.afibmatters.org\/pl\/wp-json\/wp\/v2\/pages\/1447\/revisions"}],"predecessor-version":[{"id":2370,"href":"https:\/\/www.afibmatters.org\/pl\/wp-json\/wp\/v2\/pages\/1447\/revisions\/2370"}],"up":[{"embeddable":true,"href":"https:\/\/www.afibmatters.org\/pl\/wp-json\/wp\/v2\/pages\/1420"}],"wp:attachment":[{"href":"https:\/\/www.afibmatters.org\/pl\/wp-json\/wp\/v2\/media?parent=1447"}],"wp:term":[{"taxonomy":"category","embeddable":true,"href":"https:\/\/www.afibmatters.org\/pl\/wp-json\/wp\/v2\/categories?post=1447"},{"taxonomy":"post_tag","embeddable":true,"href":"https:\/\/www.afibmatters.org\/pl\/wp-json\/wp\/v2\/tags?post=1447"}],"curies":[{"name":"wp","href":"https:\/\/api.w.org\/{rel}","templated":true}]}}