{"id":1430,"date":"2020-03-03T11:56:44","date_gmt":"2020-03-03T11:56:44","guid":{"rendered":"https:\/\/www.afibmatters.org\/co-musze-wiedziec\/jak-powszechne-jest-migotanie-przedsionkow\/"},"modified":"2020-04-03T20:08:28","modified_gmt":"2020-04-03T19:08:28","slug":"jak-powszechne-jest-migotanie-przedsionkow","status":"publish","type":"page","link":"https:\/\/www.afibmatters.org\/pl\/co-musze-wiedziec\/jak-powszechne-jest-migotanie-przedsionkow\/","title":{"rendered":"Jak powszechne jest migotanie przedsionk\u00f3w?"},"content":{"rendered":"<p><img loading=\"lazy\" decoding=\"async\" class=\"alignleft wp-image-884 size-large\" src=\"https:\/\/cdn-endpoint-afib.azureedge.net\/afibmatters\/2020\/01\/shutterstock_1348938884-1024x683.jpg\" alt=\"\" width=\"1024\" height=\"683\" srcset=\"https:\/\/cdn-endpoint-afib.azureedge.net\/afibmatters\/2020\/01\/shutterstock_1348938884-1024x683.jpg 1024w, https:\/\/cdn-endpoint-afib.azureedge.net\/afibmatters\/2020\/01\/shutterstock_1348938884-300x200.jpg 300w, https:\/\/cdn-endpoint-afib.azureedge.net\/afibmatters\/2020\/01\/shutterstock_1348938884-768x512.jpg 768w, https:\/\/cdn-endpoint-afib.azureedge.net\/afibmatters\/2020\/01\/shutterstock_1348938884-1536x1024.jpg 1536w, https:\/\/cdn-endpoint-afib.azureedge.net\/afibmatters\/2020\/01\/shutterstock_1348938884-2048x1365.jpg 2048w, https:\/\/cdn-endpoint-afib.azureedge.net\/afibmatters\/2020\/01\/shutterstock_1348938884-500x333.jpg 500w\" sizes=\"auto, (max-width: 1024px) 100vw, 1024px\" \/><\/p>\n<p>Migotanie przedsionk\u00f3w jest <strong>najcz\u0119stszym zaburzeniem rytmu serca<\/strong>. Cz\u0119sto\u015b\u0107 jego wyst\u0119powania wynosi oko\u0142o 1% w\u015br\u00f3d ca\u0142ej populacji, w szczeg\u00f3lno\u015bci u os\u00f3b w podesz\u0142ym wieku. Migotanie rzadko pojawia si\u0119 u ludzi m\u0142odych i wyst\u0119puje u 5% os\u00f3b powy\u017cej 65. roku \u017cycia oraz 10% os\u00f3b powy\u017cej 80. roku \u017cycia.<\/p>\n<p>&nbsp;<\/p>\n<p>&nbsp;<\/p>\n","protected":false},"excerpt":{"rendered":"<p>Migotanie przedsionk\u00f3w jest najcz\u0119stszym zaburzeniem rytmu serca. Cz\u0119sto\u015b\u0107 jego wyst\u0119powania wynosi oko\u0142o 1% w\u015br\u00f3d ca\u0142ej populacji, w szczeg\u00f3lno\u015bci u os\u00f3b w podesz\u0142ym wieku. Migotanie rzadko pojawia si\u0119 u ludzi m\u0142odych i wyst\u0119puje u 5% os\u00f3b powy\u017cej 65. roku \u017cycia oraz 10% os\u00f3b powy\u017cej 80. roku \u017cycia. &nbsp; &nbsp;<\/p>\n","protected":false},"author":1,"featured_media":0,"parent":1420,"menu_order":7,"comment_status":"closed","ping_status":"closed","template":"","meta":{"_acf_changed":false,"footnotes":""},"categories":[52],"tags":[],"class_list":["post-1430","page","type-page","status-publish","hentry","category-co-musze-wiedziec"],"acf":[],"_links":{"self":[{"href":"https:\/\/www.afibmatters.org\/pl\/wp-json\/wp\/v2\/pages\/1430","targetHints":{"allow":["GET"]}}],"collection":[{"href":"https:\/\/www.afibmatters.org\/pl\/wp-json\/wp\/v2\/pages"}],"about":[{"href":"https:\/\/www.afibmatters.org\/pl\/wp-json\/wp\/v2\/types\/page"}],"author":[{"embeddable":true,"href":"https:\/\/www.afibmatters.org\/pl\/wp-json\/wp\/v2\/users\/1"}],"replies":[{"embeddable":true,"href":"https:\/\/www.afibmatters.org\/pl\/wp-json\/wp\/v2\/comments?post=1430"}],"version-history":[{"count":1,"href":"https:\/\/www.afibmatters.org\/pl\/wp-json\/wp\/v2\/pages\/1430\/revisions"}],"predecessor-version":[{"id":2363,"href":"https:\/\/www.afibmatters.org\/pl\/wp-json\/wp\/v2\/pages\/1430\/revisions\/2363"}],"up":[{"embeddable":true,"href":"https:\/\/www.afibmatters.org\/pl\/wp-json\/wp\/v2\/pages\/1420"}],"wp:attachment":[{"href":"https:\/\/www.afibmatters.org\/pl\/wp-json\/wp\/v2\/media?parent=1430"}],"wp:term":[{"taxonomy":"category","embeddable":true,"href":"https:\/\/www.afibmatters.org\/pl\/wp-json\/wp\/v2\/categories?post=1430"},{"taxonomy":"post_tag","embeddable":true,"href":"https:\/\/www.afibmatters.org\/pl\/wp-json\/wp\/v2\/tags?post=1430"}],"curies":[{"name":"wp","href":"https:\/\/api.w.org\/{rel}","templated":true}]}}