{"id":1429,"date":"2020-03-03T11:56:43","date_gmt":"2020-03-03T11:56:43","guid":{"rendered":"https:\/\/www.afibmatters.org\/co-musze-wiedziec\/jakie-objawy-daje-migotanie-przedsionkow\/"},"modified":"2022-03-24T10:48:13","modified_gmt":"2022-03-24T10:48:13","slug":"jakie-objawy-daje-migotanie-przedsionkow","status":"publish","type":"page","link":"https:\/\/www.afibmatters.org\/pl\/co-musze-wiedziec\/jakie-objawy-daje-migotanie-przedsionkow\/","title":{"rendered":"Jakie objawy daje migotanie przedsionk\u00f3w?"},"content":{"rendered":"<p><img loading=\"lazy\" decoding=\"async\" class=\"alignnone size-large wp-image-1053\" src=\"https:\/\/cdn-endpoint-afib.azureedge.net\/afibmatters\/2020\/01\/iStock-516900090-1024x680.jpg\" alt=\"T\u0119tno\" width=\"1024\" height=\"680\" srcset=\"https:\/\/cdn-endpoint-afib.azureedge.net\/afibmatters\/2020\/01\/iStock-516900090-1024x680.jpg 1024w, https:\/\/cdn-endpoint-afib.azureedge.net\/afibmatters\/2020\/01\/iStock-516900090-300x199.jpg 300w, https:\/\/cdn-endpoint-afib.azureedge.net\/afibmatters\/2020\/01\/iStock-516900090-768x510.jpg 768w, https:\/\/cdn-endpoint-afib.azureedge.net\/afibmatters\/2020\/01\/iStock-516900090-1536x1020.jpg 1536w, https:\/\/cdn-endpoint-afib.azureedge.net\/afibmatters\/2020\/01\/iStock-516900090-2048x1360.jpg 2048w, https:\/\/cdn-endpoint-afib.azureedge.net\/afibmatters\/2020\/01\/iStock-516900090-500x332.jpg 500w\" sizes=\"auto, (max-width: 1024px) 100vw, 1024px\" \/><\/p>\n<p>Jak objawy migotania przedsionk\u00f3w r\u00f3\u017cni\u0105 si\u0119 u poszczeg\u00f3lnych pacjent\u00f3w Niekt\u00f3rzy pacjenci do\u015bwiadczaj\u0105 <a href=\"https:\/\/www.afibmatters.org\/pl\/co-musze-wiedziec\/jakie-objawy-daje-migotanie-przedsionkow\/palpitacje\/\">palpitacji<\/a> i niemiarowego bicia serca i natychmiast rozpoznaj\u0105, \u017ce rozpocz\u0105\u0142 si\u0119 u nich napad migotania przedsionk\u00f3w. U innych pojawiaj\u0105 si\u0119 <a href=\"https:\/\/www.afibmatters.org\/pl\/co-musze-wiedziec\/jakie-objawy-daje-migotanie-przedsionkow\/bol-w-klatce-piersiowej\/\">dyskomfort w obr\u0119bie klatki piersiowej<\/a>, <a href=\"https:\/\/www.afibmatters.org\/pl\/co-musze-wiedziec\/jakie-objawy-daje-migotanie-przedsionkow\/brak-tchu\/\">zadyszka<\/a>, <a href=\"https:\/\/www.afibmatters.org\/pl\/co-musze-wiedziec\/jakie-objawy-daje-migotanie-przedsionkow\/omdlenia-zawroty-glowy-i-chwilowe-utraty-przytomnosci\/\">zawroty g\u0142owy, oszo\u0142omienie<\/a> lub og\u00f3lne <a href=\"https:\/\/www.afibmatters.org\/pl\/co-musze-wiedziec\/jakie-objawy-daje-migotanie-przedsionkow\/zmeczenie\/\">zm\u0119czenie<\/a>, bez <a href=\"https:\/\/www.afibmatters.org\/pl\/co-musze-wiedziec\/jakie-objawy-daje-migotanie-przedsionkow\/palpitacje\/\">palpitacji<\/a>. U niekt\u00f3rych os\u00f3b objawy migotania przedsionk\u00f3w wyst\u0119puj\u0105 podczas spoczynku, a u innych podczas aktywno\u015bci fizycznej.<\/p>\n<p>Pocz\u0105tek epizodu migotania przedsionk\u00f3w nie zawsze jest oczywisty. U niekt\u00f3rych os\u00f3b objawy migotania przedsionk\u00f3w zaczynaj\u0105 si\u0119 nagle, a u innych wyst\u0119puje stopniowe ograniczenie zdolno\u015bci do aktywno\u015bci fizycznej. W przypadku stopniowego rozwoju AF zdarza si\u0119, \u017ce pacjent nie podejrzewa u siebie migotania przedsionk\u00f3w i mija du\u017co czasu, zanim zg\u0142osi si\u0119 do lekarza.<\/p>\n<p>Zdarza si\u0119, \u017ce AF przebiega bezobjawowo i zostaje przypadkowo zdiagnozowane np. podczas okresowego badania kontrolnego lub przez urz\u0105dzenia nasobne.<\/p>\n<p>Nie jest jasne, dlaczego u niekt\u00f3rych pacjent\u00f3w migotanie przedsionk\u00f3w przebiega bezobjawowo, a inni maj\u0105 objawy. Wielu pacjent\u00f3w do\u015bwiadcza przy\u015bpieszonego t\u0119tna. Natomiast u niekt\u00f3rych pacjent\u00f3w objawy pojawiaj\u0105 si\u0119 nawet w\u00f3wczas, gdy ich t\u0119tno nie jest przy\u015bpieszone. U niekt\u00f3rych chorych zbyt wolne bicie serca podczas migotania przedsionk\u00f3w mo\u017ce powodowa\u0107 objawy.<\/p>\n<p>Napady migotania przedsionk\u00f3w mog\u0105 ust\u0105pi\u0107 bez leczenia, niemniej jednak nale\u017cy om\u00f3wi\u0107 z lekarzem, jak post\u0119powa\u0107 w przypadku ich wyst\u0105pienia. W razie wyst\u0105pienia jakichkolwiek nieprzyjemnych objaw\u00f3w wywo\u0142uj\u0105cych bardzo z\u0142e samopoczucie (tj. nudno\u015bci, <a href=\"https:\/\/www.afibmatters.org\/pl\/co-musze-wiedziec\/jakie-objawy-daje-migotanie-przedsionkow\/bol-w-klatce-piersiowej\/\">b\u00f3l w klatce piersiowej<\/a>, <a href=\"https:\/\/www.afibmatters.org\/pl\/co-musze-wiedziec\/jakie-objawy-daje-migotanie-przedsionkow\/omdlenia-zawroty-glowy-i-chwilowe-utraty-przytomnosci\/\">omdlenia<\/a> itp.), nale\u017cy natychmiast uda\u0107 si\u0119 do szpitala.<\/p>\n<p>&nbsp;<\/p>\n","protected":false},"excerpt":{"rendered":"<p>Jak objawy migotania przedsionk\u00f3w r\u00f3\u017cni\u0105 si\u0119 u poszczeg\u00f3lnych pacjent\u00f3w Niekt\u00f3rzy pacjenci do\u015bwiadczaj\u0105 palpitacji i niemiarowego bicia serca i natychmiast rozpoznaj\u0105, \u017ce rozpocz\u0105\u0142 si\u0119 u nich napad migotania przedsionk\u00f3w. U innych pojawiaj\u0105 si\u0119 dyskomfort w obr\u0119bie klatki piersiowej, zadyszka, zawroty g\u0142owy, oszo\u0142omienie lub og\u00f3lne zm\u0119czenie, bez palpitacji. U niekt\u00f3rych os\u00f3b objawy migotania przedsionk\u00f3w wyst\u0119puj\u0105 podczas spoczynku, [&hellip;]<\/p>\n","protected":false},"author":1,"featured_media":0,"parent":1420,"menu_order":9,"comment_status":"closed","ping_status":"closed","template":"","meta":{"_acf_changed":false,"footnotes":""},"categories":[52],"tags":[],"class_list":["post-1429","page","type-page","status-publish","hentry","category-co-musze-wiedziec"],"acf":[],"_links":{"self":[{"href":"https:\/\/www.afibmatters.org\/pl\/wp-json\/wp\/v2\/pages\/1429","targetHints":{"allow":["GET"]}}],"collection":[{"href":"https:\/\/www.afibmatters.org\/pl\/wp-json\/wp\/v2\/pages"}],"about":[{"href":"https:\/\/www.afibmatters.org\/pl\/wp-json\/wp\/v2\/types\/page"}],"author":[{"embeddable":true,"href":"https:\/\/www.afibmatters.org\/pl\/wp-json\/wp\/v2\/users\/1"}],"replies":[{"embeddable":true,"href":"https:\/\/www.afibmatters.org\/pl\/wp-json\/wp\/v2\/comments?post=1429"}],"version-history":[{"count":3,"href":"https:\/\/www.afibmatters.org\/pl\/wp-json\/wp\/v2\/pages\/1429\/revisions"}],"predecessor-version":[{"id":6605,"href":"https:\/\/www.afibmatters.org\/pl\/wp-json\/wp\/v2\/pages\/1429\/revisions\/6605"}],"up":[{"embeddable":true,"href":"https:\/\/www.afibmatters.org\/pl\/wp-json\/wp\/v2\/pages\/1420"}],"wp:attachment":[{"href":"https:\/\/www.afibmatters.org\/pl\/wp-json\/wp\/v2\/media?parent=1429"}],"wp:term":[{"taxonomy":"category","embeddable":true,"href":"https:\/\/www.afibmatters.org\/pl\/wp-json\/wp\/v2\/categories?post=1429"},{"taxonomy":"post_tag","embeddable":true,"href":"https:\/\/www.afibmatters.org\/pl\/wp-json\/wp\/v2\/tags?post=1429"}],"curies":[{"name":"wp","href":"https:\/\/api.w.org\/{rel}","templated":true}]}}