{"id":1419,"date":"2020-03-03T11:56:40","date_gmt":"2020-03-03T11:56:40","guid":{"rendered":"https:\/\/www.afibmatters.org\/czym-jest-migotanie-przedsionkow\/prawidlowy-rytm-i-anatomia-serca\/"},"modified":"2022-01-26T14:35:08","modified_gmt":"2022-01-26T14:35:08","slug":"prawidlowy-rytm-i-anatomia-serca","status":"publish","type":"page","link":"https:\/\/www.afibmatters.org\/pl\/czym-jest-migotanie-przedsionkow\/prawidlowy-rytm-i-anatomia-serca\/","title":{"rendered":"Prawid\u0142owy rytm i anatomia serca"},"content":{"rendered":"<p>Serce zbudowane jest z 4 jam. Le\u017c\u0105cych w g\u00f3rnej cz\u0119\u015bci dw\u00f3ch <strong>przedsionk\u00f3w (lewego i prawego)<\/strong> i po\u0142o\u017conych pod nimi dw\u00f3ch <strong>kom\u00f3r (lewej i prawej)<\/strong>.<\/p>\n<p>Przedsionki zbieraj\u0105 krew powracaj\u0105c\u0105 do serca \u017cy\u0142ami i nape\u0142niaj\u0105 krwi\u0105 komory serca.<\/p>\n<p>Rytm serca inicjowany jest w <strong>w\u0119\u017ale zatokowym<\/strong>, czyli zespole wyspecjalizowanych kom\u00f3rek, kt\u00f3re wytwarzaj\u0105 impulsy elektryczne.<\/p>\n<p><img loading=\"lazy\" decoding=\"async\" class=\"alignnone wp-image-5731 size-large\" src=\"https:\/\/cdn-endpoint-afib.azureedge.net\/afibmatters\/2022\/01\/Asset-17beat-POL-1536x993-min-1024x662.jpg?_t=1643207703\" alt=\"\" width=\"1024\" height=\"662\" srcset=\"https:\/\/cdn-endpoint-afib.azureedge.net\/afibmatters\/2022\/01\/Asset-17beat-POL-1536x993-min-1024x662.jpg 1024w, https:\/\/cdn-endpoint-afib.azureedge.net\/afibmatters\/2022\/01\/Asset-17beat-POL-1536x993-min-300x194.jpg 300w, https:\/\/cdn-endpoint-afib.azureedge.net\/afibmatters\/2022\/01\/Asset-17beat-POL-1536x993-min-768x497.jpg 768w, https:\/\/cdn-endpoint-afib.azureedge.net\/afibmatters\/2022\/01\/Asset-17beat-POL-1536x993-min-500x323.jpg 500w, https:\/\/cdn-endpoint-afib.azureedge.net\/afibmatters\/2022\/01\/Asset-17beat-POL-1536x993-min.jpg 1536w\" sizes=\"auto, (max-width: 1024px) 100vw, 1024px\" \/><\/p>\n<p>Impulsy, kt\u00f3re powstaj\u0105 w w\u0119\u017ale zatokowym, przechodz\u0105 z przedsionk\u00f3w do kom\u00f3r w kierunku g\u0142\u00f3wnej stacji przewodzenia serca, <strong>w\u0119z\u0142a przedsionkowo-komorowego<\/strong>. Impuls elektryczny dociera nast\u0119pnie do kom\u00f3r, wywo\u0142uj\u0105c ich skurcz, kt\u00f3ry powoduje ruch krwi z serca do reszty cia\u0142a.<\/p>\n<p><strong>\u017by\u0142y p\u0142ucne<\/strong> doprowadzaj\u0105 krew z p\u0142uc do lewego przedsionka. Wi\u0119kszo\u015b\u0107 ludzi ma cztery \u017cy\u0142y p\u0142ucne. Je\u015bli w miejscu ich po\u0142\u0105czenia z lewym przedsionkiem wyst\u0119puje nieprawid\u0142owa aktywno\u015b\u0107 elektryczna, wtedy dochodzi do migotania przedsionk\u00f3w.<\/p>\n<p>&nbsp;<\/p>\n<p>&nbsp;<\/p>\n","protected":false},"excerpt":{"rendered":"<p>Serce zbudowane jest z 4 jam. Le\u017c\u0105cych w g\u00f3rnej cz\u0119\u015bci dw\u00f3ch przedsionk\u00f3w (lewego i prawego) i po\u0142o\u017conych pod nimi dw\u00f3ch kom\u00f3r (lewej i prawej). Przedsionki zbieraj\u0105 krew powracaj\u0105c\u0105 do serca \u017cy\u0142ami i nape\u0142niaj\u0105 krwi\u0105 komory serca. Rytm serca inicjowany jest w w\u0119\u017ale zatokowym, czyli zespole wyspecjalizowanych kom\u00f3rek, kt\u00f3re wytwarzaj\u0105 impulsy elektryczne. Impulsy, kt\u00f3re powstaj\u0105 w [&hellip;]<\/p>\n","protected":false},"author":1,"featured_media":0,"parent":1393,"menu_order":3,"comment_status":"closed","ping_status":"closed","template":"","meta":{"_acf_changed":false,"footnotes":""},"categories":[46],"tags":[],"class_list":["post-1419","page","type-page","status-publish","hentry","category-czym-jest-migotanie-przedsionkow"],"acf":[],"_links":{"self":[{"href":"https:\/\/www.afibmatters.org\/pl\/wp-json\/wp\/v2\/pages\/1419","targetHints":{"allow":["GET"]}}],"collection":[{"href":"https:\/\/www.afibmatters.org\/pl\/wp-json\/wp\/v2\/pages"}],"about":[{"href":"https:\/\/www.afibmatters.org\/pl\/wp-json\/wp\/v2\/types\/page"}],"author":[{"embeddable":true,"href":"https:\/\/www.afibmatters.org\/pl\/wp-json\/wp\/v2\/users\/1"}],"replies":[{"embeddable":true,"href":"https:\/\/www.afibmatters.org\/pl\/wp-json\/wp\/v2\/comments?post=1419"}],"version-history":[{"count":5,"href":"https:\/\/www.afibmatters.org\/pl\/wp-json\/wp\/v2\/pages\/1419\/revisions"}],"predecessor-version":[{"id":5743,"href":"https:\/\/www.afibmatters.org\/pl\/wp-json\/wp\/v2\/pages\/1419\/revisions\/5743"}],"up":[{"embeddable":true,"href":"https:\/\/www.afibmatters.org\/pl\/wp-json\/wp\/v2\/pages\/1393"}],"wp:attachment":[{"href":"https:\/\/www.afibmatters.org\/pl\/wp-json\/wp\/v2\/media?parent=1419"}],"wp:term":[{"taxonomy":"category","embeddable":true,"href":"https:\/\/www.afibmatters.org\/pl\/wp-json\/wp\/v2\/categories?post=1419"},{"taxonomy":"post_tag","embeddable":true,"href":"https:\/\/www.afibmatters.org\/pl\/wp-json\/wp\/v2\/tags?post=1419"}],"curies":[{"name":"wp","href":"https:\/\/api.w.org\/{rel}","templated":true}]}}