{"id":1411,"date":"2020-03-03T11:56:38","date_gmt":"2020-03-03T11:56:38","guid":{"rendered":"https:\/\/www.afibmatters.org\/czym-jest-migotanie-przedsionkow\/rozne-postacie-migotania-przedsionkow\/"},"modified":"2022-01-26T15:48:45","modified_gmt":"2022-01-26T15:48:45","slug":"rozne-postacie-migotania-przedsionkow","status":"publish","type":"page","link":"https:\/\/www.afibmatters.org\/pl\/czym-jest-migotanie-przedsionkow\/rozne-postacie-migotania-przedsionkow\/","title":{"rendered":"R\u00f3\u017cne postacie migotania przedsionk\u00f3w"},"content":{"rendered":"<p><img loading=\"lazy\" decoding=\"async\" class=\"aligncenter wp-image-5525\" src=\"https:\/\/cdn-endpoint-afib.azureedge.net\/afibmatters\/2022\/01\/iStock-653030504-Converted-e1576842831897-1024x865-min.jpg?_t=1643212109\" alt=\"\" width=\"400\" height=\"338\" srcset=\"https:\/\/www.afibmatters.org\/wp-content\/uploads\/2022\/01\/iStock-653030504-Converted-e1576842831897-1024x865-min.jpg 1024w, https:\/\/www.afibmatters.org\/wp-content\/uploads\/2022\/01\/iStock-653030504-Converted-e1576842831897-1024x865-min-300x253.jpg 300w, https:\/\/www.afibmatters.org\/wp-content\/uploads\/2022\/01\/iStock-653030504-Converted-e1576842831897-1024x865-min-768x649.jpg 768w, https:\/\/www.afibmatters.org\/wp-content\/uploads\/2022\/01\/iStock-653030504-Converted-e1576842831897-1024x865-min-429x362.jpg 429w\" sizes=\"auto, (max-width: 400px) 100vw, 400px\" \/><\/p>\n<p>&nbsp;<\/p>\n<p>Je\u015bli migotanie szybko ust\u0119puje, m\u00f3wimy w\u00f3wczas o migotaniu <strong>napadowym<\/strong>. Je\u015bli jednak wyst\u0119puje bardzo cz\u0119sto lub przez d\u0142u\u017cszy czas, okre\u015bla si\u0119 je mianem <strong>przetrwa\u0142ego<\/strong>. Je\u015bli przywr\u00f3cenie prawid\u0142owego rytmu serca jest niemo\u017cliwe, mamy do czynienia z migotaniem <strong>utrwalonym<\/strong>. Opisane postacie migotania przedsionk\u00f3w wykazuj\u0105 zr\u00f3\u017cnicowan\u0105 odpowied\u017a na leczenie i dlatego wymagaj\u0105 r\u00f3\u017cnego post\u0119powania.<\/p>\n<p>&nbsp;<\/p>\n<table>\n<tbody>\n<tr>\n<th><strong>Napadowe<\/strong><\/th>\n<td>Epizody trwaj\u0105 kr\u00f3cej ni\u017c 7 dni.<\/td>\n<\/tr>\n<tr>\n<th><strong>Przetrwa\u0142e<\/strong><\/th>\n<td>Epizody trwaj\u0105 d\u0142u\u017cej ni\u017c 7 dni.<\/td>\n<\/tr>\n<tr>\n<th><strong>Przetrwa\u0142e d\u0142ugo trwaj\u0105ce<\/strong><\/th>\n<td>Epizody trwaj\u0105 d\u0142u\u017cej ni\u017c rok.<\/td>\n<\/tr>\n<tr>\n<th><strong>Utrwalone<\/strong><\/th>\n<td>Gdy nie zostaje podj\u0119ta pr\u00f3ba przywr\u00f3cenia prawid\u0142owego rytmu lub gdy przywr\u00f3cenie takiego rytmu jest niemo\u017cliwe.<\/td>\n<\/tr>\n<\/tbody>\n<\/table>\n<p>&nbsp;<\/p>\n<p>&nbsp;<\/p>\n","protected":false},"excerpt":{"rendered":"<p>&nbsp; Je\u015bli migotanie szybko ust\u0119puje, m\u00f3wimy w\u00f3wczas o migotaniu napadowym. Je\u015bli jednak wyst\u0119puje bardzo cz\u0119sto lub przez d\u0142u\u017cszy czas, okre\u015bla si\u0119 je mianem przetrwa\u0142ego. Je\u015bli przywr\u00f3cenie prawid\u0142owego rytmu serca jest niemo\u017cliwe, mamy do czynienia z migotaniem utrwalonym. Opisane postacie migotania przedsionk\u00f3w wykazuj\u0105 zr\u00f3\u017cnicowan\u0105 odpowied\u017a na leczenie i dlatego wymagaj\u0105 r\u00f3\u017cnego post\u0119powania. &nbsp; Napadowe Epizody trwaj\u0105 [&hellip;]<\/p>\n","protected":false},"author":1,"featured_media":0,"parent":1393,"menu_order":5,"comment_status":"closed","ping_status":"closed","template":"","meta":{"_acf_changed":false,"footnotes":""},"categories":[46],"tags":[],"class_list":["post-1411","page","type-page","status-publish","hentry","category-czym-jest-migotanie-przedsionkow"],"acf":[],"_links":{"self":[{"href":"https:\/\/www.afibmatters.org\/pl\/wp-json\/wp\/v2\/pages\/1411","targetHints":{"allow":["GET"]}}],"collection":[{"href":"https:\/\/www.afibmatters.org\/pl\/wp-json\/wp\/v2\/pages"}],"about":[{"href":"https:\/\/www.afibmatters.org\/pl\/wp-json\/wp\/v2\/types\/page"}],"author":[{"embeddable":true,"href":"https:\/\/www.afibmatters.org\/pl\/wp-json\/wp\/v2\/users\/1"}],"replies":[{"embeddable":true,"href":"https:\/\/www.afibmatters.org\/pl\/wp-json\/wp\/v2\/comments?post=1411"}],"version-history":[{"count":4,"href":"https:\/\/www.afibmatters.org\/pl\/wp-json\/wp\/v2\/pages\/1411\/revisions"}],"predecessor-version":[{"id":5900,"href":"https:\/\/www.afibmatters.org\/pl\/wp-json\/wp\/v2\/pages\/1411\/revisions\/5900"}],"up":[{"embeddable":true,"href":"https:\/\/www.afibmatters.org\/pl\/wp-json\/wp\/v2\/pages\/1393"}],"wp:attachment":[{"href":"https:\/\/www.afibmatters.org\/pl\/wp-json\/wp\/v2\/media?parent=1411"}],"wp:term":[{"taxonomy":"category","embeddable":true,"href":"https:\/\/www.afibmatters.org\/pl\/wp-json\/wp\/v2\/categories?post=1411"},{"taxonomy":"post_tag","embeddable":true,"href":"https:\/\/www.afibmatters.org\/pl\/wp-json\/wp\/v2\/tags?post=1411"}],"curies":[{"name":"wp","href":"https:\/\/api.w.org\/{rel}","templated":true}]}}