{"id":1400,"date":"2020-03-03T11:56:36","date_gmt":"2020-03-03T11:56:36","guid":{"rendered":"https:\/\/www.afibmatters.org\/czym-jest-migotanie-przedsionkow\/serce-podczas-migotania-przedsionkow\/"},"modified":"2022-01-26T10:44:52","modified_gmt":"2022-01-26T10:44:52","slug":"serce-podczas-migotania-przedsionkow","status":"publish","type":"page","link":"https:\/\/www.afibmatters.org\/pl\/czym-jest-migotanie-przedsionkow\/serce-podczas-migotania-przedsionkow\/","title":{"rendered":"Serce podczas migotania przedsionk\u00f3w"},"content":{"rendered":"<p>Migotanie przedsionk\u00f3w to zaburzenie rytmu serca polegaj\u0105ce na bardzo szybkiej, nieskoordynowanej pracy przedsionk\u00f3w. Ze wzgl\u0119du na nieregularn\u0105 i szybk\u0105 aktywacj\u0119, si\u0142a skurczu mi\u0119\u015bnia przedsionk\u00f3w zmniejsza si\u0119, spowolniaj\u0105c przep\u0142yw krwi przez przedsionki, a nawet prowadz\u0105c do zastoju krwi.<\/p>\n<p><img loading=\"lazy\" decoding=\"async\" class=\"alignnone wp-image-5601 size-full\" src=\"https:\/\/cdn-endpoint-afib.azureedge.net\/afibmatters\/2022\/01\/Asset-18afib-POL-1024x667-min.jpg?_t=1643193886\" alt=\"\" width=\"1024\" height=\"667\" srcset=\"https:\/\/cdn-endpoint-afib.azureedge.net\/afibmatters\/2022\/01\/Asset-18afib-POL-1024x667-min.jpg 1024w, https:\/\/cdn-endpoint-afib.azureedge.net\/afibmatters\/2022\/01\/Asset-18afib-POL-1024x667-min-300x195.jpg 300w, https:\/\/cdn-endpoint-afib.azureedge.net\/afibmatters\/2022\/01\/Asset-18afib-POL-1024x667-min-768x500.jpg 768w, https:\/\/cdn-endpoint-afib.azureedge.net\/afibmatters\/2022\/01\/Asset-18afib-POL-1024x667-min-500x326.jpg 500w\" sizes=\"auto, (max-width: 1024px) 100vw, 1024px\" \/><\/p>\n<p>&nbsp;<\/p>\n","protected":false},"excerpt":{"rendered":"<p>Migotanie przedsionk\u00f3w to zaburzenie rytmu serca polegaj\u0105ce na bardzo szybkiej, nieskoordynowanej pracy przedsionk\u00f3w. Ze wzgl\u0119du na nieregularn\u0105 i szybk\u0105 aktywacj\u0119, si\u0142a skurczu mi\u0119\u015bnia przedsionk\u00f3w zmniejsza si\u0119, spowolniaj\u0105c przep\u0142yw krwi przez przedsionki, a nawet prowadz\u0105c do zastoju krwi. &nbsp;<\/p>\n","protected":false},"author":1,"featured_media":0,"parent":1393,"menu_order":4,"comment_status":"closed","ping_status":"closed","template":"","meta":{"_acf_changed":false,"footnotes":""},"categories":[46],"tags":[],"class_list":["post-1400","page","type-page","status-publish","hentry","category-czym-jest-migotanie-przedsionkow"],"acf":[],"_links":{"self":[{"href":"https:\/\/www.afibmatters.org\/pl\/wp-json\/wp\/v2\/pages\/1400","targetHints":{"allow":["GET"]}}],"collection":[{"href":"https:\/\/www.afibmatters.org\/pl\/wp-json\/wp\/v2\/pages"}],"about":[{"href":"https:\/\/www.afibmatters.org\/pl\/wp-json\/wp\/v2\/types\/page"}],"author":[{"embeddable":true,"href":"https:\/\/www.afibmatters.org\/pl\/wp-json\/wp\/v2\/users\/1"}],"replies":[{"embeddable":true,"href":"https:\/\/www.afibmatters.org\/pl\/wp-json\/wp\/v2\/comments?post=1400"}],"version-history":[{"count":3,"href":"https:\/\/www.afibmatters.org\/pl\/wp-json\/wp\/v2\/pages\/1400\/revisions"}],"predecessor-version":[{"id":5613,"href":"https:\/\/www.afibmatters.org\/pl\/wp-json\/wp\/v2\/pages\/1400\/revisions\/5613"}],"up":[{"embeddable":true,"href":"https:\/\/www.afibmatters.org\/pl\/wp-json\/wp\/v2\/pages\/1393"}],"wp:attachment":[{"href":"https:\/\/www.afibmatters.org\/pl\/wp-json\/wp\/v2\/media?parent=1400"}],"wp:term":[{"taxonomy":"category","embeddable":true,"href":"https:\/\/www.afibmatters.org\/pl\/wp-json\/wp\/v2\/categories?post=1400"},{"taxonomy":"post_tag","embeddable":true,"href":"https:\/\/www.afibmatters.org\/pl\/wp-json\/wp\/v2\/tags?post=1400"}],"curies":[{"name":"wp","href":"https:\/\/api.w.org\/{rel}","templated":true}]}}