{"id":6648,"date":"2022-03-24T10:49:08","date_gmt":"2022-03-24T10:49:08","guid":{"rendered":"https:\/\/www.afibmatters.org\/wat-moet-ik-weten\/hoe-voelt-het-als-u-last-heeft-van-atriumfibrilleren\/vermoeidheid\/"},"modified":"2022-03-24T10:49:08","modified_gmt":"2022-03-24T10:49:08","slug":"vermoeidheid","status":"publish","type":"page","link":"https:\/\/www.afibmatters.org\/nl\/wat-moet-ik-weten\/hoe-voelt-het-als-u-last-heeft-van-atriumfibrilleren\/vermoeidheid\/","title":{"rendered":"Vermoeidheid"},"content":{"rendered":"<p><img loading=\"lazy\" decoding=\"async\" class=\"alignnone wp-image-6357 size-full\" src=\"https:\/\/cdn-endpoint-afib.azureedge.net\/afibmatters\/2022\/03\/shutterstock_1018438789-1-min.jpg?_t=1646320214\" alt=\"\" width=\"900\" height=\"600\" srcset=\"https:\/\/cdn-endpoint-afib.azureedge.net\/afibmatters\/2022\/03\/shutterstock_1018438789-1-min.jpg 900w, https:\/\/cdn-endpoint-afib.azureedge.net\/afibmatters\/2022\/03\/shutterstock_1018438789-1-min-300x200.jpg 300w, https:\/\/cdn-endpoint-afib.azureedge.net\/afibmatters\/2022\/03\/shutterstock_1018438789-1-min-768x512.jpg 768w, https:\/\/cdn-endpoint-afib.azureedge.net\/afibmatters\/2022\/03\/shutterstock_1018438789-1-min-500x333.jpg 500w\" sizes=\"auto, (max-width: 900px) 100vw, 900px\" \/><\/p>\n<p>Een van de symptomen van atriumfibrilleren is vermoeidheid. Het is heel normaal dat u af en toe moe bent, maar als u voordurend, plotseling of aanhoudend uitgeput of moe bent, is verder onderzoek nodig.<\/p>\n<p>Gevoelens van vermoeidheid, uitputting, snel moe worden of een algemeen gebrek aan energie kunnen worden toegeschreven aan een breed scala aan onderliggende medische aandoeningen waarvan u zich mogelijk niet bewust bent. Veel voorkomende aandoeningen zijn anemie, vitamine D-insuffici\u00ebntie, schildklierproblemen en atriumfibrilleren.<\/p>\n<p>Vermoeidheid als gevolg van atriumfibrilleren wordt veroorzaakt door een snellere hartslag dan gebruikelijk en een onregelmatige hartslag. Dit leidt tot een gebrek aan co\u00f6rdinatie tussen de verschillende hartkamers, waardoor het pompen van bloed minder effici\u00ebnt wordt. Hierdoor wordt de toevoer van zuurstof naar organen be\u00efnvloed, wat het gevoel van uitputting veroorzaakt.<\/p>\n<p>Sommige medicijnen die uw arts voorschrijft, kunnen de vermoeidheid door atriumfibrilleren verlichten, maar de meest effici\u00ebnte behandeling is het herstellen van een normaal hartritme. Atriumfibrilleren kan soms onder controle worden gebracht met medicatie en\/of medische procedures die cardioversie en ablatie worden genoemd. De meeste pati\u00ebnten komen in aanmerking voor deze behandeling, maar er zijn bepaalde omstandigheden of comorbiditeiten die dergelijke pogingen zinloos zouden maken, waardoor ze over het algemeen worden vermeden.<\/p>\n<p>Klik op de link naar de volgende pagina&#8217;s om meer te weten te komen over deze behandelingen:<\/p>\n<ul>\n<li><a href=\"https:\/\/www.afibmatters.org\/what-can-my-doctor-do\/what-is-a-cardioversion\/\">&#8216;Wat is cardioversie?&#8217;<\/a><\/li>\n<li><a href=\"https:\/\/www.afibmatters.org\/what-can-my-doctor-do\/atrial-fibrillation-ablation\/\">&#8216;Wat is ablatie?&#8217;<\/a><\/li>\n<\/ul>\n","protected":false},"excerpt":{"rendered":"<p>Een van de symptomen van atriumfibrilleren is vermoeidheid. Het is heel normaal dat u af en toe moe bent, maar als u voordurend, plotseling of aanhoudend uitgeput of moe bent, is verder onderzoek nodig. Gevoelens van vermoeidheid, uitputting, snel moe worden of een algemeen gebrek aan energie kunnen worden toegeschreven aan een breed scala aan [&hellip;]<\/p>\n","protected":false},"author":1,"featured_media":0,"parent":2448,"menu_order":0,"comment_status":"closed","ping_status":"closed","template":"","meta":{"_acf_changed":false,"footnotes":""},"categories":[93],"tags":[],"class_list":["post-6648","page","type-page","status-publish","hentry","category-wat-moet-ik-weten"],"acf":[],"_links":{"self":[{"href":"https:\/\/www.afibmatters.org\/nl\/wp-json\/wp\/v2\/pages\/6648","targetHints":{"allow":["GET"]}}],"collection":[{"href":"https:\/\/www.afibmatters.org\/nl\/wp-json\/wp\/v2\/pages"}],"about":[{"href":"https:\/\/www.afibmatters.org\/nl\/wp-json\/wp\/v2\/types\/page"}],"author":[{"embeddable":true,"href":"https:\/\/www.afibmatters.org\/nl\/wp-json\/wp\/v2\/users\/1"}],"replies":[{"embeddable":true,"href":"https:\/\/www.afibmatters.org\/nl\/wp-json\/wp\/v2\/comments?post=6648"}],"version-history":[{"count":0,"href":"https:\/\/www.afibmatters.org\/nl\/wp-json\/wp\/v2\/pages\/6648\/revisions"}],"up":[{"embeddable":true,"href":"https:\/\/www.afibmatters.org\/nl\/wp-json\/wp\/v2\/pages\/2448"}],"wp:attachment":[{"href":"https:\/\/www.afibmatters.org\/nl\/wp-json\/wp\/v2\/media?parent=6648"}],"wp:term":[{"taxonomy":"category","embeddable":true,"href":"https:\/\/www.afibmatters.org\/nl\/wp-json\/wp\/v2\/categories?post=6648"},{"taxonomy":"post_tag","embeddable":true,"href":"https:\/\/www.afibmatters.org\/nl\/wp-json\/wp\/v2\/tags?post=6648"}],"curies":[{"name":"wp","href":"https:\/\/api.w.org\/{rel}","templated":true}]}}