{"id":2906,"date":"2020-06-05T10:14:21","date_gmt":"2020-06-05T09:14:21","guid":{"rendered":"https:\/\/www.afibmatters.org\/nuttige-links\/"},"modified":"2024-03-08T09:43:36","modified_gmt":"2024-03-08T09:43:36","slug":"nuttige-links","status":"publish","type":"page","link":"https:\/\/www.afibmatters.org\/nl\/nuttige-links\/","title":{"rendered":"Nuttige links"},"content":{"rendered":"<h3><a href=\"https:\/\/www.escardio.org\/Sub-specialty-communities\/European-Heart-Rhythm-Association-(EHRA)\/Advocacy\/find-my-ep\" target=\"_blank\" rel=\"noopener\">Vind mijn specialist<\/a><\/h3>\n<p>Browse door de EHRA-directory van EP-specialisten.<\/p>\n<p>&nbsp;<\/p>\n<h3><a href=\"https:\/\/www.myrhythmdevice.org\/\" target=\"_blank\" rel=\"noopener\">www.MyRhythmDevice.org<\/a><\/h3>\n<p>Bezoek de website van EHRA voor pati\u00ebnten met ge\u00efmplanteerde hartapparaten.<\/p>\n<p>&nbsp;<\/p>\n<h3><a href=\"https:\/\/www.healthy-heart.org\" target=\"_blank\" rel=\"noopener noreferrer\">www.Healthy-Heart.org<\/a><\/h3>\n<p>Betrouwbare antwoorden en betrouwbaar advies voor pati\u00ebnten over hoe ze hun hart kunnen beschermen, verstrekt door de European Society of Cardiology.<\/p>\n<p>&nbsp;<\/p>\n<h3><a href=\"https:\/\/www.heartfailurematters.org\" target=\"_blank\" rel=\"noopener noreferrer\">www.HeartFailureMatters.org<\/a><\/h3>\n<p>Praktische informatie over hartfalen voor pati\u00ebnten, families en verzorgers, verstrekt door de Heart Failure Association van de European Society of Cardiology.<\/p>\n<p>&nbsp;<\/p>\n<h3><a href=\"https:\/\/www.heartrhythmalliance.org\/aa\/uk\/news\/coronavirus-information-uk\" target=\"_blank\" rel=\"noopener noreferrer\">www.HeartRhythmAlliance.org<\/a><\/h3>\n<p>Arrhythmia Alliance en haar zusterorganisaties (AF Association en STARS &#8211; syncope trust) hebben COVID-19-specifieke middelen ontwikkeld voor pati\u00ebnten en professionals in de gezondheidszorg, in aanvulling op hun bestaande middelen met betrekking tot aritmie, behandelingen, beheer en vooral AF en syncope.<\/p>\n<p>&nbsp;<\/p>\n<h3><a href=\"https:\/\/www.escardio.org\/Sub-specialty-communities\/European-Heart-Rhythm-Association-(EHRA)\/Advocacy\/pulse-day\" target=\"_blank\" rel=\"noopener\">Dag van de polsslag<\/a><\/h3>\n<p>Werelddag voor bewustwording van aritmie<\/p>\n<p>&nbsp;<\/p>\n","protected":false},"excerpt":{"rendered":"<p>Vind mijn specialist Browse door de EHRA-directory van EP-specialisten. &nbsp; www.MyRhythmDevice.org Bezoek de website van EHRA voor pati\u00ebnten met ge\u00efmplanteerde hartapparaten. &nbsp; www.Healthy-Heart.org Betrouwbare antwoorden en betrouwbaar advies voor pati\u00ebnten over hoe ze hun hart kunnen beschermen, verstrekt door de European Society of Cardiology. &nbsp; www.HeartFailureMatters.org Praktische informatie over hartfalen voor pati\u00ebnten, families en verzorgers, [&hellip;]<\/p>\n","protected":false},"author":1,"featured_media":0,"parent":0,"menu_order":0,"comment_status":"closed","ping_status":"closed","template":"","meta":{"_acf_changed":false,"footnotes":""},"categories":[],"tags":[],"class_list":["post-2906","page","type-page","status-publish","hentry"],"acf":[],"_links":{"self":[{"href":"https:\/\/www.afibmatters.org\/nl\/wp-json\/wp\/v2\/pages\/2906","targetHints":{"allow":["GET"]}}],"collection":[{"href":"https:\/\/www.afibmatters.org\/nl\/wp-json\/wp\/v2\/pages"}],"about":[{"href":"https:\/\/www.afibmatters.org\/nl\/wp-json\/wp\/v2\/types\/page"}],"author":[{"embeddable":true,"href":"https:\/\/www.afibmatters.org\/nl\/wp-json\/wp\/v2\/users\/1"}],"replies":[{"embeddable":true,"href":"https:\/\/www.afibmatters.org\/nl\/wp-json\/wp\/v2\/comments?post=2906"}],"version-history":[{"count":5,"href":"https:\/\/www.afibmatters.org\/nl\/wp-json\/wp\/v2\/pages\/2906\/revisions"}],"predecessor-version":[{"id":9133,"href":"https:\/\/www.afibmatters.org\/nl\/wp-json\/wp\/v2\/pages\/2906\/revisions\/9133"}],"wp:attachment":[{"href":"https:\/\/www.afibmatters.org\/nl\/wp-json\/wp\/v2\/media?parent=2906"}],"wp:term":[{"taxonomy":"category","embeddable":true,"href":"https:\/\/www.afibmatters.org\/nl\/wp-json\/wp\/v2\/categories?post=2906"},{"taxonomy":"post_tag","embeddable":true,"href":"https:\/\/www.afibmatters.org\/nl\/wp-json\/wp\/v2\/tags?post=2906"}],"curies":[{"name":"wp","href":"https:\/\/api.w.org\/{rel}","templated":true}]}}