{"id":6723,"date":"2022-03-24T10:50:23","date_gmt":"2022-03-24T10:50:23","guid":{"rendered":"https:\/\/www.afibmatters.org\/cosa-posso-fare\/come-devo-cambiare-il-mio-stile-di-vita\/obesita\/"},"modified":"2022-03-24T10:50:23","modified_gmt":"2022-03-24T10:50:23","slug":"obesita","status":"publish","type":"page","link":"https:\/\/www.afibmatters.org\/it\/cosa-posso-fare\/come-devo-cambiare-il-mio-stile-di-vita\/obesita\/","title":{"rendered":"Obesit\u00e0"},"content":{"rendered":"<p><img loading=\"lazy\" decoding=\"async\" class=\"alignnone wp-image-6457 size-full\" src=\"https:\/\/cdn-endpoint-afib.azureedge.net\/afibmatters\/2022\/03\/shutterstock_1018836169-1-min.jpg?_t=1646320548\" alt=\"\" width=\"900\" height=\"600\" srcset=\"https:\/\/cdn-endpoint-afib.azureedge.net\/afibmatters\/2022\/03\/shutterstock_1018836169-1-min.jpg 900w, https:\/\/cdn-endpoint-afib.azureedge.net\/afibmatters\/2022\/03\/shutterstock_1018836169-1-min-300x200.jpg 300w, https:\/\/cdn-endpoint-afib.azureedge.net\/afibmatters\/2022\/03\/shutterstock_1018836169-1-min-768x512.jpg 768w, https:\/\/cdn-endpoint-afib.azureedge.net\/afibmatters\/2022\/03\/shutterstock_1018836169-1-min-500x333.jpg 500w\" sizes=\"auto, (max-width: 900px) 100vw, 900px\" \/><\/p>\n<p>Esiste una chiara correlazione tra obesit\u00e0 e fibrillazione atriale. Il rischio si intensifica con l&#8217;aumento dell&#8217;Indice di Massa Corporea (IMC = peso in chilogrammi diviso per l&#8217;altezza in metri al quadrato).<\/p>\n<p>Inoltre, l&#8217;obesit\u00e0 pu\u00f2 aumentare il rischio di complicazioni da fibrillazione atriale come eventi tromboembolici e ictus. L&#8217;obesit\u00e0 ha anche un&#8217;influenza negativa sul trattamento della fibrillazione atriale con ablazione. Il rischio di recidiva di fibrillazione atriale \u00e8 maggiore dopo una procedura di successo.<\/p>\n<p>Il sovrappeso aumenta anche la probabilit\u00e0 di insorgenza di fattori di rischio che sono singolarmente legati alla possibilit\u00e0 di sviluppare la fibrillazione atriale:<\/p>\n<ul>\n<li><strong>Aumento della pressione arteriosa (ipertensione)<\/strong><\/li>\n<\/ul>\n<p style=\"padding-left: 40px;\">I pazienti con ipertensione hanno un rischio maggiore di 1,7 volte di sviluppare la fibrillazione atriale. Inoltre, \u00e8 un fattore di rischio indipendente per lo sviluppo di tromboembolia a seguito di aritmia. Il trattamento dell&#8217;ipertensione non \u00e8 importante solo per prevenire la fibrillazione atriale, ma anche per ridurre il rischio di tromboembolia. Perdere peso fa parte della gestione dell&#8217;ipertensione.<\/p>\n<ul>\n<li><strong>Malattie vascolari e infarto miocardico<\/strong><\/li>\n<\/ul>\n<p style=\"padding-left: 40px;\">Il rischio di sviluppare la fibrillazione atriale aumenta del 60-77% nei pazienti che hanno avuto un infarto.<\/p>\n<ul>\n<li><strong>Diabete mellito<\/strong><\/li>\n<\/ul>\n<p style=\"padding-left: 40px;\">Gli episodi di fibrillazione atriale sono due volte pi\u00f9 alti nei pazienti con diabete. Come l&#8217;ipertensione, il diabete aumenta anche il rischio di sviluppare tromboembolia.<\/p>\n<ul>\n<li><strong>Apnea del sonno<\/strong><\/li>\n<\/ul>\n<p style=\"padding-left: 40px;\">I pazienti in sovrappeso hanno un maggiore rischio di sviluppare Apnea Ostruttiva del Sonno (OSA). A causa della chiusura della gola da parte di un eccesso di massa grassa, si crea una pausa respiratoria durante il sonno. Ne consegue un&#8217;influenza negativa sulla qualit\u00e0 del sonno. L&#8217;apnea del sonno \u00e8 anche associata a un maggiore rischio di mortalit\u00e0, eventi cardiovascolari e fibrillazione atriale. La probabilit\u00e0 di successo del trattamento di fibrillazione atriale (tramite farmaci o ablazione) \u00e8 inferiore nei pazienti con OSA. Pertanto, il trattamento dell&#8217;OSA consiste nella combinazione di CPAP (pressione positiva continua delle vie aeree) e perdita di peso.<\/p>\n<p>Data l&#8217;evidente correlazione tra l&#8217;obesit\u00e0 e il rischio di sviluppare la fibrillazione atriale, perdere peso \u00e8 un fattore importante nel trattamento di questa aritmia. Pu\u00f2 aiutare a evitare o a diminuire i trattamenti per la fibrillazione atriale. Nei pazienti sottoposti ad ablazione, riduce il rischio della procedura stessa e aumenta il tasso di successo.<\/p>\n","protected":false},"excerpt":{"rendered":"<p>Esiste una chiara correlazione tra obesit\u00e0 e fibrillazione atriale. Il rischio si intensifica con l&#8217;aumento dell&#8217;Indice di Massa Corporea (IMC = peso in chilogrammi diviso per l&#8217;altezza in metri al quadrato). Inoltre, l&#8217;obesit\u00e0 pu\u00f2 aumentare il rischio di complicazioni da fibrillazione atriale come eventi tromboembolici e ictus. L&#8217;obesit\u00e0 ha anche un&#8217;influenza negativa sul trattamento della [&hellip;]<\/p>\n","protected":false},"author":1,"featured_media":0,"parent":1534,"menu_order":11,"comment_status":"closed","ping_status":"closed","template":"","meta":{"_acf_changed":false,"footnotes":""},"categories":[65],"tags":[],"class_list":["post-6723","page","type-page","status-publish","hentry","category-cosa-posso-fare"],"acf":[],"_links":{"self":[{"href":"https:\/\/www.afibmatters.org\/it\/wp-json\/wp\/v2\/pages\/6723","targetHints":{"allow":["GET"]}}],"collection":[{"href":"https:\/\/www.afibmatters.org\/it\/wp-json\/wp\/v2\/pages"}],"about":[{"href":"https:\/\/www.afibmatters.org\/it\/wp-json\/wp\/v2\/types\/page"}],"author":[{"embeddable":true,"href":"https:\/\/www.afibmatters.org\/it\/wp-json\/wp\/v2\/users\/1"}],"replies":[{"embeddable":true,"href":"https:\/\/www.afibmatters.org\/it\/wp-json\/wp\/v2\/comments?post=6723"}],"version-history":[{"count":0,"href":"https:\/\/www.afibmatters.org\/it\/wp-json\/wp\/v2\/pages\/6723\/revisions"}],"up":[{"embeddable":true,"href":"https:\/\/www.afibmatters.org\/it\/wp-json\/wp\/v2\/pages\/1534"}],"wp:attachment":[{"href":"https:\/\/www.afibmatters.org\/it\/wp-json\/wp\/v2\/media?parent=6723"}],"wp:term":[{"taxonomy":"category","embeddable":true,"href":"https:\/\/www.afibmatters.org\/it\/wp-json\/wp\/v2\/categories?post=6723"},{"taxonomy":"post_tag","embeddable":true,"href":"https:\/\/www.afibmatters.org\/it\/wp-json\/wp\/v2\/tags?post=6723"}],"curies":[{"name":"wp","href":"https:\/\/api.w.org\/{rel}","templated":true}]}}