{"id":6703,"date":"2022-03-24T10:50:02","date_gmt":"2022-03-24T10:50:02","guid":{"rendered":"https:\/\/www.afibmatters.org\/cosa-posso-fare\/come-devo-cambiare-il-mio-stile-di-vita\/fumo\/"},"modified":"2022-03-24T10:50:02","modified_gmt":"2022-03-24T10:50:02","slug":"fumo","status":"publish","type":"page","link":"https:\/\/www.afibmatters.org\/it\/cosa-posso-fare\/come-devo-cambiare-il-mio-stile-di-vita\/fumo\/","title":{"rendered":"Fumo"},"content":{"rendered":"<h3><img loading=\"lazy\" decoding=\"async\" class=\"alignnone wp-image-6429 size-full\" src=\"https:\/\/cdn-endpoint-afib.azureedge.net\/afibmatters\/2022\/03\/shutterstock_1252774594-1-min.jpg?_t=1646320517\" alt=\"\" width=\"900\" height=\"600\" srcset=\"https:\/\/cdn-endpoint-afib.azureedge.net\/afibmatters\/2022\/03\/shutterstock_1252774594-1-min.jpg 900w, https:\/\/cdn-endpoint-afib.azureedge.net\/afibmatters\/2022\/03\/shutterstock_1252774594-1-min-300x200.jpg 300w, https:\/\/cdn-endpoint-afib.azureedge.net\/afibmatters\/2022\/03\/shutterstock_1252774594-1-min-768x512.jpg 768w, https:\/\/cdn-endpoint-afib.azureedge.net\/afibmatters\/2022\/03\/shutterstock_1252774594-1-min-500x333.jpg 500w\" sizes=\"auto, (max-width: 900px) 100vw, 900px\" \/><\/h3>\n<h3>Sigarette di tabacco<\/h3>\n<p>Il fumo \u00e8 il fattore di rischio pi\u00f9 importante ed evitabile per la salute in relazione alle malattie cardiache. Causa aterosclerosi (calcificazione vascolare) e restringimento delle arterie cardiache (coronarie), conducendo infine ad attacchi di cuore e morte cardiaca improvvisa.<\/p>\n<p>Inoltre, il fumo \u00e8 responsabile del 27% di tutti i tumori ed \u00e8 direttamente collegato a 700.000 decessi prematuri in Europa ogni anno. Nella maggior parte dei Paesi europei, il numero di fumatori ha ristagnato o \u00e8 diminuito negli ultimi decenni. Tuttavia, nel 2020, il 25% della popolazione europea nel complesso e fino al 29% dei giovani di et\u00e0 compresa tra i 15 e i 24 anni sono risultati fumatori.<\/p>\n<p>Al giorno d&#8217;oggi, nessuno ha bisogno di essere convinto di questi effetti negativi del fumo. Meno noto tra la popolazione generale \u00e8 che i fumatori abbiano un rischio chiaramente maggiore di fibrillazione atriale. A differenza dello sviluppo di malattie vascolari, il meccanismo attraverso il quale il fumo \u00e8 responsabile di questo fenomeno \u00e8 poco conosciuto. Tuttavia, \u00e8 chiaro che i fumatori hanno un rischio da 1,5 a 2 volte maggiore di sviluppare la fibrillazione atriale nel corso della loro vita rispetto ai non fumatori.<\/p>\n<p>Il rischio aumenta a seconda di quanto si fuma e del numero di anni in cui si ha fumato. Smettere di fumare riduce il rischio; tuttavia, tale rischio rimane ancora significativamente pi\u00f9 alto rispetto a chi non ha mai fumato. Quindi, il messaggio di fondo \u00e8: <strong>mai iniziare a fumare! <\/strong> <\/p>\n<p>Inoltre, il fumo contribuisce a condizioni che aumentano il rischio di fibrillazione atriale come alcune malattie polmonari (ad es. BPCO &#8211; broncopneumopatia cronica ostruttiva), apnea del sonno, cardiopatia ischemica e insufficienza cardiaca.<\/p>\n<p>Il trattamento di questi fattori di rischio fa parte della gestione della fibrillazione atriale. Smettere di fumare ha un effetto benefico su questi fattori di rischio e, di conseguenza, anche sulla prevenzione della fibrillazione atriale.<\/p>\n<p>\u00c8 inoltre risaputo che il fumo passivo aumenti il rischio di fibrillazione atriale. Il rischio si intensifica in modo significativo, soprattutto quando l&#8217;esposizione avviene in et\u00e0 pi\u00f9 giovane. Durante la gravidanza e durante l&#8217;infanzia, il fumo di seconda mano (o fumo passivo) \u00e8 associato a un aumento del rischio di fibrillazione atriale fino al 40%.<\/p>\n<p>&nbsp;<\/p>\n<h3>Sigarette elettroniche<\/h3>\n<p>Dal 2007, il numero dei fumatori di sigarette elettroniche \u00e8 notevolmente aumentato. Questo modo di fumare dovrebbe aiutare le persone a smettere completamente ed \u00e8 considerato pi\u00f9 sicuro rispetto alla classica sigaretta di tabacco. Questi dispositivi non contengono i prodotti tipici della combustione, come il nocivo monossido di carbonio, e altri importanti agenti cancerogeni.<\/p>\n<p>Tuttavia, mancano ancora ampi studi che esaminino l&#8217;effetto a lungo termine della sigaretta elettronica sulla salute cardiovascolare, compreso un possibile aumento del rischio di fibrillazione atriale.<\/p>\n<p>Nella letteratura scientifica, sono stati descritti alcuni casi in cui l&#8217;uso della sigaretta elettronica pu\u00f2 essere associato allo sviluppo di fibrillazione atriale. Ciononostante, i dati sono ancora limitati e non \u00e8 stato ancora dimostrato con certezza se questo possibile aumento del rischio sia correlato alla nicotina o ad altre sostanze nocive della sigaretta elettronica.<\/p>\n<p>Molte emissioni generate dalla sigaretta elettronica tramite la combinazione del riscaldamento di acqua, aromi, solventi e nicotina non sono ancora state studiate.<\/p>\n<p>&nbsp;<\/p>\n<h3>Terapia sostitutiva della nicotina<\/h3>\n<p>La nicotina \u00e8 il componente pi\u00f9 studiato fino ad oggi, ma il rapporto tra nicotina e fibrillazione atriale non \u00e8 ancora chiaro. Sono disponibili alcuni studi a breve termine sulla terapia sostitutiva della nicotina, come i cerotti alla nicotina. Tuttavia, ci\u00f2 non sembra indicare un evidente aumento del rischio di sviluppare la fibrillazione atriale.<\/p>\n","protected":false},"excerpt":{"rendered":"<p>Sigarette di tabacco Il fumo \u00e8 il fattore di rischio pi\u00f9 importante ed evitabile per la salute in relazione alle malattie cardiache. Causa aterosclerosi (calcificazione vascolare) e restringimento delle arterie cardiache (coronarie), conducendo infine ad attacchi di cuore e morte cardiaca improvvisa. Inoltre, il fumo \u00e8 responsabile del 27% di tutti i tumori ed \u00e8 [&hellip;]<\/p>\n","protected":false},"author":1,"featured_media":0,"parent":1534,"menu_order":9,"comment_status":"closed","ping_status":"closed","template":"","meta":{"_acf_changed":false,"footnotes":""},"categories":[65],"tags":[],"class_list":["post-6703","page","type-page","status-publish","hentry","category-cosa-posso-fare"],"acf":[],"_links":{"self":[{"href":"https:\/\/www.afibmatters.org\/it\/wp-json\/wp\/v2\/pages\/6703","targetHints":{"allow":["GET"]}}],"collection":[{"href":"https:\/\/www.afibmatters.org\/it\/wp-json\/wp\/v2\/pages"}],"about":[{"href":"https:\/\/www.afibmatters.org\/it\/wp-json\/wp\/v2\/types\/page"}],"author":[{"embeddable":true,"href":"https:\/\/www.afibmatters.org\/it\/wp-json\/wp\/v2\/users\/1"}],"replies":[{"embeddable":true,"href":"https:\/\/www.afibmatters.org\/it\/wp-json\/wp\/v2\/comments?post=6703"}],"version-history":[{"count":0,"href":"https:\/\/www.afibmatters.org\/it\/wp-json\/wp\/v2\/pages\/6703\/revisions"}],"up":[{"embeddable":true,"href":"https:\/\/www.afibmatters.org\/it\/wp-json\/wp\/v2\/pages\/1534"}],"wp:attachment":[{"href":"https:\/\/www.afibmatters.org\/it\/wp-json\/wp\/v2\/media?parent=6703"}],"wp:term":[{"taxonomy":"category","embeddable":true,"href":"https:\/\/www.afibmatters.org\/it\/wp-json\/wp\/v2\/categories?post=6703"},{"taxonomy":"post_tag","embeddable":true,"href":"https:\/\/www.afibmatters.org\/it\/wp-json\/wp\/v2\/tags?post=6703"}],"curies":[{"name":"wp","href":"https:\/\/api.w.org\/{rel}","templated":true}]}}