{"id":6670,"date":"2022-03-24T10:49:27","date_gmt":"2022-03-24T10:49:27","guid":{"rendered":"https:\/\/www.afibmatters.org\/cosa-posso-fare\/come-devo-cambiare-il-mio-stile-di-vita\/alcool\/"},"modified":"2022-03-24T10:49:27","modified_gmt":"2022-03-24T10:49:27","slug":"alcool","status":"publish","type":"page","link":"https:\/\/www.afibmatters.org\/it\/cosa-posso-fare\/come-devo-cambiare-il-mio-stile-di-vita\/alcool\/","title":{"rendered":"Alcool"},"content":{"rendered":"<p><img loading=\"lazy\" decoding=\"async\" class=\"alignnone wp-image-6400 size-full\" src=\"https:\/\/cdn-endpoint-afib.azureedge.net\/afibmatters\/2022\/03\/shutterstock_1671285592-1-min.jpg?_t=1646320271\" alt=\"\" width=\"900\" height=\"450\" srcset=\"https:\/\/cdn-endpoint-afib.azureedge.net\/afibmatters\/2022\/03\/shutterstock_1671285592-1-min.jpg 900w, https:\/\/cdn-endpoint-afib.azureedge.net\/afibmatters\/2022\/03\/shutterstock_1671285592-1-min-300x150.jpg 300w, https:\/\/cdn-endpoint-afib.azureedge.net\/afibmatters\/2022\/03\/shutterstock_1671285592-1-min-768x384.jpg 768w, https:\/\/cdn-endpoint-afib.azureedge.net\/afibmatters\/2022\/03\/shutterstock_1671285592-1-min-500x250.jpg 500w\" sizes=\"auto, (max-width: 900px) 100vw, 900px\" \/><\/p>\n<p>A molte persone piace consumare alcolici per rilassarsi con gli amici o a casa. Anche se bere alcolici occasionalmente o con moderazione costituisce un elemento apprezzato da molte persone all&#8217;interno del loro stile di vita, bere eccessivamente \u00e8 estremamente dannoso per la salute e per il proprio benessere.<\/p>\n<p>Qual \u00e8 l&#8217;effetto dell&#8217;alcool sul cuore? L&#8217;alcool \u00e8 un depressivo, il che significa che rallenta il controllo del cervello sul corpo. Bere troppo alcool pu\u00f2 causare aritmie cardiache, in particolare fibrillazione atriale, e pu\u00f2 deprimere il muscolo cardiaco, portando a insufficienza cardiaca. Pu\u00f2 anche aumentare la pressione arteriosa (cio\u00e8 provocare ipertensione).<\/p>\n<p>Inoltre, dato che l&#8217;alcool \u00e8 ricco di zuccheri, pu\u00f2 anche condurre a un aumento di peso che, a sua volta, intensifica il carico di lavoro per il cuore. L&#8217;aumento di peso pu\u00f2 anche portare al diabete e ad altre complicazioni.<br \/>\nSe la fibrillazione atriale viene diagnosticata a un individuo che consuma uno o due bicchieri di alcool, \u00e8 forse opportuno prendere in considerazione la possibilit\u00e0 di regolare il consumo di alcolici.<\/p>\n<p>&nbsp;<\/p>\n<h3>Rinunciare all&#8217;alcool<\/h3>\n<p>Sebbene sia allettante utilizzare l&#8217;alcool come strumento per affrontare le situazioni di stress o per rilassarsi (in particolare dopo aver ricevuto notizie preoccupanti), sarebbe opportuno trovare un altro modo per allentare la tensione. Ad esempio, esercizi di respirazione profonda, stretching, yoga o pilates.<\/p>\n<p>Se se ne ha la capacit\u00e0, sarebbe opportuno rinunciare all&#8217;alcool nel momento in cui la propria condizione cardiaca \u00e8 tenuta sotto controllo. Se non si riesce a smettere, si dovrebbe ridurre al minimo il consumo di alcool.<\/p>\n<p>Se si avverte la mancanza del gusto dell&#8217;alcool o del rituale del &#8220;bevo un bicchiere per rilassarmi&#8221;, perch\u00e9 non provare alcune alternative alla consueta bevanda alcolica, come birra e vino analcolici o un &#8220;mocktail&#8221;?<\/p>\n<p>Molti supermercati vendono un ottimo assortimento di bevande analcoliche ed \u00e8 possibile trovare online una vasta gamma di deliziose ricette per mocktail (o cocktail analcolici). Se rinunciare all&#8217;alcool risulta difficile e si convive con altre persone, quali un partner, amici stretti o familiari, si potrebbe chiedere loro un sostegno morale, tramite una rinuncia o una diminuzione da parte loro del consumo di alcool per un po&#8217;. \u00c8 possibile rivolgersi al proprio medico di base per chiedere consiglio sui servizi in zona che aiutano le persone a smettere di bere.<\/p>\n<p>Se la Sua aritmia cardiaca pu\u00f2 essere curata con farmaci o procedure note come cardioversione o ablazione, pu\u00f2 bere con moderazione o smettere comunque di bere.<\/p>\n<p>Per saperne di pi\u00f9 su queste procedure, faccia clic sul link alle seguenti pagine:<\/p>\n<ul>\n<li><a href=\"https:\/\/www.afibmatters.org\/what-can-my-doctor-do\/what-is-a-cardioversion\/\">&#8220;Cos&#8217;\u00e8 una cardioversione?&#8221;<\/a><\/li>\n<li><a href=\"https:\/\/www.afibmatters.org\/what-can-my-doctor-do\/atrial-fibrillation-ablation\/\">&#8220;Cos&#8217;\u00e8 un&#8217;ablazione?&#8221;<\/a><\/li>\n<\/ul>\n<p>&nbsp;<\/p>\n<h3>Guida al consumo di alcolici<\/h3>\n<p>Le attuali linee guida mediche suggeriscono che sia gli uomini che le donne non dovrebbero bere pi\u00f9 di 14 unit\u00e0 di alcool alla settimana (circa 2 litri e mezzo di birra di media gradazione, 10 bicchieri di vino a bassa gradazione o 14 misurini di alcolici).<\/p>\n<p>Se si desidera continuare a bere una volta che la propria condizione cardiaca sia stata curata o posta sotto controllo, \u00e8 importante farlo in maniera responsabile e integrarlo a una dieta sana e bilanciata, nonch\u00e9 a uno stile di vita attivo.<\/p>\n<p>Nella maggior parte dei casi, i pazienti con fibrillazione atriale devono assumere un anticoagulante per prevenire l&#8217;ictus. Se vengono prescritti farmaci che fluidificano il sangue come warfarin, eparina, apixaban, dabigatran, edoxaban o rivaroxaban per la fibrillazione atriale, il medico potrebbe consigliare di ridurre il consumo di alcool o di smettere del tutto di bere.<\/p>\n<p>Ci\u00f2 \u00e8 dovuto al fatto che l&#8217;alcool interagisce con i farmaci anticoagulanti, rendendoli meno o addirittura troppo efficaci. Il consumo di alcool pu\u00f2 anche far s\u00ec che l&#8217;organismo produca meno piastrine (le cellule del sangue che permettono al sangue di coagularsi), aumentando cos\u00ec l&#8217;effetto anticoagulante del warfarin, con conseguente rischio di sanguinamento interno o esterno.<\/p>\n","protected":false},"excerpt":{"rendered":"<p>A molte persone piace consumare alcolici per rilassarsi con gli amici o a casa. Anche se bere alcolici occasionalmente o con moderazione costituisce un elemento apprezzato da molte persone all&#8217;interno del loro stile di vita, bere eccessivamente \u00e8 estremamente dannoso per la salute e per il proprio benessere. Qual \u00e8 l&#8217;effetto dell&#8217;alcool sul cuore? L&#8217;alcool [&hellip;]<\/p>\n","protected":false},"author":1,"featured_media":0,"parent":1534,"menu_order":7,"comment_status":"closed","ping_status":"closed","template":"","meta":{"_acf_changed":false,"footnotes":""},"categories":[65],"tags":[],"class_list":["post-6670","page","type-page","status-publish","hentry","category-cosa-posso-fare"],"acf":[],"_links":{"self":[{"href":"https:\/\/www.afibmatters.org\/it\/wp-json\/wp\/v2\/pages\/6670","targetHints":{"allow":["GET"]}}],"collection":[{"href":"https:\/\/www.afibmatters.org\/it\/wp-json\/wp\/v2\/pages"}],"about":[{"href":"https:\/\/www.afibmatters.org\/it\/wp-json\/wp\/v2\/types\/page"}],"author":[{"embeddable":true,"href":"https:\/\/www.afibmatters.org\/it\/wp-json\/wp\/v2\/users\/1"}],"replies":[{"embeddable":true,"href":"https:\/\/www.afibmatters.org\/it\/wp-json\/wp\/v2\/comments?post=6670"}],"version-history":[{"count":0,"href":"https:\/\/www.afibmatters.org\/it\/wp-json\/wp\/v2\/pages\/6670\/revisions"}],"up":[{"embeddable":true,"href":"https:\/\/www.afibmatters.org\/it\/wp-json\/wp\/v2\/pages\/1534"}],"wp:attachment":[{"href":"https:\/\/www.afibmatters.org\/it\/wp-json\/wp\/v2\/media?parent=6670"}],"wp:term":[{"taxonomy":"category","embeddable":true,"href":"https:\/\/www.afibmatters.org\/it\/wp-json\/wp\/v2\/categories?post=6670"},{"taxonomy":"post_tag","embeddable":true,"href":"https:\/\/www.afibmatters.org\/it\/wp-json\/wp\/v2\/tags?post=6670"}],"curies":[{"name":"wp","href":"https:\/\/api.w.org\/{rel}","templated":true}]}}