{"id":6660,"date":"2022-03-24T10:49:16","date_gmt":"2022-03-24T10:49:16","guid":{"rendered":"https:\/\/www.afibmatters.org\/cosa-devo-sapere\/come-ci-si-sente-quando-si-ha-la-fibrillazione-atriale\/dolore-toracico\/"},"modified":"2022-03-24T10:49:16","modified_gmt":"2022-03-24T10:49:16","slug":"dolore-toracico","status":"publish","type":"page","link":"https:\/\/www.afibmatters.org\/it\/cosa-devo-sapere\/come-ci-si-sente-quando-si-ha-la-fibrillazione-atriale\/dolore-toracico\/","title":{"rendered":"Dolore toracico"},"content":{"rendered":"<p><img loading=\"lazy\" decoding=\"async\" class=\"alignnone wp-image-3635 size-large\" src=\"https:\/\/cdn-endpoint-afib.azureedge.net\/afibmatters\/2021\/06\/shutterstock_1720383349-2-1024x667.jpg?_t=1646320234\" alt=\"\" width=\"1024\" height=\"667\" srcset=\"https:\/\/cdn-endpoint-afib.azureedge.net\/afibmatters\/2021\/06\/shutterstock_1720383349-2-1024x667.jpg 1024w, https:\/\/cdn-endpoint-afib.azureedge.net\/afibmatters\/2021\/06\/shutterstock_1720383349-2-300x196.jpg 300w, https:\/\/cdn-endpoint-afib.azureedge.net\/afibmatters\/2021\/06\/shutterstock_1720383349-2-768x501.jpg 768w, https:\/\/cdn-endpoint-afib.azureedge.net\/afibmatters\/2021\/06\/shutterstock_1720383349-2-1536x1001.jpg 1536w, https:\/\/cdn-endpoint-afib.azureedge.net\/afibmatters\/2021\/06\/shutterstock_1720383349-2-2048x1335.jpg 2048w, https:\/\/cdn-endpoint-afib.azureedge.net\/afibmatters\/2021\/06\/shutterstock_1720383349-2-500x326.jpg 500w\" sizes=\"auto, (max-width: 1024px) 100vw, 1024px\" \/><\/p>\n<p>Il dolore toracico derivante da un problema cardiaco \u00e8 tipicamente descritto dai pazienti come un dolore sordo o lancinante al torace o come se qualcosa di pesante fosse stato posizionato al centro del torace. Talvolta pu\u00f2 estendersi fino alla mandibola e\/o al braccio sinistro ed \u00e8 chiamato anche angina.<\/p>\n<p>Una sensazione di bruciore nella parte superiore del ventre \u00e8 meno frequente e pu\u00f2 essere facilmente confusa con mal di pancia o indigestione. Inoltre, avvertire un dolore toracico acuto o lancinante, soprattutto se esacerbato durante l&#8217;inspirazione e l&#8217;espirazione, \u00e8 raramente correlato a un problema cardiaco.<\/p>\n<p>Pi\u00f9 comunemente, il dolore toracico correlato al cuore \u00e8 un sintomo di una malattia coronarica, in cui i vasi che forniscono sangue al muscolo cardiaco sono ristretti e non viene consegnato abbastanza ossigeno ai tessuti cardiaci. In tal caso, il dolore toracico si manifesta all&#8217;inizio e prevalentemente dopo uno sforzo considerevole. Con il passare del tempo, il dolore toracico viene provocato da uno sforzo sempre minore.<\/p>\n<p>Se persiste nonostante il riposo, potrebbe essere segno di infarto. In questo caso, \u00e8 necessario chiamare un&#8217;ambulanza.<\/p>\n<p>Il dolore toracico che si verifica durante la fibrillazione atriale ha le stesse caratteristiche. Tuttavia, ci\u00f2 accade durante gli episodi di fibrillazione atriale non provocati dall&#8217;esercizio fisico. Il dolore al petto pu\u00f2 essere l&#8217;unico sintomo di fibrillazione atriale, ma pi\u00f9 comunemente \u00e8 associato a palpitazioni, respiro corto e sensazione di battito cardiaco accelerato, e talvolta anche vertigini e svenimento.<\/p>\n<p>Pu\u00f2 essere una sensazione molto spiacevole e si dovrebbe consultare un medico con urgenza, anche chiamando un&#8217;ambulanza. Se il dolore toracico si verifica in modo intermittente e non \u00e8 associato ad altri sintomi, \u00e8 necessario consultare il proprio medico di famiglia. Il dottore pu\u00f2 consigliarLe di sottoporsi a un ECG (elettrocardiogramma) o a un nastro Holter (noto anche come nastro 24 ore\/ECG).<\/p>\n<p>Se curata subito, la fibrillazione atriale pu\u00f2 spesso essere tenuta sotto controllo tramite farmaci e, in molti casi, pu\u00f2 essere risolta temporaneamente o permanentemente sottoponendosi a procedure mediche, note come cardioversione e ablazione. La maggior parte dei pazienti sono idonei a questi trattamenti, ma ci sono alcune circostanze o comorbilit\u00e0 che renderebbero tali tentativi inutili, e, pertanto, sono generalmente evitati.<\/p>\n<p>Per saperne di pi\u00f9 su queste procedure, faccia clic sul link alle seguenti pagine: <a href=\"https:\/\/www.afibmatters.org\/what-can-my-doctor-do\/what-is-a-cardioversion\/\">&#8220;Cos&#8217;\u00e8 una cardioversione?&#8221;<\/a> e <a href=\"https:\/\/www.afibmatters.org\/what-can-my-doctor-do\/atrial-fibrillation-ablation\/\">&#8220;Cos&#8217;\u00e8 un&#8217;ablazione?&#8221;<\/a>.<\/p>\n","protected":false},"excerpt":{"rendered":"<p>Il dolore toracico derivante da un problema cardiaco \u00e8 tipicamente descritto dai pazienti come un dolore sordo o lancinante al torace o come se qualcosa di pesante fosse stato posizionato al centro del torace. Talvolta pu\u00f2 estendersi fino alla mandibola e\/o al braccio sinistro ed \u00e8 chiamato anche angina. Una sensazione di bruciore nella parte [&hellip;]<\/p>\n","protected":false},"author":1,"featured_media":0,"parent":1424,"menu_order":5,"comment_status":"closed","ping_status":"closed","template":"","meta":{"_acf_changed":false,"footnotes":""},"categories":[51],"tags":[],"class_list":["post-6660","page","type-page","status-publish","hentry","category-cosa-devo-sapere"],"acf":[],"_links":{"self":[{"href":"https:\/\/www.afibmatters.org\/it\/wp-json\/wp\/v2\/pages\/6660","targetHints":{"allow":["GET"]}}],"collection":[{"href":"https:\/\/www.afibmatters.org\/it\/wp-json\/wp\/v2\/pages"}],"about":[{"href":"https:\/\/www.afibmatters.org\/it\/wp-json\/wp\/v2\/types\/page"}],"author":[{"embeddable":true,"href":"https:\/\/www.afibmatters.org\/it\/wp-json\/wp\/v2\/users\/1"}],"replies":[{"embeddable":true,"href":"https:\/\/www.afibmatters.org\/it\/wp-json\/wp\/v2\/comments?post=6660"}],"version-history":[{"count":0,"href":"https:\/\/www.afibmatters.org\/it\/wp-json\/wp\/v2\/pages\/6660\/revisions"}],"up":[{"embeddable":true,"href":"https:\/\/www.afibmatters.org\/it\/wp-json\/wp\/v2\/pages\/1424"}],"wp:attachment":[{"href":"https:\/\/www.afibmatters.org\/it\/wp-json\/wp\/v2\/media?parent=6660"}],"wp:term":[{"taxonomy":"category","embeddable":true,"href":"https:\/\/www.afibmatters.org\/it\/wp-json\/wp\/v2\/categories?post=6660"},{"taxonomy":"post_tag","embeddable":true,"href":"https:\/\/www.afibmatters.org\/it\/wp-json\/wp\/v2\/tags?post=6660"}],"curies":[{"name":"wp","href":"https:\/\/api.w.org\/{rel}","templated":true}]}}