{"id":6646,"date":"2022-03-24T10:49:07","date_gmt":"2022-03-24T10:49:07","guid":{"rendered":"https:\/\/www.afibmatters.org\/cosa-devo-sapere\/come-ci-si-sente-quando-si-ha-la-fibrillazione-atriale\/affaticamento\/"},"modified":"2022-03-24T10:49:07","modified_gmt":"2022-03-24T10:49:07","slug":"affaticamento","status":"publish","type":"page","link":"https:\/\/www.afibmatters.org\/it\/cosa-devo-sapere\/come-ci-si-sente-quando-si-ha-la-fibrillazione-atriale\/affaticamento\/","title":{"rendered":"Affaticamento"},"content":{"rendered":"<p><img loading=\"lazy\" decoding=\"async\" class=\"alignnone wp-image-6357 size-full\" src=\"https:\/\/cdn-endpoint-afib.azureedge.net\/afibmatters\/2022\/03\/shutterstock_1018438789-1-min.jpg?_t=1646320214\" alt=\"\" width=\"900\" height=\"600\" srcset=\"https:\/\/cdn-endpoint-afib.azureedge.net\/afibmatters\/2022\/03\/shutterstock_1018438789-1-min.jpg 900w, https:\/\/cdn-endpoint-afib.azureedge.net\/afibmatters\/2022\/03\/shutterstock_1018438789-1-min-300x200.jpg 300w, https:\/\/cdn-endpoint-afib.azureedge.net\/afibmatters\/2022\/03\/shutterstock_1018438789-1-min-768x512.jpg 768w, https:\/\/cdn-endpoint-afib.azureedge.net\/afibmatters\/2022\/03\/shutterstock_1018438789-1-min-500x333.jpg 500w\" sizes=\"auto, (max-width: 900px) 100vw, 900px\" \/><\/p>\n<p>Uno dei sintomi della fibrillazione atriale \u00e8 l&#8217;affaticamento. Di certo \u00e8 normale sentirsi stanchi di tanto in tanto; tuttavia, se ci si sente stanchi o spossati tutto il tempo in maniera improvvisa o persistente, \u00e8 bene effettuare ulteriori accertamenti.<\/p>\n<p>Stanchezza, spossatezza, stancarsi con facilit\u00e0 o una generale mancanza di energie costituiscono sensazioni attribuibili a un&#8217;ampia gamma di condizioni mediche di base di cui potresti non essere a conoscenza. Le condizioni pi\u00f9 comuni includono anemia, insufficienza di vitamina D, problemi alla tiroide e fibrillazione atriale.<\/p>\n<p>La stanchezza derivante dalla fibrillazione atriale \u00e8 causata da un battito cardiaco pi\u00f9 veloce del solito e irregolare. Questo porta a una mancanza di coordinamento tra le diverse camere cardiache e a un conseguente pompaggio del sangue meno efficiente. Di conseguenza, l&#8217;apporto di ossigeno agli organi \u00e8 influenzato, generando cos\u00ec una sensazione di spossatezza.<\/p>\n<p>Alcuni farmaci prescritti dal medico possono aiutare ad alleviare l&#8217;affaticamento da fibrillazione atriale, ma il trattamento pi\u00f9 efficace \u00e8 il ripristino del normale ritmo cardiaco. Talvolta, la fibrillazione atriale pu\u00f2 essere tenuta sotto controllo con farmaci e\/o procedure mediche note come cardioversione e ablazione. La maggior parte dei pazienti sono idonei a questi trattamenti, ma ci sono alcune circostanze o comorbilit\u00e0 che renderebbero tali tentativi inutili, e, pertanto, sono generalmente evitati.<\/p>\n<p>Per saperne di pi\u00f9 su queste procedure, faccia clic sul link alle seguenti pagine:<\/p>\n<ul>\n<li><a href=\"https:\/\/www.afibmatters.org\/what-can-my-doctor-do\/what-is-a-cardioversion\/\">&#8220;Cos&#8217;\u00e8 una cardioversione?&#8221;<\/a><\/li>\n<li><a href=\"https:\/\/www.afibmatters.org\/what-can-my-doctor-do\/atrial-fibrillation-ablation\/\">&#8220;Cos&#8217;\u00e8 un&#8217;ablazione?&#8221;<\/a><\/li>\n<\/ul>\n","protected":false},"excerpt":{"rendered":"<p>Uno dei sintomi della fibrillazione atriale \u00e8 l&#8217;affaticamento. Di certo \u00e8 normale sentirsi stanchi di tanto in tanto; tuttavia, se ci si sente stanchi o spossati tutto il tempo in maniera improvvisa o persistente, \u00e8 bene effettuare ulteriori accertamenti. Stanchezza, spossatezza, stancarsi con facilit\u00e0 o una generale mancanza di energie costituiscono sensazioni attribuibili a un&#8217;ampia [&hellip;]<\/p>\n","protected":false},"author":1,"featured_media":0,"parent":1424,"menu_order":0,"comment_status":"closed","ping_status":"closed","template":"","meta":{"_acf_changed":false,"footnotes":""},"categories":[51],"tags":[],"class_list":["post-6646","page","type-page","status-publish","hentry","category-cosa-devo-sapere"],"acf":[],"_links":{"self":[{"href":"https:\/\/www.afibmatters.org\/it\/wp-json\/wp\/v2\/pages\/6646","targetHints":{"allow":["GET"]}}],"collection":[{"href":"https:\/\/www.afibmatters.org\/it\/wp-json\/wp\/v2\/pages"}],"about":[{"href":"https:\/\/www.afibmatters.org\/it\/wp-json\/wp\/v2\/types\/page"}],"author":[{"embeddable":true,"href":"https:\/\/www.afibmatters.org\/it\/wp-json\/wp\/v2\/users\/1"}],"replies":[{"embeddable":true,"href":"https:\/\/www.afibmatters.org\/it\/wp-json\/wp\/v2\/comments?post=6646"}],"version-history":[{"count":0,"href":"https:\/\/www.afibmatters.org\/it\/wp-json\/wp\/v2\/pages\/6646\/revisions"}],"up":[{"embeddable":true,"href":"https:\/\/www.afibmatters.org\/it\/wp-json\/wp\/v2\/pages\/1424"}],"wp:attachment":[{"href":"https:\/\/www.afibmatters.org\/it\/wp-json\/wp\/v2\/media?parent=6646"}],"wp:term":[{"taxonomy":"category","embeddable":true,"href":"https:\/\/www.afibmatters.org\/it\/wp-json\/wp\/v2\/categories?post=6646"},{"taxonomy":"post_tag","embeddable":true,"href":"https:\/\/www.afibmatters.org\/it\/wp-json\/wp\/v2\/tags?post=6646"}],"curies":[{"name":"wp","href":"https:\/\/api.w.org\/{rel}","templated":true}]}}