{"id":6625,"date":"2022-03-24T10:48:43","date_gmt":"2022-03-24T10:48:43","guid":{"rendered":"https:\/\/www.afibmatters.org\/cosa-devo-sapere\/come-ci-si-sente-quando-si-ha-la-fibrillazione-atriale\/palpitazioni\/"},"modified":"2022-03-29T15:08:07","modified_gmt":"2022-03-29T14:08:07","slug":"palpitazioni","status":"publish","type":"page","link":"https:\/\/www.afibmatters.org\/it\/cosa-devo-sapere\/come-ci-si-sente-quando-si-ha-la-fibrillazione-atriale\/palpitazioni\/","title":{"rendered":"Palpitazioni"},"content":{"rendered":"<p><img loading=\"lazy\" decoding=\"async\" class=\"alignnone wp-image-3635 size-large\" src=\"https:\/\/cdn-endpoint-afib.azureedge.net\/afibmatters\/2021\/06\/shutterstock_1720383349-2-1024x667.jpg?_t=1646320170\" alt=\"\" width=\"1024\" height=\"667\" srcset=\"https:\/\/cdn-endpoint-afib.azureedge.net\/afibmatters\/2021\/06\/shutterstock_1720383349-2-1024x667.jpg 1024w, https:\/\/cdn-endpoint-afib.azureedge.net\/afibmatters\/2021\/06\/shutterstock_1720383349-2-300x196.jpg 300w, https:\/\/cdn-endpoint-afib.azureedge.net\/afibmatters\/2021\/06\/shutterstock_1720383349-2-768x501.jpg 768w, https:\/\/cdn-endpoint-afib.azureedge.net\/afibmatters\/2021\/06\/shutterstock_1720383349-2-1536x1001.jpg 1536w, https:\/\/cdn-endpoint-afib.azureedge.net\/afibmatters\/2021\/06\/shutterstock_1720383349-2-2048x1335.jpg 2048w, https:\/\/cdn-endpoint-afib.azureedge.net\/afibmatters\/2021\/06\/shutterstock_1720383349-2-500x326.jpg 500w\" sizes=\"auto, (max-width: 1024px) 100vw, 1024px\" \/><\/p>\n<p>Uno dei motivi pi\u00f9 comuni per cui le persone si rivolgono al proprio medico \u00e8 la sensazione di consapevolezza del proprio battito cardiaco o palpitazioni. Tutti noi siamo consapevoli del nostro battito cardiaco di tanto in tanto, solitamente di pi\u00f9 dopo l&#8217;esercizio fisico, quando siamo nervosi, oppure quando \u00e8 in atto un&#8217;infezione. \u00c8 comprensibile che questi sintomi siano preoccupanti, ma \u00e8 importante ricordare che non costituiscono sempre una caratteristica delle malattie cardiache.<\/p>\n<p>Il termine palpitazione copre un&#8217;ampia gamma di ritmi cardiaci, compresa la consapevolezza di un ritmo cardiaco normale che pu\u00f2 sembrare pi\u00f9 forte o leggermente pi\u00f9 veloce del normale. Altri sintomi comuni includono la consapevolezza di un battito cardiaco irregolare: battito mancante, saltato, rallentato o anomalo.<\/p>\n<p>La sensazione di un battito cardiaco molto veloce, noto anche come &#8220;flutter&#8221; atriale o battito accelerato, \u00e8 molto meno comune. Nonostante ci siano diverse cause collegate a tali insorgenze, qui ci concentreremo su quelle associate alla fibrillazione atriale.<\/p>\n<p>Sebbene la consapevolezza di un cambiamento nel ritmo cardiaco sia una caratteristica importante della fibrillazione atriale, una percentuale significativa di individui potrebbe non essere a conoscenza di alcun cambiamento nel ritmo cardiaco. Al contrario, le persone potrebbero essere asintomatiche o manifestare altri sintomi come affanno, affaticamento, fastidio al torace o vertigini.<\/p>\n<p>Nell&#8217;era moderna degli smart-watch e dei fitness tracker, o quando si va in palestra, \u00e8 possibile ricevere un avviso di una potenziale anomalia del ritmo cardiaco di cui non si era a conoscenza. Questo spesso provoca grande ansia e va notato che questi dispositivi non sono sempre precisi poich\u00e9 hanno una soglia bassa per la segnalazione di anomalie.<\/p>\n<p>&nbsp;<\/p>\n<h3>Palpitazioni nella fibrillazione atriale<\/h3>\n<p>La caratteristica principale della fibrillazione atriale \u00e8 che il battito cardiaco \u00e8 irregolare: la pausa tra un battito e l&#8217;altro varia in modo imprevedibile dando origine ai termini &#8220;irregolarmente irregolare&#8221;. \u00c8 possibile essere consapevoli di questa sensazione di battito accelerato o anomalo e in particolar modo dei battiti pi\u00f9 forti che si verificano in modo irregolare.<\/p>\n<p>Lei o il Suo medico potreste essere in grado di rilevare questa irregolarit\u00e0 durante la misurazione del battito. Tuttavia, esistono altre cause legate a questa sensazione. Ad esempio, all&#8217;insorgenza dei sintomi, battiti prematuri o ectopici spesso rendono difficile effettuare una diagnosi definitiva senza una registrazione dell&#8217;attivit\u00e0 cardiaca (nota anche come elettrocardiogramma o ECG). Ci\u00f2 pu\u00f2 verificarsi anche quando la frequenza cardiaca \u00e8 particolarmente rapida e potrebbe essere impossibile per Lei o per il Suo medico determinare se il ritmo sia irregolare solo tramite misurazione del battito.<\/p>\n<p>Le palpitazioni dovute alla fibrillazione atriale possono essere &#8220;persistenti&#8221;. Ci\u00f2 significa che le palpitazioni continuano per sette giorni o pi\u00f9, (spesso fino a quando non viene eseguito un intervento medico, come la cardioversione, al fine di riportare il cuore a un ritmo normale), oppure si verifica un fenomeno &#8220;parossistico&#8221;, in cui le palpitazioni persistono ancora un po&#8217; prima che il cuore ritorni spontaneamente a un ritmo normale.<\/p>\n<p>Gli episodi di fibrillazione atriale, in particolare quando la frequenza cardiaca \u00e8 veloce, possono essere molto fastidiosi e invalidanti a causa della sola consapevolezza del ritmo o dei sintomi associati, come mancanza di respiro, vertigini, blackout o dolore toracico. Tali episodi richiedono un intervento medico tempestivo.<\/p>\n<p>Nei pazienti con fibrillazione atriale di lunga durata e con ritmo cardiaco &#8220;permanente&#8221;, la consapevolezza dell&#8217;irregolarit\u00e0 del cuore pu\u00f2 diminuire spontaneamente nel corso di un periodo di settimane o mesi, o con l&#8217;aiuto di un trattamento per controllare la frequenza cardiaca.<br \/>\nConsulto con il medico<\/p>\n<p>Prima di recarsi dal medico, \u00e8 utile tenere un diario dei sintomi, in particolare registrando tutte le caratteristiche associate, come dolore toracico o affanno, la loro durata e qualsiasi causa precipitante (ad esempio esercizio fisico, alcool o caffeina).<\/p>\n<p>Laddove la sensazione di percepire le palpitazioni sia continua, una diagnosi pu\u00f2 spesso essere fatta in clinica con una registrazione ECG a riposo. Tuttavia, laddove i sintomi siano intermittenti e assenti durante il controllo dal medico, potrebbe non essere possibile effettuare una diagnosi definitiva in questo modo.<\/p>\n<p><img loading=\"lazy\" decoding=\"async\" class=\"alignnone wp-image-6338 size-full\" src=\"https:\/\/cdn-endpoint-afib.azureedge.net\/afibmatters\/2022\/03\/shutterstock_1382268998-1-min.jpg?_t=1646320183\" alt=\"\" width=\"900\" height=\"601\" srcset=\"https:\/\/cdn-endpoint-afib.azureedge.net\/afibmatters\/2022\/03\/shutterstock_1382268998-1-min.jpg 900w, https:\/\/cdn-endpoint-afib.azureedge.net\/afibmatters\/2022\/03\/shutterstock_1382268998-1-min-300x200.jpg 300w, https:\/\/cdn-endpoint-afib.azureedge.net\/afibmatters\/2022\/03\/shutterstock_1382268998-1-min-768x513.jpg 768w, https:\/\/cdn-endpoint-afib.azureedge.net\/afibmatters\/2022\/03\/shutterstock_1382268998-1-min-500x334.jpg 500w\" sizes=\"auto, (max-width: 900px) 100vw, 900px\" \/><\/p>\n<p>La chiave per identificare la causa delle palpitazioni \u00e8 effettuare un ECG quando si verificano i sintomi. Pertanto, \u00e8 possibile ricevere un dispositivo di registrazione per documentare l&#8217;ECG quando si \u00e8 sintomatici.<\/p>\n<p>Laddove i sintomi siano pi\u00f9 rari, pu\u00f2 essere necessario l&#8217;impianto di un piccolo monitor sotto la pelle (noto come &#8220;Loop Recorder Impiantabile&#8221;, abbreviato ILR) al fine di monitorare la frequenza cardiaca per diversi anni o fino a quando i sintomi non si ripresentano.<\/p>\n","protected":false},"excerpt":{"rendered":"<p>Uno dei motivi pi\u00f9 comuni per cui le persone si rivolgono al proprio medico \u00e8 la sensazione di consapevolezza del proprio battito cardiaco o palpitazioni. Tutti noi siamo consapevoli del nostro battito cardiaco di tanto in tanto, solitamente di pi\u00f9 dopo l&#8217;esercizio fisico, quando siamo nervosi, oppure quando \u00e8 in atto un&#8217;infezione. \u00c8 comprensibile che [&hellip;]<\/p>\n","protected":false},"author":1,"featured_media":0,"parent":1424,"menu_order":3,"comment_status":"closed","ping_status":"closed","template":"","meta":{"_acf_changed":false,"footnotes":""},"categories":[51],"tags":[],"class_list":["post-6625","page","type-page","status-publish","hentry","category-cosa-devo-sapere"],"acf":[],"_links":{"self":[{"href":"https:\/\/www.afibmatters.org\/it\/wp-json\/wp\/v2\/pages\/6625","targetHints":{"allow":["GET"]}}],"collection":[{"href":"https:\/\/www.afibmatters.org\/it\/wp-json\/wp\/v2\/pages"}],"about":[{"href":"https:\/\/www.afibmatters.org\/it\/wp-json\/wp\/v2\/types\/page"}],"author":[{"embeddable":true,"href":"https:\/\/www.afibmatters.org\/it\/wp-json\/wp\/v2\/users\/1"}],"replies":[{"embeddable":true,"href":"https:\/\/www.afibmatters.org\/it\/wp-json\/wp\/v2\/comments?post=6625"}],"version-history":[{"count":2,"href":"https:\/\/www.afibmatters.org\/it\/wp-json\/wp\/v2\/pages\/6625\/revisions"}],"predecessor-version":[{"id":6887,"href":"https:\/\/www.afibmatters.org\/it\/wp-json\/wp\/v2\/pages\/6625\/revisions\/6887"}],"up":[{"embeddable":true,"href":"https:\/\/www.afibmatters.org\/it\/wp-json\/wp\/v2\/pages\/1424"}],"wp:attachment":[{"href":"https:\/\/www.afibmatters.org\/it\/wp-json\/wp\/v2\/media?parent=6625"}],"wp:term":[{"taxonomy":"category","embeddable":true,"href":"https:\/\/www.afibmatters.org\/it\/wp-json\/wp\/v2\/categories?post=6625"},{"taxonomy":"post_tag","embeddable":true,"href":"https:\/\/www.afibmatters.org\/it\/wp-json\/wp\/v2\/tags?post=6625"}],"curies":[{"name":"wp","href":"https:\/\/api.w.org\/{rel}","templated":true}]}}