{"id":6604,"date":"2022-03-24T10:48:13","date_gmt":"2022-03-24T10:48:13","guid":{"rendered":"https:\/\/www.afibmatters.org\/cosa-devo-sapere\/come-ci-si-sente-quando-si-ha-la-fibrillazione-atriale\/affanno\/"},"modified":"2022-03-29T14:58:10","modified_gmt":"2022-03-29T13:58:10","slug":"affanno","status":"publish","type":"page","link":"https:\/\/www.afibmatters.org\/it\/cosa-devo-sapere\/come-ci-si-sente-quando-si-ha-la-fibrillazione-atriale\/affanno\/","title":{"rendered":"Affanno"},"content":{"rendered":"<p><img loading=\"lazy\" decoding=\"async\" class=\"alignnone wp-image-6297 size-full\" src=\"https:\/\/cdn-endpoint-afib.azureedge.net\/afibmatters\/2022\/03\/shutterstock_2063929043-1-min.jpg?_t=1646320123\" alt=\"\" width=\"900\" height=\"600\" srcset=\"https:\/\/cdn-endpoint-afib.azureedge.net\/afibmatters\/2022\/03\/shutterstock_2063929043-1-min.jpg 900w, https:\/\/cdn-endpoint-afib.azureedge.net\/afibmatters\/2022\/03\/shutterstock_2063929043-1-min-300x200.jpg 300w, https:\/\/cdn-endpoint-afib.azureedge.net\/afibmatters\/2022\/03\/shutterstock_2063929043-1-min-768x512.jpg 768w, https:\/\/cdn-endpoint-afib.azureedge.net\/afibmatters\/2022\/03\/shutterstock_2063929043-1-min-500x333.jpg 500w\" sizes=\"auto, (max-width: 900px) 100vw, 900px\" \/><\/p>\n<p>L&#8217;affanno \u00e8 un sintomo molto comune nei soggetti cardiopatici. La sensazione pu\u00f2 essere descritta in modo diverso a seconda dell&#8217;individuo e delle sue circostanze, tra cui fiato corto, difficolt\u00e0 a respirare, pesantezza a respirare e, nei casi pi\u00f9 gravi, si verifica una sensazione come di lotta per il respiro, di fame d&#8217;aria o di annegamento. Il termine medico &#8220;dispnea&#8221; potrebbe anche essere utilizzato dal medico per descrivere l&#8217;affanno o mancanza di respiro.<\/p>\n<p>La sensazione di una stretta al petto, un fastidio o una costrizione a fascia al torace pu\u00f2 essere una caratteristica dell&#8217;affanno, tuttavia non \u00e8 molto specifica e aumenta la possibilit\u00e0 di angina (un tipo di dolore toracico causato dal ridotto flusso di sangue al muscolo cardiaco). \u00c8 essenziale essere in grado di descrivere gli episodi di affanno.<\/p>\n<p>Un&#8217;esperienza comune \u00e8 la sensazione di affanno quando si fanno sforzi fisici. Le attivit\u00e0 che vengono svolte normalmente e senza difficolt\u00e0 provocano una sensazione di affanno, proprio come quelle che richiedono uno sforzo fisico pi\u00f9 intenso. Ci\u00f2 potrebbe includere salire le scale o camminare in salita, fare giardinaggio o persino vestirsi.<\/p>\n<p>La comparsa pu\u00f2 essere molto graduale e, talvolta, con l&#8217;avanzare degli anni, l&#8217;aggravarsi delle condizioni fisiche o il sovrappeso, si tende a ignorare questa difficolt\u00e0 nel respiro. Tuttavia, un cambiamento nella respirazione osservato dai Suoi familiari o percepito da Lei se messo a confronto con i Suoi coetanei potrebbe essere rilevante.<\/p>\n<h3>Affanno a riposo e di notte<\/h3>\n<p>\u00c8 importante essere in grado di riconoscere questo grave affanno che si verifica anche a riposo e che pu\u00f2 essere associato a costrizione toracica o respiro sibilante (un sintomo pi\u00f9 comunemente associato ad asma o a una patologia polmonare).<\/p>\n<p>Una sensazione di affanno che si verifica la sera quando ci si sdraia, suggerendo l&#8217;uso di pi\u00f9 cuscini o di una sedia per dormire (nota anche come ortopnea), \u00e8 un&#8217;indicazione che la funzione del cuore \u00e8 stata significativamente compromessa e si dovrebbe cercare assistenza medica urgente.<\/p>\n<p>Svegliarsi di notte con gravi attacchi di affanno che peggiorano anche da in piedi o stando seduti sul bordo del letto (patologia nota anche come dispnea parossistica notturna) costituiscono episodi strettamente collegati e possono indicare la congestione o l&#8217;accumulo di liquidi nei polmoni (noto anche come edema polmonare).<\/p>\n<p>Tale congestione pu\u00f2 essere identificata dal medico tramite l&#8217;auscultazione dei polmoni o l&#8217;osservazione di una radiografia del torace. Questi sintomi non sono esclusivamente associati alla fibrillazione atriale e possono essere un sintomo di qualsiasi condizione in cui la funzione cardiaca \u00e8 compromessa.<\/p>\n<p>Una crescente e improvvisa sensazione di affanno pu\u00f2 anche essere notata quando il cuore passa da un iniziale ritmo normale alla fibrillazione atriale. Questa situazione pu\u00f2 verificarsi nell&#8217;arco di alcuni minuti o ore e potrebbe essere associata a palpitazioni o a una sensazione di battito cardiaco accelerato.<\/p>\n<p>L&#8217;affanno che si verifica a riposo pu\u00f2 essere doloroso e richieder\u00e0 un urgente consulto medico. Laddove la fibrillazione atriale sia intermittente, con una durata che varia da minuti a ore prima di tornare spontaneamente a un ritmo normale, il sintomo di affanno pu\u00f2 seguire uno schema simile e, all&#8217;interno di questi episodi, la respirazione pu\u00f2 anche essere normale.<\/p>\n<p>Quando si segnala questo sintomo al medico si dovrebbe prendere nota di quali fattori possono innescare l&#8217;affanno e di tutte le caratteristiche associate come sibilo, palpitazioni, consapevolezza del battito cardiaco accelerato o dolore toracico.<\/p>\n<p>\u00c8 importante rendersi conto che l&#8217;affanno \u00e8 un sintomo di molte condizioni mediche e che il medico dovr\u00e0 escludere altre cause come la malattia della valvola, la malattia del muscolo cardiaco, l&#8217;angina o altre condizioni mediche, anche se \u00e8 gi\u00e0 stata diagnosticata la fibrillazione atriale.<\/p>\n<p>Per questo motivo, pu\u00f2 essere necessaria una serie di <a href=\"https:\/\/www.afibmatters.org\/what-can-my-doctor-do\/useful-tests\/\">ulteriori accertamenti<\/a>, tra cui esami del sangue, ecocardiogramma, test di esercizio e test di funzionalit\u00e0 polmonare.<\/p>\n","protected":false},"excerpt":{"rendered":"<p>L&#8217;affanno \u00e8 un sintomo molto comune nei soggetti cardiopatici. La sensazione pu\u00f2 essere descritta in modo diverso a seconda dell&#8217;individuo e delle sue circostanze, tra cui fiato corto, difficolt\u00e0 a respirare, pesantezza a respirare e, nei casi pi\u00f9 gravi, si verifica una sensazione come di lotta per il respiro, di fame d&#8217;aria o di annegamento. [&hellip;]<\/p>\n","protected":false},"author":1,"featured_media":0,"parent":1424,"menu_order":1,"comment_status":"closed","ping_status":"closed","template":"","meta":{"_acf_changed":false,"footnotes":""},"categories":[51],"tags":[],"class_list":["post-6604","page","type-page","status-publish","hentry","category-cosa-devo-sapere"],"acf":[],"_links":{"self":[{"href":"https:\/\/www.afibmatters.org\/it\/wp-json\/wp\/v2\/pages\/6604","targetHints":{"allow":["GET"]}}],"collection":[{"href":"https:\/\/www.afibmatters.org\/it\/wp-json\/wp\/v2\/pages"}],"about":[{"href":"https:\/\/www.afibmatters.org\/it\/wp-json\/wp\/v2\/types\/page"}],"author":[{"embeddable":true,"href":"https:\/\/www.afibmatters.org\/it\/wp-json\/wp\/v2\/users\/1"}],"replies":[{"embeddable":true,"href":"https:\/\/www.afibmatters.org\/it\/wp-json\/wp\/v2\/comments?post=6604"}],"version-history":[{"count":2,"href":"https:\/\/www.afibmatters.org\/it\/wp-json\/wp\/v2\/pages\/6604\/revisions"}],"predecessor-version":[{"id":6883,"href":"https:\/\/www.afibmatters.org\/it\/wp-json\/wp\/v2\/pages\/6604\/revisions\/6883"}],"up":[{"embeddable":true,"href":"https:\/\/www.afibmatters.org\/it\/wp-json\/wp\/v2\/pages\/1424"}],"wp:attachment":[{"href":"https:\/\/www.afibmatters.org\/it\/wp-json\/wp\/v2\/media?parent=6604"}],"wp:term":[{"taxonomy":"category","embeddable":true,"href":"https:\/\/www.afibmatters.org\/it\/wp-json\/wp\/v2\/categories?post=6604"},{"taxonomy":"post_tag","embeddable":true,"href":"https:\/\/www.afibmatters.org\/it\/wp-json\/wp\/v2\/tags?post=6604"}],"curies":[{"name":"wp","href":"https:\/\/api.w.org\/{rel}","templated":true}]}}