{"id":1588,"date":"2020-03-03T12:01:05","date_gmt":"2020-03-03T12:01:05","guid":{"rendered":"https:\/\/www.afibmatters.org\/informativa-sulla-privacy\/"},"modified":"2022-01-14T14:57:26","modified_gmt":"2022-01-14T14:57:26","slug":"informativa-sulla-privacy","status":"publish","type":"page","link":"https:\/\/www.afibmatters.org\/it\/informativa-sulla-privacy\/","title":{"rendered":"Informativa sulla privacy"},"content":{"rendered":"<p>La Societ\u00e0 europea di cardiologia (European Society of Cardiology, ESC) si impegna a tutelare la privacy degli utenti online. Utilizziamo le informazioni raccolte per approfondire la nostra conoscenza dell&#8217;uso del sito e per migliorarlo di conseguenza.<\/p>\n<p>Si prega di leggere la seguente informativa per conoscere le modalit\u00e0 di trattamento delle informazioni. La presente informativa potrebbe occasionalmente subire modifiche pertanto si prega di rileggerla periodicamente.<\/p>\n<h3>QUALI INFORMAZIONI VENGONO RACCOLTE DALL&#8217;ESC?<\/h3>\n<p>L&#8217;ESC raccoglie le seguenti informazioni relative ai visitatori del sito web: quali pagine vengono visitate e quando, informazioni fornite volontariamente (per esempio con sondaggi).<\/p>\n<h3>COME VENGONO UTILIZZATE QUESTE INFORMAZIONI DALL&#8217;ESC?<\/h3>\n<p>L&#8217;ESC utilizza le informazioni raccolte per approfondire la propria conoscenza dell&#8217;uso del sito e per migliorarlo di conseguenza.<\/p>\n<p>L&#8217;ESC potrebbe occasionalmente rendere le informazioni in forma anonima (per esempio risultati dei sondaggi) disponibili a terze parti.<\/p>\n<h3>QUALI PRECAUZIONI DI SICUREZZA SONO IN VIGORE PER PROTEGGERE LA PERDITA, L&#8217;USO IMPROPRIO O LA MODIFICA DELLE INFORMAZIONI?<\/h3>\n<p>Sfortunatamente non \u00e8 possibile garantire al 100% la sicurezza di nessuna trasmissione di dati via Internet. L&#8217;ESC non pu\u00f2 assicurare o garantire la sicurezza di nessuna delle informazioni trasmesse dagli utenti, che pertanto le trasmettono a proprio rischio. Una volta ricevuta la trasmissione, metteremo in atto ogni azione mirata ad assicurare la sicurezza delle informazioni sui nostri sistemi.<\/p>\n<h3>USO DEI COOKIE<\/h3>\n<p>I cookie sono informazioni che un sito web trasferisce al disco fisso del computer dell&#8217;utente per tenere traccia di determinati dati. Si tratta di piccoli file di testo che un sito web pu\u00f2 utilizzare per riconoscere gli utenti che lo hanno gi\u00e0 visitato e facilitare l&#8217;accesso e l&#8217;utilizzo del sito quando verr\u00e0 nuovamente visitato. Non rappresentano una minaccia per il sistema o per i file dell&#8217;utente. L&#8217;uso dei cookie \u00e8 una pratica standard adottata da molti siti web per fornire funzionalit\u00e0 utili. I cookie di per s\u00e9 non identificano personalmente gli utenti, sebbene identifichino un computer. La maggior parte dei browser \u00e8 inizialmente impostata per accettare i cookie. \u00c8 tuttavia possibile impostare il proprio computer in modo da rifiutare i cookie.<\/p>\n<p><!-- OneTrust Cookies Settings button start --><br \/>\n<button id=\"ot-sdk-btn\" class=\"ot-sdk-show-settings\">Cookie Settings<\/button><br \/>\n<!-- OneTrust Cookies Settings button end --><\/p>\n<p><!-- OneTrust Cookies List start --><\/p>\n<div id=\"ot-sdk-cookie-policy\"><\/div>\n<p><!-- OneTrust Cookies List end --><\/p>\n","protected":false},"excerpt":{"rendered":"<p>La Societ\u00e0 europea di cardiologia (European Society of Cardiology, ESC) si impegna a tutelare la privacy degli utenti online. Utilizziamo le informazioni raccolte per approfondire la nostra conoscenza dell&#8217;uso del sito e per migliorarlo di conseguenza. Si prega di leggere la seguente informativa per conoscere le modalit\u00e0 di trattamento delle informazioni. La presente informativa potrebbe [&hellip;]<\/p>\n","protected":false},"author":1,"featured_media":0,"parent":0,"menu_order":0,"comment_status":"closed","ping_status":"open","template":"","meta":{"_acf_changed":false,"footnotes":""},"categories":[],"tags":[],"class_list":["post-1588","page","type-page","status-publish","hentry"],"acf":[],"_links":{"self":[{"href":"https:\/\/www.afibmatters.org\/it\/wp-json\/wp\/v2\/pages\/1588","targetHints":{"allow":["GET"]}}],"collection":[{"href":"https:\/\/www.afibmatters.org\/it\/wp-json\/wp\/v2\/pages"}],"about":[{"href":"https:\/\/www.afibmatters.org\/it\/wp-json\/wp\/v2\/types\/page"}],"author":[{"embeddable":true,"href":"https:\/\/www.afibmatters.org\/it\/wp-json\/wp\/v2\/users\/1"}],"replies":[{"embeddable":true,"href":"https:\/\/www.afibmatters.org\/it\/wp-json\/wp\/v2\/comments?post=1588"}],"version-history":[{"count":4,"href":"https:\/\/www.afibmatters.org\/it\/wp-json\/wp\/v2\/pages\/1588\/revisions"}],"predecessor-version":[{"id":5500,"href":"https:\/\/www.afibmatters.org\/it\/wp-json\/wp\/v2\/pages\/1588\/revisions\/5500"}],"wp:attachment":[{"href":"https:\/\/www.afibmatters.org\/it\/wp-json\/wp\/v2\/media?parent=1588"}],"wp:term":[{"taxonomy":"category","embeddable":true,"href":"https:\/\/www.afibmatters.org\/it\/wp-json\/wp\/v2\/categories?post=1588"},{"taxonomy":"post_tag","embeddable":true,"href":"https:\/\/www.afibmatters.org\/it\/wp-json\/wp\/v2\/tags?post=1588"}],"curies":[{"name":"wp","href":"https:\/\/api.w.org\/{rel}","templated":true}]}}