{"id":1584,"date":"2020-03-03T12:01:04","date_gmt":"2020-03-03T12:01:04","guid":{"rendered":"https:\/\/www.afibmatters.org\/informazioni-su-ehra-esc\/"},"modified":"2020-03-03T12:01:04","modified_gmt":"2020-03-03T12:01:04","slug":"informazioni-su-ehra-esc","status":"publish","type":"page","link":"https:\/\/www.afibmatters.org\/it\/informazioni-su-ehra-esc\/","title":{"rendered":"Informazioni su EHRA \/ ESC"},"content":{"rendered":"<h3>Informazioni sul sito web afibmatters.org<\/h3>\n<p>Il sito web afibmatters.org \u00e8 stato sviluppato dall&#8217;Associazione europea per il ritmo cardiaco della Societ\u00e0 Europea di Cardiologia (EHRA della ESC). Lo scopo di questo sito web \u00e8 quello di fornire informazioni chiare e affidabili, nonch\u00e9 consigli pratici, alle persone affette da fibrillazione atriale, alle loro famiglie e a chi li assiste. Migliorando la conoscenza e la comprensione della fibrillazione atriale speriamo che le persone che vivono con questa condizione possano gestire la propria salute con maggiore efficacia, cos\u00ec da poter vivere pi\u00f9 a lungo e in modo pi\u00f9 attivo.<\/p>\n<p>Le informazioni e i consigli contenuti in questo sito web sono pensati per integrare il supporto e le cure ricevute dal medico o da un altro professionista sanitario. Non rappresentano in alcun modo un sostituto a tali trattamenti.<\/p>\n<p>Qualora avesse commenti o feedback sul sito, la preghiamo di contattarci.<\/p>\n<h3>Informazioni sull&#8217;Associazione europea per il ritmo cardiaco<\/h3>\n<p>L&#8217;Associazione europea per il ritmo cardiaco (EHRA) \u00e8 un ramo registrato della Societ\u00e0 Europea di Cardiologia (ESC). \u00c8 stata fondata ufficialmente nel 2003 e conta oltre 2000 cardiologi e altri professionisti.<\/p>\n<p>La missione dell&#8217;EHRA \u00e8 migliorare la qualit\u00e0 della vita e ridurre i casi di morte cardiaca improvvisa limitando l&#8217;impatto delle aritmie cardiache.<\/p>\n<p>Per maggiori informazioni sull&#8217;EHRA, consulti <a href=\"https:\/\/www.escardio.org\/Sub-specialty-communities\/European-Heart-Rhythm-Association-%28EHRA%29\">il sito ufficiale della ESC.<\/a><\/p>\n<h3>Informazioni sulla Societ\u00e0 Europea di Cardiologia (ESC)<\/h3>\n<p>La Societ\u00e0 Europea di Cardiologia (ESC) rappresenta oltre 95.000 cardiologi professionisti, provenienti soprattutto dall&#8217;Europa e dal bacino del Mediterraneo, ma anche dal resto del mondo. La sua missione \u00e8 ridurre l&#8217;impatto delle malattie cardiovascolari.<\/p>\n<p>La ESC realizza questo obiettivo tramite una serie di attivit\u00e0 scientifiche ed educative, tra cui la coordinazione delle linee guida per la pratica clinica, corsi e iniziative didattiche, sondaggi paneuropei su specifiche aree patologiche e il Congresso ESC, il pi\u00f9 grande meeting medico annuale in Europa.<\/p>\n<p>Per maggiori informazioni sulla ESC, consulti <a href=\"https:\/\/www.escardio.org\/\">il suo sito ufficiale.<\/a><\/p>\n","protected":false},"excerpt":{"rendered":"<p>Informazioni sul sito web afibmatters.org Il sito web afibmatters.org \u00e8 stato sviluppato dall&#8217;Associazione europea per il ritmo cardiaco della Societ\u00e0 Europea di Cardiologia (EHRA della ESC). Lo scopo di questo sito web \u00e8 quello di fornire informazioni chiare e affidabili, nonch\u00e9 consigli pratici, alle persone affette da fibrillazione atriale, alle loro famiglie e a chi [&hellip;]<\/p>\n","protected":false},"author":1,"featured_media":0,"parent":0,"menu_order":28,"comment_status":"closed","ping_status":"closed","template":"","meta":{"_acf_changed":false,"footnotes":""},"categories":[],"tags":[],"class_list":["post-1584","page","type-page","status-publish","hentry"],"acf":[],"_links":{"self":[{"href":"https:\/\/www.afibmatters.org\/it\/wp-json\/wp\/v2\/pages\/1584","targetHints":{"allow":["GET"]}}],"collection":[{"href":"https:\/\/www.afibmatters.org\/it\/wp-json\/wp\/v2\/pages"}],"about":[{"href":"https:\/\/www.afibmatters.org\/it\/wp-json\/wp\/v2\/types\/page"}],"author":[{"embeddable":true,"href":"https:\/\/www.afibmatters.org\/it\/wp-json\/wp\/v2\/users\/1"}],"replies":[{"embeddable":true,"href":"https:\/\/www.afibmatters.org\/it\/wp-json\/wp\/v2\/comments?post=1584"}],"version-history":[{"count":0,"href":"https:\/\/www.afibmatters.org\/it\/wp-json\/wp\/v2\/pages\/1584\/revisions"}],"wp:attachment":[{"href":"https:\/\/www.afibmatters.org\/it\/wp-json\/wp\/v2\/media?parent=1584"}],"wp:term":[{"taxonomy":"category","embeddable":true,"href":"https:\/\/www.afibmatters.org\/it\/wp-json\/wp\/v2\/categories?post=1584"},{"taxonomy":"post_tag","embeddable":true,"href":"https:\/\/www.afibmatters.org\/it\/wp-json\/wp\/v2\/tags?post=1584"}],"curies":[{"name":"wp","href":"https:\/\/api.w.org\/{rel}","templated":true}]}}