{"id":1582,"date":"2020-03-03T12:01:04","date_gmt":"2020-03-03T12:01:04","guid":{"rendered":"https:\/\/www.afibmatters.org\/supporto-finanziario\/"},"modified":"2024-03-11T09:55:54","modified_gmt":"2024-03-11T09:55:54","slug":"supporto-finanziario","status":"publish","type":"page","link":"https:\/\/www.afibmatters.org\/it\/supporto-finanziario\/","title":{"rendered":"Supporto finanziario"},"content":{"rendered":"<h2>Scopra il sito e lo condivida con i Suoi pazienti<\/h2>\n<blockquote><p><strong>Aiuti i Suoi pazienti a comprendere la fibrillazione atriale, i segni, i sintomi e i trattamenti in arabo, cinese, olandese, inglese, francese, tedesco, italiano, spagnolo, svedese, polacco, portoghese e russo.<\/strong><\/p><\/blockquote>\n<p>Afibmatters.org \u00e8 un sito web educativo progettato da professionisti del settore sanitario e pazienti per le persone affette da fibrillazione atriale, per le loro famiglie e chi li assiste.<\/p>\n<p>Questo sito web, informativo e facile da usare, \u00e8 progettato per sensibilizzare il pubblico in merito alla fibrillazione atriale e all&#8217;importanza del suo corretto rilevamento e gestione. Offre una risorsa affidabile che pazienti e medici possono utilizzare come parte di un programma di trattamento.<\/p>\n<p>Il sito web \u00e8 sviluppato in termini semplici e di facile comprensione, \u00e8 semplice da usare ed \u00e8 compatibile con i dispositivi mobili.<\/p>\n<p>Qualora lo desiderasse, pu\u00f2 anche consultare il set di diapositive sulle <a href=\"https:\/\/www.escardio.org\/static_file\/Escardio\/Subspecialty\/EHRA\/Publications\/NOAC\/Slideset%20Patient%20value.pdf\">Tachiaritmie cardiache e i valori e le preferenze del paziente per la loro gestione.<\/a><\/p>\n\t\t\t\t\t\n","protected":false},"excerpt":{"rendered":"<p>Scopra il sito e lo condivida con i Suoi pazienti Aiuti i Suoi pazienti a comprendere la fibrillazione atriale, i segni, i sintomi e i trattamenti in arabo, cinese, olandese, inglese, francese, tedesco, italiano, spagnolo, svedese, polacco, portoghese e russo. Afibmatters.org \u00e8 un sito web educativo progettato da professionisti del settore sanitario e pazienti per [&hellip;]<\/p>\n","protected":false},"author":1,"featured_media":0,"parent":0,"menu_order":27,"comment_status":"closed","ping_status":"closed","template":"","meta":{"_acf_changed":false,"footnotes":""},"categories":[],"tags":[],"class_list":["post-1582","page","type-page","status-publish","hentry"],"acf":[],"_links":{"self":[{"href":"https:\/\/www.afibmatters.org\/it\/wp-json\/wp\/v2\/pages\/1582","targetHints":{"allow":["GET"]}}],"collection":[{"href":"https:\/\/www.afibmatters.org\/it\/wp-json\/wp\/v2\/pages"}],"about":[{"href":"https:\/\/www.afibmatters.org\/it\/wp-json\/wp\/v2\/types\/page"}],"author":[{"embeddable":true,"href":"https:\/\/www.afibmatters.org\/it\/wp-json\/wp\/v2\/users\/1"}],"replies":[{"embeddable":true,"href":"https:\/\/www.afibmatters.org\/it\/wp-json\/wp\/v2\/comments?post=1582"}],"version-history":[{"count":7,"href":"https:\/\/www.afibmatters.org\/it\/wp-json\/wp\/v2\/pages\/1582\/revisions"}],"predecessor-version":[{"id":9143,"href":"https:\/\/www.afibmatters.org\/it\/wp-json\/wp\/v2\/pages\/1582\/revisions\/9143"}],"wp:attachment":[{"href":"https:\/\/www.afibmatters.org\/it\/wp-json\/wp\/v2\/media?parent=1582"}],"wp:term":[{"taxonomy":"category","embeddable":true,"href":"https:\/\/www.afibmatters.org\/it\/wp-json\/wp\/v2\/categories?post=1582"},{"taxonomy":"post_tag","embeddable":true,"href":"https:\/\/www.afibmatters.org\/it\/wp-json\/wp\/v2\/tags?post=1582"}],"curies":[{"name":"wp","href":"https:\/\/api.w.org\/{rel}","templated":true}]}}