{"id":1566,"date":"2020-03-03T12:01:00","date_gmt":"2020-03-03T12:01:00","guid":{"rendered":"https:\/\/www.afibmatters.org\/come-devo-cambiare-il-mio-stile-di-vita\/potro-ottenere-unassicurazione-di-viaggio-se-ho-la-fibrillazione-atriale\/"},"modified":"2022-01-26T16:28:58","modified_gmt":"2022-01-26T16:28:58","slug":"potro-ottenere-unassicurazione-di-viaggio-se-ho-la-fibrillazione-atriale","status":"publish","type":"page","link":"https:\/\/www.afibmatters.org\/it\/cosa-posso-fare\/come-devo-cambiare-il-mio-stile-di-vita\/potro-ottenere-unassicurazione-di-viaggio-se-ho-la-fibrillazione-atriale\/","title":{"rendered":"Potr\u00f2 ottenere un&#8217;assicurazione di viaggio se ho la fibrillazione atriale?"},"content":{"rendered":"<p><img loading=\"lazy\" decoding=\"async\" class=\"alignnone wp-image-5914 size-full\" src=\"https:\/\/cdn-endpoint-afib.azureedge.net\/afibmatters\/2022\/01\/shutterstock_605436266-1536x1024-1-min.jpg?_t=1643214530\" alt=\"\" width=\"800\" height=\"533\" srcset=\"https:\/\/cdn-endpoint-afib.azureedge.net\/afibmatters\/2022\/01\/shutterstock_605436266-1536x1024-1-min.jpg 800w, https:\/\/cdn-endpoint-afib.azureedge.net\/afibmatters\/2022\/01\/shutterstock_605436266-1536x1024-1-min-300x200.jpg 300w, https:\/\/cdn-endpoint-afib.azureedge.net\/afibmatters\/2022\/01\/shutterstock_605436266-1536x1024-1-min-768x512.jpg 768w, https:\/\/cdn-endpoint-afib.azureedge.net\/afibmatters\/2022\/01\/shutterstock_605436266-1536x1024-1-min-500x333.jpg 500w\" sizes=\"auto, (max-width: 800px) 100vw, 800px\" \/><\/p>\n<p>S\u00ec, la maggior parte dei pazienti con fibrillazione atriale pu\u00f2 ottenere un&#8217;assicurazione di viaggio. Tuttavia, a volte pu\u00f2 richiedere un premio pi\u00f9 elevato (costo maggiore). Si rivolga ai fornitori di assicurazioni sanitarie. A volte pu\u00f2 essere utile contattare diverse compagnie di assicurazione sanitaria per trovare la soluzione pi\u00f9 conveniente.<\/p>\n<p>&nbsp;<\/p>\n<p>&nbsp;<\/p>\n","protected":false},"excerpt":{"rendered":"<p>S\u00ec, la maggior parte dei pazienti con fibrillazione atriale pu\u00f2 ottenere un&#8217;assicurazione di viaggio. Tuttavia, a volte pu\u00f2 richiedere un premio pi\u00f9 elevato (costo maggiore). Si rivolga ai fornitori di assicurazioni sanitarie. A volte pu\u00f2 essere utile contattare diverse compagnie di assicurazione sanitaria per trovare la soluzione pi\u00f9 conveniente. &nbsp; &nbsp;<\/p>\n","protected":false},"author":1,"featured_media":0,"parent":1534,"menu_order":25,"comment_status":"closed","ping_status":"closed","template":"","meta":{"_acf_changed":false,"footnotes":""},"categories":[65],"tags":[],"class_list":["post-1566","page","type-page","status-publish","hentry","category-cosa-posso-fare"],"acf":[],"_links":{"self":[{"href":"https:\/\/www.afibmatters.org\/it\/wp-json\/wp\/v2\/pages\/1566","targetHints":{"allow":["GET"]}}],"collection":[{"href":"https:\/\/www.afibmatters.org\/it\/wp-json\/wp\/v2\/pages"}],"about":[{"href":"https:\/\/www.afibmatters.org\/it\/wp-json\/wp\/v2\/types\/page"}],"author":[{"embeddable":true,"href":"https:\/\/www.afibmatters.org\/it\/wp-json\/wp\/v2\/users\/1"}],"replies":[{"embeddable":true,"href":"https:\/\/www.afibmatters.org\/it\/wp-json\/wp\/v2\/comments?post=1566"}],"version-history":[{"count":2,"href":"https:\/\/www.afibmatters.org\/it\/wp-json\/wp\/v2\/pages\/1566\/revisions"}],"predecessor-version":[{"id":5939,"href":"https:\/\/www.afibmatters.org\/it\/wp-json\/wp\/v2\/pages\/1566\/revisions\/5939"}],"up":[{"embeddable":true,"href":"https:\/\/www.afibmatters.org\/it\/wp-json\/wp\/v2\/pages\/1534"}],"wp:attachment":[{"href":"https:\/\/www.afibmatters.org\/it\/wp-json\/wp\/v2\/media?parent=1566"}],"wp:term":[{"taxonomy":"category","embeddable":true,"href":"https:\/\/www.afibmatters.org\/it\/wp-json\/wp\/v2\/categories?post=1566"},{"taxonomy":"post_tag","embeddable":true,"href":"https:\/\/www.afibmatters.org\/it\/wp-json\/wp\/v2\/tags?post=1566"}],"curies":[{"name":"wp","href":"https:\/\/api.w.org\/{rel}","templated":true}]}}