{"id":1555,"date":"2020-03-03T12:00:44","date_gmt":"2020-03-03T12:00:44","guid":{"rendered":"https:\/\/www.afibmatters.org\/dichiarazione-di-scopo-e-termini-duso\/"},"modified":"2020-03-03T12:00:44","modified_gmt":"2020-03-03T12:00:44","slug":"dichiarazione-di-scopo-e-termini-duso","status":"publish","type":"page","link":"https:\/\/www.afibmatters.org\/it\/dichiarazione-di-scopo-e-termini-duso\/","title":{"rendered":"Dichiarazione di scopo e termini d&#8217;uso"},"content":{"rendered":"<h2>MISSIONE DI QUESTO SITO:<\/h2>\n<p>Contribuire a migliorare la qualit\u00e0 della vita e della salute dei pazienti con la fibrillazione atriale.<br \/>\nAiutare i pazienti, le loro famiglie e chi li assiste a comprendere meglio la fibrillazione atriale.<br \/>\nTutti i consigli contenuti in questo sito sono conformi alle Linee guida europee (si vedano le Linee guida ESC sul trattamento della fibrillazione atriale qui).<a href=\"https:\/\/www.escardio.org\/Guidelines\/Clinical-Practice-Guidelines\/Atrial-Fibrillation-Management\"><\/a><\/p>\n<h3>1. Termini d&#8217;uso<\/h3>\n<p>Il sito afibmatters.org \u00e8 stato sviluppato dall&#8217;Associazione europea per il ritmo cardiaco della Societ\u00e0 Europea di Cardiologia (EHRA della ESC). L&#8217;Associazione europea per il ritmo cardiaco della ESC \u00e8 un ramo registrato della Societ\u00e0 Europea di Cardiologia (ESC). L&#8217;accesso e l&#8217;utilizzo di questo sito vengono offerti dalla ESC e sono soggetti ai seguenti termini d&#8217;uso:<\/p>\n<p>1. L&#8217;uso di questo sito implica l&#8217;accettazione di questi Termini d&#8217;uso a partire dalla data del Suo primo utilizzo.<\/p>\n<p>2. La ESC si riserva il diritto di modificare i presenti Termini d&#8217;uso in qualsiasi momento pubblicando tali modifiche online. L&#8217;uso continuato di questo sito dopo la pubblicazione delle modifiche implica l&#8217;accettazione da parte Sua del presente accordo come modificato.<\/p>\n<p>3. Lei accetta di utilizzare questo sito solo per scopi leciti e in modo tale che non violi i diritti o limiti o inibisca l&#8217;uso e il godimento del sito da parte di terze parti.<\/p>\n<h3>2. Disclaimer<\/h3>\n<p>1. In nessun caso la ESC sar\u00e0 responsabile nei confronti dell&#8217;utente o di chiunque altro per qualsiasi decisione presa o azione intrapresa facendo affidamento sulle informazioni contenute in o fornite attraverso l&#8217;uso di questo sito, n\u00e9 per eventuali danni accidentali, indiretti, speciali o consequenziali.<\/p>\n<p>2. Le informazioni contenute in questo sito hanno lo scopo di integrare il supporto e le cure fornite da professionisti sanitari qualificati. Questo sito non intende n\u00e9 suggerisce di essere un sostituto di pareri medici professionali o di cure mediche. \u00c8 necessario sempre richiedere il parere di un medico prima di iniziare (o interrompere) qualsiasi forma di trattamento medico. A tal fine, tutte le informazioni contenute all&#8217;interno del sito sono fornite esclusivamente a fini didattici.<\/p>\n<p>3. Bench\u00e9 la ESC abbia adottato tutte le precauzioni necessarie durante la compilazione di questo sito web, non pu\u00f2 verificare tutte le informazioni al fine di stabilirne la veridicit\u00e0, l&#8217;accuratezza, l&#8217;affidabilit\u00e0, la completezza e la pertinenza. La ESC declina ogni responsabilit\u00e0 per eventuali danni, inclusi, a titolo esemplificativo ma non esaustivo, danni indiretti o consequenziali, o eventuali danni o perdite di profitti derivati dall&#8217;uso o in relazione all&#8217;uso o mancato uso del sito, sia per contratto o per negligenza.<\/p>\n<p>4.La ESC o il personale affiliato o i collaboratori del sito declinano ogni responsabilit\u00e0 nei Suoi confronti, in qualit\u00e0 di visitatore del sito, o di qualsiasi altra persona o organismo, per qualsiasi decisione presa o azione intrapresa in fede alle informazioni contenute nel sito. Lei accetta che n\u00e9 la ESC, n\u00e9 il personale affiliato, n\u00e9 i collaboratori del sito saranno responsabili di eventuali danni (inclusi, a titolo esemplificativo ma non esaustivo, danni diretti, indiretti, accidentali, speciali o consequenziali) o della perdita di dati o di profitti, anche se l&#8217;EHRA della ESC o qualsiasi persona affiliata o collaboratore del sito \u00e8 stato informato delle possibilit\u00e0 di tale perdita.<\/p>\n<p>5. La ESC non garantisce che le funzioni tecniche contenute nei materiali presenti in questo sito siano prive di interruzioni o di errori, che i difetti vengano corretti, ovvero che questo sito o il server che lo rende disponibile sia privo di virus o bug o rappresenti la piena funzionalit\u00e0, accuratezza e affidabilit\u00e0 dei materiali.<\/p>\n<h3>3. Restrizioni sul copyright<\/h3>\n<p>1. Il sito web afibmatters.org \u00e8 di propriet\u00e0 della Societ\u00e0 Europea di Cardiologia (ESC). \u00c8 severamente vietato l&#8217;uso commerciale o la pubblicazione di tutti o parte degli articoli mostrati senza previa autorizzazione scritta da parte della ESC.<\/p>\n<p>I documenti presenti su questo sito possono essere copiati per uso personale e non commerciale solo a condizione che vengano copiate anche le indicazioni sulle fonti e sul copyright, che non vengano apportate modifiche e che il documento venga copiato nella sua interezza. Tuttavia, alcune foto e documenti sono stati pubblicati su questo sito web con l&#8217;autorizzazione dei rispettivi titolari del copyright (che non sono la ESC). Tutti i diritti di questi documenti sono riservati e il permesso di copiarli deve essere richiesto ai proprietari del copyright (le fonti sono indicate all&#8217;interno di questi documenti\/fotografie).<\/p>\n<p>2. Qualsiasi uso non approvato pu\u00f2 comportare azioni intraprese dalla ESC volte a richiedere la rimozione del materiale in questione dall&#8217;esposizione\/distribuzione e possibili azioni legali.<\/p>\n<p>3. Il sito web contiene link a siti gestiti da parti esterne alla ESC. Tali link sono forniti esclusivamente per comodit\u00e0 dell&#8217;utente. La ESC non controlla tali siti web e non \u00e8 responsabile del loro contenuto. L&#8217;inclusione da parte della ESC di link a tali siti web non implica alcuna approvazione del materiale contenuto in tali siti n\u00e9 associazione con i loro operatori. \u00c8 esclusiva responsabilit\u00e0 dell&#8217;utente valutare l&#8217;accuratezza e la completezza di qualsiasi informazione contenuta nei siti web di terzi, nonch\u00e9 il valore e l&#8217;integrit\u00e0 di qualsiasi bene e servizio offerto da tali siti web.<\/p>\n<p>Se i presenti Termini d&#8217;uso non vengono accettati nella loro interezza, l&#8217;uso di questo sito web deve essere interrotto immediatamente.<\/p>\n","protected":false},"excerpt":{"rendered":"<p>MISSIONE DI QUESTO SITO: Contribuire a migliorare la qualit\u00e0 della vita e della salute dei pazienti con la fibrillazione atriale. Aiutare i pazienti, le loro famiglie e chi li assiste a comprendere meglio la fibrillazione atriale. Tutti i consigli contenuti in questo sito sono conformi alle Linee guida europee (si vedano le Linee guida ESC [&hellip;]<\/p>\n","protected":false},"author":1,"featured_media":0,"parent":0,"menu_order":0,"comment_status":"closed","ping_status":"closed","template":"","meta":{"_acf_changed":false,"footnotes":""},"categories":[],"tags":[],"class_list":["post-1555","page","type-page","status-publish","hentry"],"acf":[],"_links":{"self":[{"href":"https:\/\/www.afibmatters.org\/it\/wp-json\/wp\/v2\/pages\/1555","targetHints":{"allow":["GET"]}}],"collection":[{"href":"https:\/\/www.afibmatters.org\/it\/wp-json\/wp\/v2\/pages"}],"about":[{"href":"https:\/\/www.afibmatters.org\/it\/wp-json\/wp\/v2\/types\/page"}],"author":[{"embeddable":true,"href":"https:\/\/www.afibmatters.org\/it\/wp-json\/wp\/v2\/users\/1"}],"replies":[{"embeddable":true,"href":"https:\/\/www.afibmatters.org\/it\/wp-json\/wp\/v2\/comments?post=1555"}],"version-history":[{"count":0,"href":"https:\/\/www.afibmatters.org\/it\/wp-json\/wp\/v2\/pages\/1555\/revisions"}],"wp:attachment":[{"href":"https:\/\/www.afibmatters.org\/it\/wp-json\/wp\/v2\/media?parent=1555"}],"wp:term":[{"taxonomy":"category","embeddable":true,"href":"https:\/\/www.afibmatters.org\/it\/wp-json\/wp\/v2\/categories?post=1555"},{"taxonomy":"post_tag","embeddable":true,"href":"https:\/\/www.afibmatters.org\/it\/wp-json\/wp\/v2\/tags?post=1555"}],"curies":[{"name":"wp","href":"https:\/\/api.w.org\/{rel}","templated":true}]}}