{"id":1534,"date":"2020-03-03T11:57:31","date_gmt":"2020-03-03T11:57:31","guid":{"rendered":"https:\/\/www.afibmatters.org\/come-devo-cambiare-il-mio-stile-di-vita\/"},"modified":"2022-03-24T10:48:15","modified_gmt":"2022-03-24T10:48:15","slug":"come-devo-cambiare-il-mio-stile-di-vita","status":"publish","type":"page","link":"https:\/\/www.afibmatters.org\/it\/cosa-posso-fare\/come-devo-cambiare-il-mio-stile-di-vita\/","title":{"rendered":"Come devo cambiare il mio stile di vita?"},"content":{"rendered":"<p>La maggior parte dei pazienti \u00e8 in grado di raggiungere una qualit\u00e0 di vita eccellente, seppur con alcune restrizioni. Il Suo medico sar\u00e0 in grado di guidarLa al raggiungimento dei Suoi obiettivi.<\/p>\n<h3>Attivit\u00e0 fisica<\/h3>\n<p><img loading=\"lazy\" decoding=\"async\" class=\"alignnone wp-image-5949 size-full\" src=\"https:\/\/cdn-endpoint-afib.azureedge.net\/afibmatters\/2022\/01\/iStock-905501696-1536x1024-1-min.jpg?_t=1643215295\" alt=\"\" width=\"800\" height=\"533\" srcset=\"https:\/\/cdn-endpoint-afib.azureedge.net\/afibmatters\/2022\/01\/iStock-905501696-1536x1024-1-min.jpg 800w, https:\/\/cdn-endpoint-afib.azureedge.net\/afibmatters\/2022\/01\/iStock-905501696-1536x1024-1-min-300x200.jpg 300w, https:\/\/cdn-endpoint-afib.azureedge.net\/afibmatters\/2022\/01\/iStock-905501696-1536x1024-1-min-768x512.jpg 768w, https:\/\/cdn-endpoint-afib.azureedge.net\/afibmatters\/2022\/01\/iStock-905501696-1536x1024-1-min-500x333.jpg 500w\" sizes=\"auto, (max-width: 800px) 100vw, 800px\" \/><\/p>\n<p>L&#8217;esercizio fisico moderato \u00e8 benefico per la maggior parte delle persone e aiuta a ridurre il rischio complessivo di malattie cardiache. Aiuta a regolare i ritmi biologici quotidiani, migliora il sonno, l&#8217;umore ed \u00e8 importante per il controllo del peso. Tuttavia, prima di iniziare qualsiasi programma di esercizio fisico, deve consultare il medico o un altro operatore sanitario qualificato per discutere del livello di attivit\u00e0 fisica che prevede di intraprendere, soprattutto se avverte intolleranza all&#8217;esercizio fisico.<\/p>\n<p>Deve evitare, per\u00f2, attivit\u00e0 fisiche troppo intense. Alcuni studi hanno dimostrato che il rischio di fibrillazione atriale \u00e8 maggiore negli atleti di resistenza, come i fondisti o i ciclisti. Quindi, i pazienti sono incoraggiati a praticare esercizio fisico di intensit\u00e0 leggera e moderata, evitando un eccesso di attivit\u00e0 fisica.<\/p>\n<p>&nbsp;<\/p>\n<p>Se si verifica un episodio di fibrillazione atriale durante l&#8217;esercizio fisico, deve smettere, sedersi e seguire le raccomandazioni del medico o richiedere assistenza sanitaria.<\/p>\n<p>Ci sono molte app e dispositivi indossabili (tracker di attivit\u00e0, smartwatch) disponibili per monitorare l&#8217;esercizio fisico, tra cui cardiofrequenzimetri, che contano passi e monitorano distanza o ritmo.<\/p>\n<h3>Alcool<\/h3>\n<p>Il consumo di alcool \u00e8 associato a un maggiore rischio di fibrillazione atriale con modalit\u00e0 dose-dipendente. Sebbene il consumo basso o moderato di alcool di solito non causi problemi nei pazienti con fibrillazione atriale, si raccomanda vivamente di evitarne un consumo eccessivo. Se si rende conto che l&#8217;assunzione di alcool, anche a basse dosi, innesca episodi di fibrillazione atriale, in generale dovrebbe evitarlo.<\/p>\n<p>Grandi quantit\u00e0 di alcool possono causare fibrillazione atriale e possono avere effetti su trattamenti di prevenzione di ictus mediante l&#8217;uso di anticoagulanti, in particolare per i pazienti che assumono antagonisti della vitamina K (come warfarin, acenocumarolo, ecc.). Un&#8217;eccessiva assunzione di alcool pu\u00f2 anche determinare un aumento del rischio di sanguinamento nei pazienti che assumono farmaci anticoagulanti. \u00c8 necessario essere onesti con il proprio medico riguardo il consumo giornaliero di alcool.<\/p>\n<p>Le raccomandazioni sull&#8217;assunzione di alcool variano da paese a paese, ma l&#8217;Organizzazione Mondiale della Sanit\u00e0 raccomanda di non consumarne pi\u00f9 di 2 unit\u00e0 standard al giorno.<br \/>\n<strong>Faccia clic qui per sapere quante unit\u00e0 ci sono in una bevanda.<\/strong><\/p>\n<p>Dovrebbe inoltre cercare di pianificare almeno 2 o 3 giorni a settimana senza alcool.<br \/>\n<a href=\"https:\/\/cdn-endpoint-afib.azureedge.net\/afibmatters\/2019\/12\/SENSIBLE-DRINKING-1.pdf\" target=\"_blank\" rel=\"noopener noreferrer\"><strong>Ulteriore lettura: linee guida sul consumo razionale di alcool (PDF)<\/strong><\/a><\/p>\n<p><a href=\"https:\/\/www.afibmatters.org\/what-can-i-do\/how-should-i-change-my-life\/alcohol-atrial-fibrillation-what-you-need-to-know\/\">Faccia clic qui per saperne di pi\u00f9 sull&#8217;alcool<\/a><\/p>\n<p>&nbsp;<\/p>\n<h3>Caffeina<\/h3>\n<p>Bere troppa caffeina potrebbe far salire la pressione sanguigna e aumentare la frequenza cardiaca (che potrebbe innescare fibrillazione atriale). Pertanto, si consiglia di limitare l&#8217;assunzione di caffeina a un livello moderato, ad esempio 2 o 3 tazze di caff\u00e8 al giorno.<\/p>\n<p><a href=\"https:\/\/www.afibmatters.org\/what-can-i-do\/how-should-i-change-my-life\/caffeine-atrial-fibrillation\/\">Faccia clic qui per saperne di pi\u00f9 sulla caffeina<\/a><\/p>\n<h3>Fumo<\/h3>\n<p>Nel caso della fibrillazione atriale, il fumo arreca danni aggiuntivi, in quanto fa battere il cuore pi\u00f9 forte e abbassa il livello di ossigeno nel sangue. Il medico Le consiglier\u00e0 vivamente di non fumare per il bene del suo stato di salute generale. Si rivolga al Suo medico di base.<\/p>\n<p><a href=\"https:\/\/www.afibmatters.org\/what-can-i-do\/how-should-i-change-my-life\/smoking\/\">Faccia clic qui per saperne di pi\u00f9 sul fumo<\/a><\/p>\n<h3>Perdita di peso<\/h3>\n<p>L&#8217;obesit\u00e0 \u00e8 strettamente legata allo sviluppo della fibrillazione atriale e aumenta la probabilit\u00e0 di recidiva della fibrillazione atriale dopo interventi come l&#8217;ablazione. La perdita di peso e la mancanza di fluttuazioni significative del peso migliorano il controllo della fibrillazione atriale e i suoi esiti dopo l&#8217;ablazione. I dati scientifici supportano in modo molto chiaro la raccomandazione della perdita di peso sia per la prevenzione che per la gestione della fibrillazione atriale. L&#8217;obiettivo primario nei pazienti obesi \u00e8 perdere il 10% del peso corporeo a breve termine.<\/p>\n<p><a href=\"https:\/\/www.afibmatters.org\/what-can-i-do\/how-should-i-change-my-life\/obesity\/\">Faccia clic qui per saperne di pi\u00f9 sull&#8217;obesit\u00e0<\/a><\/p>\n<h3>Stress<\/h3>\n<p>L&#8217;esperienza clinica collega lo stress a episodi di fibrillazione atriale, ma i dati degli studi clinici sono limitati. \u00c8 ragionevole pensare che mettere in atto delle pratiche per ridurre lo stress quotidiano (es. yoga, meditazione, tecniche di rilassamento, esercizio moderato) possa contribuire al controllo della fibrillazione atriale ed \u00e8 quindi consigliabile per il Suo stato generale di salute evitare lo stress il pi\u00f9 possibile.<\/p>\n<p><a href=\"https:\/\/www.afibmatters.org\/what-can-i-do\/how-should-i-change-my-life\/stress\/\">Faccia clic qui per saperne di pi\u00f9 sullo stress<\/a><\/p>\n<h3>Modifiche della dieta<\/h3>\n<p><img loading=\"lazy\" decoding=\"async\" class=\"alignnone wp-image-5961 size-full\" src=\"https:\/\/cdn-endpoint-afib.azureedge.net\/afibmatters\/2022\/01\/iStock-876656828-1536x1024-1-min.jpg?_t=1643215316\" alt=\"\" width=\"800\" height=\"533\" srcset=\"https:\/\/cdn-endpoint-afib.azureedge.net\/afibmatters\/2022\/01\/iStock-876656828-1536x1024-1-min.jpg 800w, https:\/\/cdn-endpoint-afib.azureedge.net\/afibmatters\/2022\/01\/iStock-876656828-1536x1024-1-min-300x200.jpg 300w, https:\/\/cdn-endpoint-afib.azureedge.net\/afibmatters\/2022\/01\/iStock-876656828-1536x1024-1-min-768x512.jpg 768w, https:\/\/cdn-endpoint-afib.azureedge.net\/afibmatters\/2022\/01\/iStock-876656828-1536x1024-1-min-500x333.jpg 500w\" sizes=\"auto, (max-width: 800px) 100vw, 800px\" \/><\/p>\n<p>Uno stile di vita sano e una dieta sana ed equilibrata sono importanti per tutti, ma in modo particolare per le persone con problemi cardiaci, come la fibrillazione atriale. Le consigliamo di seguire un&#8217;alimentazione sana ed equilibrata e di perdere peso in caso di sovrappeso.<\/p>\n<p>In caso di pressione alta, \u00e8 consigliabile consumare cibi a basso contenuto di sale (pu\u00f2 controllare le etichette degli alimenti) e non aggiungere sale durante la cottura o a tavola. Pu\u00f2 chiedere al medico se \u00e8 possibile sostituire il sale normale con sale di potassio (un altro tipo di sale che non provoca aumento della pressione sanguigna) o erbe naturali.<\/p>\n<p>La dieta \u00e8 particolarmente importante se sta assumendo particolari farmaci anticoagulanti (antagonisti della vitamina K). Questo perch\u00e9 alcuni alimenti, in particolare le verdure a foglia verde (lattuga, bietola, spinaci), contengono molta vitamina K, che rende queste compresse meno efficaci nel corpo. Scopra di pi\u00f9 sulla dieta per i pazienti che stanno assumendo warfarin o un antagonista della vitamina K.<br \/>\nSe sta assumendo integratori alimentari o medicinali a base di erbe come l&#8217;erba di San Giovanni, consulti il medico circa le possibili interazioni con il farmaco, in particolare i nuovi anticoagulanti (NAO).<\/p>\n<p>Si sconsiglia l&#8217;assunzione di olio di pesce per ridurre gli episodi di fibrillazione atriale.<\/p>\n<h3>Vita sessuale<\/h3>\n<p>Le persone che hanno avuto problemi di cuore spesso si preoccupano per la questione del sesso; potrebbero ridurre o smettere di fare sesso per il timore che possa portare a ulteriori problemi di cuore. Credono che fare sesso possa essere rischioso e pensano &#8220;Devo evitarlo&#8221; o &#8220;C&#8217;\u00e8 il rischio che mi ecciti troppo e questo potrebbe uccidermi.&#8221; Tali pensieri portano a stress inutile e ad ansia legata all&#8217;attivit\u00e0 sessuale.<br \/>\nLa buona notizia \u00e8 che per la maggior parte delle persone con problemi cardiaci, fare sesso \u00e8 sicuro e raccomandato dai medici. La pensi in questo modo: per un uomo o una donna nella media, fare sesso fa lavorare il cuore come una camminata costante di 20 minuti e avere un orgasmo \u00e8 come salire le scale. L&#8217;esercizio fisico fa bene al cuore e l&#8217;attivit\u00e0 sessuale \u00e8 solo un&#8217;altra forma di esercizio. Quindi, l&#8217;attivit\u00e0 sessuale regolare pu\u00f2 effettivamente far bene al cuore. Chieda consiglio al Suo medico, come nel caso dell&#8217;attivit\u00e0 fisica, soprattutto se sente intolleranza all&#8217;esercizio fisico.<\/p>\n<ul>\n<li>Il sesso fa bene al cuore.<\/li>\n<li>Il sesso allevia lo stress.<\/li>\n<li>Il sesso rafforza il sistema immunitario.<\/li>\n<\/ul>\n<p>&nbsp;<\/p>\n<h3>Guidare<\/h3>\n<p><img loading=\"lazy\" decoding=\"async\" class=\"alignnone wp-image-5973 size-full\" src=\"https:\/\/cdn-endpoint-afib.azureedge.net\/afibmatters\/2022\/01\/iStock-530258711-1536x1025-1-min.jpg?_t=1643215333\" alt=\"\" width=\"800\" height=\"534\" srcset=\"https:\/\/cdn-endpoint-afib.azureedge.net\/afibmatters\/2022\/01\/iStock-530258711-1536x1025-1-min.jpg 800w, https:\/\/cdn-endpoint-afib.azureedge.net\/afibmatters\/2022\/01\/iStock-530258711-1536x1025-1-min-300x200.jpg 300w, https:\/\/cdn-endpoint-afib.azureedge.net\/afibmatters\/2022\/01\/iStock-530258711-1536x1025-1-min-768x513.jpg 768w, https:\/\/cdn-endpoint-afib.azureedge.net\/afibmatters\/2022\/01\/iStock-530258711-1536x1025-1-min-500x334.jpg 500w\" sizes=\"auto, (max-width: 800px) 100vw, 800px\" \/><\/p>\n<p>La maggior parte dei pazienti con fibrillazione atriale \u00e8 in grado di guidare. Tuttavia, in caso di episodi di capogiro o svenimento, dovrebbe smettere di guidare e informare il Suo medico, in quanto questi sintomi possono essere correlati alla fibrillazione atriale.<\/p>\n<p>&nbsp;<\/p>\n<h3>Viaggiare<\/h3>\n<p><img loading=\"lazy\" decoding=\"async\" class=\"alignnone wp-image-5985 size-full\" src=\"https:\/\/cdn-endpoint-afib.azureedge.net\/afibmatters\/2022\/01\/iStock-891573112-1536x1024-1-min.jpg?_t=1643215352\" alt=\"\" width=\"800\" height=\"533\" srcset=\"https:\/\/cdn-endpoint-afib.azureedge.net\/afibmatters\/2022\/01\/iStock-891573112-1536x1024-1-min.jpg 800w, https:\/\/cdn-endpoint-afib.azureedge.net\/afibmatters\/2022\/01\/iStock-891573112-1536x1024-1-min-300x200.jpg 300w, https:\/\/cdn-endpoint-afib.azureedge.net\/afibmatters\/2022\/01\/iStock-891573112-1536x1024-1-min-768x512.jpg 768w, https:\/\/cdn-endpoint-afib.azureedge.net\/afibmatters\/2022\/01\/iStock-891573112-1536x1024-1-min-500x333.jpg 500w\" sizes=\"auto, (max-width: 800px) 100vw, 800px\" \/><\/p>\n<p>In generale, non vi sono motivi che impediscono a chi \u00e8 affetto da fibrillazione atriale di viaggiare (anche in aereo), ma sarebbe opportuno consultare il proprio medico. Si consiglia di viaggiare in modo confortevole ed evitare se possibile temperature estreme (caldo e freddo) e altitudini elevate.<br \/>\nPrima di pianificare qualsiasi vacanza \u00e8 opportuno che:<\/p>\n<ul>\n<li>&#8211; La sua fibrillazione atriale sia ben controllata e stabile.<\/li>\n<li>&#8211; Porti tutti i farmaci con s\u00e9 e si assicuri di non esaurire le compresse durante il viaggio.<\/li>\n<li>&#8211; Porti con s\u00e9 un riepilogo della sua anamnesi.<\/li>\n<li>&#8211; Organizzi con il Suo medico un piano d&#8217;azione nel caso in cui abbia un episodio di fibrillazione atriale mentre \u00e8 via.<\/li>\n<\/ul>\n<p>&nbsp;<\/p>\n","protected":false},"excerpt":{"rendered":"<p>La maggior parte dei pazienti \u00e8 in grado di raggiungere una qualit\u00e0 di vita eccellente, seppur con alcune restrizioni. Il Suo medico sar\u00e0 in grado di guidarLa al raggiungimento dei Suoi obiettivi. Attivit\u00e0 fisica L&#8217;esercizio fisico moderato \u00e8 benefico per la maggior parte delle persone e aiuta a ridurre il rischio complessivo di malattie cardiache. [&hellip;]<\/p>\n","protected":false},"author":1,"featured_media":0,"parent":1544,"menu_order":24,"comment_status":"closed","ping_status":"closed","template":"","meta":{"_acf_changed":false,"footnotes":""},"categories":[65],"tags":[],"class_list":["post-1534","page","type-page","status-publish","hentry","category-cosa-posso-fare"],"acf":[],"_links":{"self":[{"href":"https:\/\/www.afibmatters.org\/it\/wp-json\/wp\/v2\/pages\/1534","targetHints":{"allow":["GET"]}}],"collection":[{"href":"https:\/\/www.afibmatters.org\/it\/wp-json\/wp\/v2\/pages"}],"about":[{"href":"https:\/\/www.afibmatters.org\/it\/wp-json\/wp\/v2\/types\/page"}],"author":[{"embeddable":true,"href":"https:\/\/www.afibmatters.org\/it\/wp-json\/wp\/v2\/users\/1"}],"replies":[{"embeddable":true,"href":"https:\/\/www.afibmatters.org\/it\/wp-json\/wp\/v2\/comments?post=1534"}],"version-history":[{"count":3,"href":"https:\/\/www.afibmatters.org\/it\/wp-json\/wp\/v2\/pages\/1534\/revisions"}],"predecessor-version":[{"id":6608,"href":"https:\/\/www.afibmatters.org\/it\/wp-json\/wp\/v2\/pages\/1534\/revisions\/6608"}],"up":[{"embeddable":true,"href":"https:\/\/www.afibmatters.org\/it\/wp-json\/wp\/v2\/pages\/1544"}],"wp:attachment":[{"href":"https:\/\/www.afibmatters.org\/it\/wp-json\/wp\/v2\/media?parent=1534"}],"wp:term":[{"taxonomy":"category","embeddable":true,"href":"https:\/\/www.afibmatters.org\/it\/wp-json\/wp\/v2\/categories?post=1534"},{"taxonomy":"post_tag","embeddable":true,"href":"https:\/\/www.afibmatters.org\/it\/wp-json\/wp\/v2\/tags?post=1534"}],"curies":[{"name":"wp","href":"https:\/\/api.w.org\/{rel}","templated":true}]}}