{"id":1529,"date":"2020-03-03T11:57:13","date_gmt":"2020-03-03T11:57:13","guid":{"rendered":"https:\/\/www.afibmatters.org\/cosa-puo-fare-il-mio-medico\/come-prevenire-linsufficienza-cardiaca\/"},"modified":"2020-04-02T08:52:03","modified_gmt":"2020-04-02T07:52:03","slug":"come-prevenire-linsufficienza-cardiaca","status":"publish","type":"page","link":"https:\/\/www.afibmatters.org\/it\/cosa-puo-fare-il-mio-medico\/come-prevenire-linsufficienza-cardiaca\/","title":{"rendered":"Come prevenire l&#8217;insufficienza cardiaca"},"content":{"rendered":"<p>La frequenza cardiaca normale \u00e8 di 60-100 battiti al minuto a riposo. Quando si verifica fibrillazione atriale, la frequenza cardiaca pu\u00f2 aumentare fino a 150-180 battiti al minuto o pi\u00f9. Anche con un funzionamento cardiaco normale all&#8217;inizio, le alte frequenze cardiache a lungo andare possono danneggiare il cuore. Questa condizione \u00e8 nota con il nome di tachicardiomiopatia. Se il tentativo di ripristinare il ritmo sinusale non riesce o non \u00e8 attuabile, \u00e8 fondamentale rallentare la frequenza cardiaca.<\/p>\n<p>\u00c8 molto importante seguire il consiglio del medico e prendere i farmaci come prescritto.<\/p>\n<p>&nbsp;<\/p>\n<p>&nbsp;<\/p>\n","protected":false},"excerpt":{"rendered":"<p>La frequenza cardiaca normale \u00e8 di 60-100 battiti al minuto a riposo. Quando si verifica fibrillazione atriale, la frequenza cardiaca pu\u00f2 aumentare fino a 150-180 battiti al minuto o pi\u00f9. Anche con un funzionamento cardiaco normale all&#8217;inizio, le alte frequenze cardiache a lungo andare possono danneggiare il cuore. Questa condizione \u00e8 nota con il nome [&hellip;]<\/p>\n","protected":false},"author":1,"featured_media":0,"parent":1466,"menu_order":21,"comment_status":"closed","ping_status":"closed","template":"","meta":{"_acf_changed":false,"footnotes":""},"categories":[58],"tags":[],"class_list":["post-1529","page","type-page","status-publish","hentry","category-cosa-puo-fare-il-mio-medico"],"acf":[],"_links":{"self":[{"href":"https:\/\/www.afibmatters.org\/it\/wp-json\/wp\/v2\/pages\/1529","targetHints":{"allow":["GET"]}}],"collection":[{"href":"https:\/\/www.afibmatters.org\/it\/wp-json\/wp\/v2\/pages"}],"about":[{"href":"https:\/\/www.afibmatters.org\/it\/wp-json\/wp\/v2\/types\/page"}],"author":[{"embeddable":true,"href":"https:\/\/www.afibmatters.org\/it\/wp-json\/wp\/v2\/users\/1"}],"replies":[{"embeddable":true,"href":"https:\/\/www.afibmatters.org\/it\/wp-json\/wp\/v2\/comments?post=1529"}],"version-history":[{"count":1,"href":"https:\/\/www.afibmatters.org\/it\/wp-json\/wp\/v2\/pages\/1529\/revisions"}],"predecessor-version":[{"id":2296,"href":"https:\/\/www.afibmatters.org\/it\/wp-json\/wp\/v2\/pages\/1529\/revisions\/2296"}],"up":[{"embeddable":true,"href":"https:\/\/www.afibmatters.org\/it\/wp-json\/wp\/v2\/pages\/1466"}],"wp:attachment":[{"href":"https:\/\/www.afibmatters.org\/it\/wp-json\/wp\/v2\/media?parent=1529"}],"wp:term":[{"taxonomy":"category","embeddable":true,"href":"https:\/\/www.afibmatters.org\/it\/wp-json\/wp\/v2\/categories?post=1529"},{"taxonomy":"post_tag","embeddable":true,"href":"https:\/\/www.afibmatters.org\/it\/wp-json\/wp\/v2\/tags?post=1529"}],"curies":[{"name":"wp","href":"https:\/\/api.w.org\/{rel}","templated":true}]}}